{"id":76179,"date":"2022-05-14T14:05:40","date_gmt":"2022-05-14T12:49:04","guid":{"rendered":"https:\/\/coolbrandz.com\/product\/rawcat-superfood-bar-salted-caramel\/"},"modified":"2022-06-12T01:49:51","modified_gmt":"2022-06-11T23:49:51","slug":"rawcat-superfood-riegel-gesalzenes-karamell","status":"publish","type":"product","link":"https:\/\/coolbrandz.com\/de\/produkt\/rawcat-superfood-riegel-gesalzenes-karamell\/","title":{"rendered":"RAWCAT Superfood Riegel Gesalzenes Karamell &#8211; Box \u00e0 15 Riegel &#8211; EUR 25"},"content":{"rendered":"<p>RAWCAT Superfood Riegel Gesalzenes Karamell &#8211; Glutenfrei, vegan, laktosefrei, gentechnikfrei, zuckerfrei, rein pflanzlich &#8211; Box \u00e0 15 Riegel &#8211; EUR 25, Lieferung inklusive<\/p>\n<p>Die Firma <a href=\"https:\/\/rawcatbar.com\/?l=de\">RAWCAT<\/a> hat sich auf die Herstellung gesunder und nat\u00fcrlicher Produkte spezialisiert. Ihre funktionellen Riegel bestehen ausschlie\u00dflich aus nat\u00fcrlichen Zutaten wie N\u00fcssen, Fr\u00fcchten, Beeren und Superfoods. Angereichert mit Vitaminen, Mineralien und Ballaststoffen. Frei von Gluten, Laktose, zugesetztem Zucker, GVO, Farbstoffen oder Konservierungsmitteln. RAWCAT-Riegel vereinen gro\u00dfartigen Geschmack, einzigartiges Design, fairen Preis und hohe Qualit\u00e4t!<\/p>\n<p><strong>Produktzusammensetzung<\/strong><\/p>\n<p>Erdnussbutter<br \/>\nDattelpaste<br \/>\nCashew<br \/>\nKokoszucker<br \/>\nPuffreis<br \/>\nKakao<br \/>\nRosa Salz<\/p>\n<p><strong>N\u00e4hrwerte (52g)<\/strong><\/p>\n<p>Eiwei\u00df: 6,7 g<br \/>\nFett: 12,2 g<br \/>\nKohlenhydrate: 22,0 g<br \/>\nBallaststoffe: 2,7 g<br \/>\nSalz: 0,8 g<br \/>\nKalorien: 224\/940 kcal\/kJ<\/p>\n<p><strong>\u00dcber RAWCAT<\/strong><\/p>\n<p>RAWCAT ist eine junge Marke f\u00fcr Funktionsriegel aus der Ukraine. Ihre Mission ist es, euch gl\u00fccklicher und ges\u00fcnder zu machen. RAWCAT Produkte bestehen ausschlie\u00dflich aus nat\u00fcrlichen Zutaten wie N\u00fcsse, Fr\u00fcchte, Beeren und Superfoods. RAWCAT Riegel sind mit Vitaminen, Mineralien und Ballaststoffen angereichert. Sie sind frei von Farb- und Konservierungsstoffen.<\/p>\n<p>RAWCAT zeichnet sich durch eine stilvolle und attraktive Verpackung aus, die besonders f\u00fcr B2B-Kunden interessant ist, da sie den Verkauf am POS f\u00f6rdert. Mit der Katzenmaske und knalligen Neonfarben sind RAWCAT Boxen ein echter Hingucker. Innerhalb der Ukraine ist die Lieferung kostenlos; in Europa ist die Versandkostenpauschale praktischerweise im Verkaufspreis von 25 Euro enthalten.<\/p>\n<p>Funktionelle Riegel von RAWCAT enthalten keine Stabilisatoren oder Konservierungsstoffe und sind 9 Monate haltbar. Sie k\u00f6nnen bequem an einem trockenen, lichtgesch\u00fctzten Ort gelagert werden, eine Lagerung im K\u00fchlschrank ist nicht n\u00f6tig.<\/p>\n<p>RAWCAT-Riegel zeichnen sich durch reichhaltigen Geschmack und praktisches Format aus. Sie sind ein vollwertiger und gesunder Snack. Besonders beliebt bei der jungen, modernen Generation, die sich bevorzugt frei von Schadstoffen ern\u00e4hrt und sich um ihre Gesundheit k\u00fcmmert.<\/p>\n<p>In den letzten Jahren war ein allgemeiner Trend zu ges\u00fcnderer Ern\u00e4hrung und pflanzlichen Produkten zu beobachten. Daher ist es f\u00fcr Gesch\u00e4ftskunden sinnvoll, mit einer Marke wie RAWCAT zusammenzuarbeiten. Yoga- und Fitnessstudios, Caf\u00e9s und Imbissbuden, Convenience- oder Concept-Stores k\u00f6nnen alle davon profitieren, ihren Kunden eine Auswahl an gesunden Snacks anzubieten.<\/p>\n","protected":false},"excerpt":{"rendered":"<p>RAWCAT Superfood Riegel Gesalzenes Karamell &#8211; Glutenfrei, vegan, laktosefrei, gentechnikfrei, zuckerfrei, rein pflanzlich &#8211; Box \u00e0 15 Riegel &#8211; EUR 25, Lieferung inklusive<\/p>\n<p>Gesunde und nat\u00fcrliche Produkte. Funktionelle Riegel von RAWCAT bestehen ausschlie\u00dflich aus nat\u00fcrlichen Zutaten wie N\u00fcssen, Fr\u00fcchten, Beeren und Superfoods. Angereichert mit Vitaminen, Mineralien und Ballaststoffen. Frei von Gluten, Laktose, zugesetztem Zucker, GVO, Farbstoffen oder Konservierungsmitteln. RAWCAT-Riegel vereinen gro\u00dfartigen Geschmack, einzigartiges Aussehen, fairen Preis und hohe Qualit\u00e4t!<\/p>\n","protected":false},"featured_media":76139,"template":"","meta":{"_et_pb_use_builder":"","_et_pb_old_content":"","_et_gb_content_width":""},"product_brand":[],"product_cat":[148],"product_tag":[],"class_list":{"0":"post-76179","1":"product","2":"type-product","3":"status-publish","4":"has-post-thumbnail","6":"product_cat-zwischenmahlzeiten","8":"first","9":"outofstock","10":"purchasable","11":"product-type-simple"},"yoast_head":"<!-- This site is optimized with the Yoast SEO plugin v24.5 - https:\/\/yoast.com\/wordpress\/plugins\/seo\/ -->\n<title>RAWCAT Riegel Gesalzenes Karamell<\/title>\n<meta name=\"description\" content=\"RAWCAT Riegel Gesalzenes Karamell: Glutenfrei, vegan, laktosefrei, gentechnikfrei, zuckerfrei, rein pflanzlich - EUR 25\" \/>\n<meta name=\"robots\" content=\"index, follow, max-snippet:-1, max-image-preview:large, max-video-preview:-1\" \/>\n<link rel=\"canonical\" href=\"https:\/\/coolbrandz.com\/de\/produkt\/rawcat-superfood-riegel-gesalzenes-karamell\/\" \/>\n<meta property=\"og:locale\" content=\"de_DE\" \/>\n<meta property=\"og:type\" content=\"article\" \/>\n<meta property=\"og:title\" content=\"RAWCAT Riegel Gesalzenes Karamell\" \/>\n<meta property=\"og:description\" content=\"RAWCAT Riegel Gesalzenes Karamell: Glutenfrei, vegan, laktosefrei, gentechnikfrei, zuckerfrei, rein pflanzlich - EUR 25\" \/>\n<meta property=\"og:url\" content=\"https:\/\/coolbrandz.com\/de\/produkt\/rawcat-superfood-riegel-gesalzenes-karamell\/\" \/>\n<meta property=\"og:site_name\" content=\"Coolbrandz\" \/>\n<meta property=\"article:modified_time\" content=\"2022-06-11T23:49:51+00:00\" \/>\n<meta property=\"og:image\" content=\"https:\/\/coolbrandz.com\/wp-content\/uploads\/2022\/05\/RAWCAT-Bar-Salted-Caramel-Moskalenko-Box-Couple.jpg\" \/>\n\t<meta property=\"og:image:width\" content=\"875\" \/>\n\t<meta property=\"og:image:height\" content=\"1312\" \/>\n\t<meta property=\"og:image:type\" content=\"image\/jpeg\" \/>\n<meta name=\"twitter:card\" content=\"summary_large_image\" \/>\n<meta name=\"twitter:label1\" content=\"Gesch\u00e4tzte Lesezeit\" \/>\n\t<meta name=\"twitter:data1\" content=\"2\u00a0Minuten\" \/>\n<script type=\"application\/ld+json\" class=\"yoast-schema-graph\">{\"@context\":\"https:\/\/schema.org\",\"@graph\":[{\"@type\":\"WebPage\",\"@id\":\"https:\/\/coolbrandz.com\/de\/produkt\/rawcat-superfood-riegel-gesalzenes-karamell\/\",\"url\":\"https:\/\/coolbrandz.com\/de\/produkt\/rawcat-superfood-riegel-gesalzenes-karamell\/\",\"name\":\"RAWCAT Riegel Gesalzenes Karamell\",\"isPartOf\":{\"@id\":\"https:\/\/coolbrandz.com\/de\/#website\"},\"primaryImageOfPage\":{\"@id\":\"https:\/\/coolbrandz.com\/de\/produkt\/rawcat-superfood-riegel-gesalzenes-karamell\/#primaryimage\"},\"image\":{\"@id\":\"https:\/\/coolbrandz.com\/de\/produkt\/rawcat-superfood-riegel-gesalzenes-karamell\/#primaryimage\"},\"thumbnailUrl\":\"https:\/\/coolbrandz.com\/wp-content\/uploads\/2022\/05\/RAWCAT-Bar-Salted-Caramel-Moskalenko-Box-Couple.jpg\",\"datePublished\":\"2022-05-14T12:49:04+00:00\",\"dateModified\":\"2022-06-11T23:49:51+00:00\",\"description\":\"RAWCAT Riegel Gesalzenes Karamell: Glutenfrei, vegan, laktosefrei, gentechnikfrei, zuckerfrei, rein pflanzlich - EUR 25\",\"breadcrumb\":{\"@id\":\"https:\/\/coolbrandz.com\/de\/produkt\/rawcat-superfood-riegel-gesalzenes-karamell\/#breadcrumb\"},\"inLanguage\":\"de\",\"potentialAction\":[{\"@type\":\"ReadAction\",\"target\":[\"https:\/\/coolbrandz.com\/de\/produkt\/rawcat-superfood-riegel-gesalzenes-karamell\/\"]}]},{\"@type\":\"ImageObject\",\"inLanguage\":\"de\",\"@id\":\"https:\/\/coolbrandz.com\/de\/produkt\/rawcat-superfood-riegel-gesalzenes-karamell\/#primaryimage\",\"url\":\"https:\/\/coolbrandz.com\/wp-content\/uploads\/2022\/05\/RAWCAT-Bar-Salted-Caramel-Moskalenko-Box-Couple.jpg\",\"contentUrl\":\"https:\/\/coolbrandz.com\/wp-content\/uploads\/2022\/05\/RAWCAT-Bar-Salted-Caramel-Moskalenko-Box-Couple.jpg\",\"width\":875,\"height\":1312,\"caption\":\"RAWCAT Bar Salted Caramel Moskalenko Box Couple\"},{\"@type\":\"BreadcrumbList\",\"@id\":\"https:\/\/coolbrandz.com\/de\/produkt\/rawcat-superfood-riegel-gesalzenes-karamell\/#breadcrumb\",\"itemListElement\":[{\"@type\":\"ListItem\",\"position\":1,\"name\":\"Home\",\"item\":\"https:\/\/coolbrandz.com\/de\/\"},{\"@type\":\"ListItem\",\"position\":2,\"name\":\"Shop\",\"item\":\"https:\/\/coolbrandz.com\/shop\/\"},{\"@type\":\"ListItem\",\"position\":3,\"name\":\"RAWCAT Superfood Riegel Gesalzenes Karamell &#8211; Box \u00e0 15 Riegel &#8211; EUR 25\"}]},{\"@type\":\"WebSite\",\"@id\":\"https:\/\/coolbrandz.com\/de\/#website\",\"url\":\"https:\/\/coolbrandz.com\/de\/\",\"name\":\"Coolbrandz\",\"description\":\"Where cool people meet cool brands\",\"publisher\":{\"@id\":\"https:\/\/coolbrandz.com\/de\/#organization\"},\"potentialAction\":[{\"@type\":\"SearchAction\",\"target\":{\"@type\":\"EntryPoint\",\"urlTemplate\":\"https:\/\/coolbrandz.com\/de\/?s={search_term_string}\"},\"query-input\":{\"@type\":\"PropertyValueSpecification\",\"valueRequired\":true,\"valueName\":\"search_term_string\"}}],\"inLanguage\":\"de\"},{\"@type\":\"Organization\",\"@id\":\"https:\/\/coolbrandz.com\/de\/#organization\",\"name\":\"Coolbrandz\",\"alternateName\":\"coolbrandz.com\",\"url\":\"https:\/\/coolbrandz.com\/de\/\",\"logo\":{\"@type\":\"ImageObject\",\"inLanguage\":\"de\",\"@id\":\"https:\/\/coolbrandz.com\/de\/#\/schema\/logo\/image\/\",\"url\":\"http:\/\/coolbrandz.com\/wp-content\/uploads\/2023\/03\/logo_coolbrandz.png\",\"contentUrl\":\"http:\/\/coolbrandz.com\/wp-content\/uploads\/2023\/03\/logo_coolbrandz.png\",\"width\":279,\"height\":150,\"caption\":\"Coolbrandz\"},\"image\":{\"@id\":\"https:\/\/coolbrandz.com\/de\/#\/schema\/logo\/image\/\"}}]}<\/script>\n<!-- \/ Yoast SEO plugin. -->","yoast_head_json":{"title":"RAWCAT Riegel Gesalzenes Karamell","description":"RAWCAT Riegel Gesalzenes Karamell: Glutenfrei, vegan, laktosefrei, gentechnikfrei, zuckerfrei, rein pflanzlich - EUR 25","robots":{"index":"index","follow":"follow","max-snippet":"max-snippet:-1","max-image-preview":"max-image-preview:large","max-video-preview":"max-video-preview:-1"},"canonical":"https:\/\/coolbrandz.com\/de\/produkt\/rawcat-superfood-riegel-gesalzenes-karamell\/","og_locale":"de_DE","og_type":"article","og_title":"RAWCAT Riegel Gesalzenes Karamell","og_description":"RAWCAT Riegel Gesalzenes Karamell: Glutenfrei, vegan, laktosefrei, gentechnikfrei, zuckerfrei, rein pflanzlich - EUR 25","og_url":"https:\/\/coolbrandz.com\/de\/produkt\/rawcat-superfood-riegel-gesalzenes-karamell\/","og_site_name":"Coolbrandz","article_modified_time":"2022-06-11T23:49:51+00:00","og_image":[{"width":875,"height":1312,"url":"https:\/\/coolbrandz.com\/wp-content\/uploads\/2022\/05\/RAWCAT-Bar-Salted-Caramel-Moskalenko-Box-Couple.jpg","type":"image\/jpeg"}],"twitter_card":"summary_large_image","twitter_misc":{"Gesch\u00e4tzte Lesezeit":"2\u00a0Minuten"},"schema":{"@context":"https:\/\/schema.org","@graph":[{"@type":"WebPage","@id":"https:\/\/coolbrandz.com\/de\/produkt\/rawcat-superfood-riegel-gesalzenes-karamell\/","url":"https:\/\/coolbrandz.com\/de\/produkt\/rawcat-superfood-riegel-gesalzenes-karamell\/","name":"RAWCAT Riegel Gesalzenes Karamell","isPartOf":{"@id":"https:\/\/coolbrandz.com\/de\/#website"},"primaryImageOfPage":{"@id":"https:\/\/coolbrandz.com\/de\/produkt\/rawcat-superfood-riegel-gesalzenes-karamell\/#primaryimage"},"image":{"@id":"https:\/\/coolbrandz.com\/de\/produkt\/rawcat-superfood-riegel-gesalzenes-karamell\/#primaryimage"},"thumbnailUrl":"https:\/\/coolbrandz.com\/wp-content\/uploads\/2022\/05\/RAWCAT-Bar-Salted-Caramel-Moskalenko-Box-Couple.jpg","datePublished":"2022-05-14T12:49:04+00:00","dateModified":"2022-06-11T23:49:51+00:00","description":"RAWCAT Riegel Gesalzenes Karamell: Glutenfrei, vegan, laktosefrei, gentechnikfrei, zuckerfrei, rein pflanzlich - EUR 25","breadcrumb":{"@id":"https:\/\/coolbrandz.com\/de\/produkt\/rawcat-superfood-riegel-gesalzenes-karamell\/#breadcrumb"},"inLanguage":"de","potentialAction":[{"@type":"ReadAction","target":["https:\/\/coolbrandz.com\/de\/produkt\/rawcat-superfood-riegel-gesalzenes-karamell\/"]}]},{"@type":"ImageObject","inLanguage":"de","@id":"https:\/\/coolbrandz.com\/de\/produkt\/rawcat-superfood-riegel-gesalzenes-karamell\/#primaryimage","url":"https:\/\/coolbrandz.com\/wp-content\/uploads\/2022\/05\/RAWCAT-Bar-Salted-Caramel-Moskalenko-Box-Couple.jpg","contentUrl":"https:\/\/coolbrandz.com\/wp-content\/uploads\/2022\/05\/RAWCAT-Bar-Salted-Caramel-Moskalenko-Box-Couple.jpg","width":875,"height":1312,"caption":"RAWCAT Bar Salted Caramel Moskalenko Box Couple"},{"@type":"BreadcrumbList","@id":"https:\/\/coolbrandz.com\/de\/produkt\/rawcat-superfood-riegel-gesalzenes-karamell\/#breadcrumb","itemListElement":[{"@type":"ListItem","position":1,"name":"Home","item":"https:\/\/coolbrandz.com\/de\/"},{"@type":"ListItem","position":2,"name":"Shop","item":"https:\/\/coolbrandz.com\/shop\/"},{"@type":"ListItem","position":3,"name":"RAWCAT Superfood Riegel Gesalzenes Karamell &#8211; Box \u00e0 15 Riegel &#8211; EUR 25"}]},{"@type":"WebSite","@id":"https:\/\/coolbrandz.com\/de\/#website","url":"https:\/\/coolbrandz.com\/de\/","name":"Coolbrandz","description":"Where cool people meet cool brands","publisher":{"@id":"https:\/\/coolbrandz.com\/de\/#organization"},"potentialAction":[{"@type":"SearchAction","target":{"@type":"EntryPoint","urlTemplate":"https:\/\/coolbrandz.com\/de\/?s={search_term_string}"},"query-input":{"@type":"PropertyValueSpecification","valueRequired":true,"valueName":"search_term_string"}}],"inLanguage":"de"},{"@type":"Organization","@id":"https:\/\/coolbrandz.com\/de\/#organization","name":"Coolbrandz","alternateName":"coolbrandz.com","url":"https:\/\/coolbrandz.com\/de\/","logo":{"@type":"ImageObject","inLanguage":"de","@id":"https:\/\/coolbrandz.com\/de\/#\/schema\/logo\/image\/","url":"http:\/\/coolbrandz.com\/wp-content\/uploads\/2023\/03\/logo_coolbrandz.png","contentUrl":"http:\/\/coolbrandz.com\/wp-content\/uploads\/2023\/03\/logo_coolbrandz.png","width":279,"height":150,"caption":"Coolbrandz"},"image":{"@id":"https:\/\/coolbrandz.com\/de\/#\/schema\/logo\/image\/"}}]}},"_links":{"self":[{"href":"https:\/\/coolbrandz.com\/de\/wp-json\/wp\/v2\/product\/76179","targetHints":{"allow":["GET"]}}],"collection":[{"href":"https:\/\/coolbrandz.com\/de\/wp-json\/wp\/v2\/product"}],"about":[{"href":"https:\/\/coolbrandz.com\/de\/wp-json\/wp\/v2\/types\/product"}],"wp:featuredmedia":[{"embeddable":true,"href":"https:\/\/coolbrandz.com\/de\/wp-json\/wp\/v2\/media\/76139"}],"wp:attachment":[{"href":"https:\/\/coolbrandz.com\/de\/wp-json\/wp\/v2\/media?parent=76179"}],"wp:term":[{"taxonomy":"product_brand","embeddable":true,"href":"https:\/\/coolbrandz.com\/de\/wp-json\/wp\/v2\/product_brand?post=76179"},{"taxonomy":"product_cat","embeddable":true,"href":"https:\/\/coolbrandz.com\/de\/wp-json\/wp\/v2\/product_cat?post=76179"},{"taxonomy":"product_tag","embeddable":true,"href":"https:\/\/coolbrandz.com\/de\/wp-json\/wp\/v2\/product_tag?post=76179"}],"curies":[{"name":"wp","href":"https:\/\/api.w.org\/{rel}","templated":true}]}}