{"id":76201,"date":"2022-05-09T15:14:39","date_gmt":"2022-05-15T15:36:18","guid":{"rendered":"https:\/\/coolbrandz.com\/?p=76201"},"modified":"2022-06-12T05:10:26","modified_gmt":"2022-06-12T03:10:26","slug":"paido-soda-himbeere-erfrischungsgetrank","status":"publish","type":"product","link":"https:\/\/coolbrandz.com\/de\/produkt\/paido-soda-himbeere-erfrischungsgetrank\/","title":{"rendered":"Paido Soda Himbeer-Erfrischungsgetr\u00e4nk &#8211; 12 Dosen &#8211; EUR 20"},"content":{"rendered":"<p>Paido Soda Himbeer-Erfrischungsgetr\u00e4nk &#8211; 12 Dosen &#8211; 20 \u20ac, inkl. MwSt. und Versand<\/p>\n<p>\u2713 Mit Vitamin B12 &amp; B6<br \/>\n\u2713 Fruchtiger Himbeergeschmack mit Kohlens\u00e4ure<br \/>\n\u2713 Frei von k\u00fcnstlichen Farbstoffen<br \/>\n\u2713 Wenig Zucker<\/p>\n<p>Lieferzeit: In 1-3 Tagen bei Ihnen zu Hause<\/p>\n<p>Mit nur 20 Kalorien pro 100 ml geh\u00f6rt <a href=\"https:\/\/www.paidosoda.com\/\">Paido Soda<\/a> zu den kalorienarmen Erfrischungsgetr\u00e4nken. Wer Himbeergeschmack liebt, ist mit Paido Soda Raspberry gut beraten. Das kalorienarme Getr\u00e4nk versorgt den K\u00f6rper mit wichtigen N\u00e4hrstoffen und ist reich an den Vitaminen B6 und B12. Paido ist erfrischend im Geschmack und leicht kohlens\u00e4urehaltig. Es ist mit Stevia ges\u00fc\u00dft und kalorienarm. Paido ist frei von k\u00fcnstlichen Farbstoffen und mit Vitaminen angereichert.<\/p>\n<p><strong>WARUM PAIDO?<\/strong><\/p>\n<p>Paido Soda Raspberry &amp; Maracuja steht f\u00fcr bewussten Genuss ohne Reue.<\/p>\n<p><strong>Vitamine:<\/strong> Vitamin B12 &amp; Vitamin B6 tragen zu einem normalen Energiestoffwechsel bei und stabilisieren das Immunsystem.<br \/>\n<strong>Fruchtig:<\/strong> Wer Himbeergeschmack liebt, wird Paido Soda Raspberry lieben.<br \/>\n<strong>Nat\u00fcrlich:<\/strong> Paido Soda ist komplett frei von k\u00fcnstlichen Farbstoffen und wird nur mit hochwertigen Zutaten hergestellt.<br \/>\n<strong>Kalorienarm:<\/strong> Mit nur 20 Kalorien pro 100 ml geh\u00f6rt Paido Soda zu den kalorienarmen Erfrischungsgetr\u00e4nken.<\/p>\n<p><strong>5 F\u00dcR CHARITY<\/strong><\/p>\n<p>Die Paido Soda Company GmbH beabsichtigt, mit dem Vertrieb von Paido Soda-Getr\u00e4nken auch weiterhin weltweite Hilfsprojekte zur Armutsbek\u00e4mpfung zu unterst\u00fctzen. Von jeder verkauften Dose Paido werden 5 Cent bzw. Rappen \u00fcber gemeinn\u00fctzige Organisationen an Bed\u00fcrftige gespendet. Daf\u00fcr b\u00fcrgt die auf jeder Dose aufgedruckte Ziffer 5. Jeder, der payo Soda kauft, wird auch zum Unterst\u00fctzer dieser Projekte. Ein weiterer Grund, Vorr\u00e4te in unserem Paido Soda Shop zu kaufen!<\/p>\n<p><strong>Zutaten<\/strong><\/p>\n<p>Wasser, Invertzuckersirup S\u00e4uerungsmittel: Citronens\u00e4ure, Holunderextrakt, Aroma Antioxidationsmittel: Ascorbins\u00e4ure S\u00fc\u00dfstoff: Steviolglykoside, Pyridoxinhydrochlorid (Vitamin B6), Cyanocobalamin (Vitamin B12)<\/p>\n<p><strong>N\u00e4hrwertangaben (100ml)<\/strong><\/p>\n<p>Kalorien: 83 kj \/ 20 kcal<br \/>\nFett: 0g<br \/>\nDavon ges\u00e4ttigte Fetts\u00e4uren: 0g<br \/>\nKohlenhydrate: 5,0 g<br \/>\ndavon Zucker: 5,0g<br \/>\nEiwei\u00df: 0 g<br \/>\nSalz: 0 g<br \/>\nVitamin B6: 0,21 mg*<br \/>\nVitamin B12: 0,38 ug*<\/p>\n<p>*100ml entsprechen 15% der Referenzmenge f\u00fcr einen Erwachsenen.<\/p>\n","protected":false},"excerpt":{"rendered":"<p>Paido Soda Himbeer-Erfrischungsgetr\u00e4nk \u2013 12 Dosen \u2013 20 \u20ac, inkl. MwSt. und Versand<\/p>\n<p>\u2713 Mit Vitamin B12 &amp; B6<br \/>\n\u2713 Fruchtiger Himbeergeschmack mit Kohlens\u00e4ure<br \/>\n\u2713 Frei von k\u00fcnstlichen Farbstoffen<br \/>\n\u2713 Wenig Zucker<\/p>\n<p>Lieferzeit: In 1-3 Tagen bei Ihnen zu Hause<\/p>\n","protected":false},"featured_media":75939,"template":"","meta":{"_et_pb_use_builder":"","_et_pb_old_content":"","_et_gb_content_width":""},"product_brand":[],"product_cat":[136],"product_tag":[],"class_list":{"0":"post-76201","1":"product","2":"type-product","3":"status-publish","4":"has-post-thumbnail","6":"product_cat-getraenke","8":"first","9":"instock","10":"purchasable","11":"product-type-simple"},"yoast_head":"<!-- This site is optimized with the Yoast SEO plugin v24.5 - https:\/\/yoast.com\/wordpress\/plugins\/seo\/ -->\n<title>Paido Soda Himbeer Erfrischungsgetr\u00e4nk<\/title>\n<meta name=\"description\" content=\"Paido Soda Himbeere Softdrink: Vitamin B12 &amp; B6, fruchtiger Himbeergeschmack mit Kohlens\u00e4ure, frei von k\u00fcnstlichen Farbstoffen, zuckerarm.\" \/>\n<meta name=\"robots\" content=\"index, follow, max-snippet:-1, max-image-preview:large, max-video-preview:-1\" \/>\n<link rel=\"canonical\" href=\"https:\/\/coolbrandz.com\/de\/produkt\/paido-soda-himbeere-erfrischungsgetrank\/\" \/>\n<meta property=\"og:locale\" content=\"de_DE\" \/>\n<meta property=\"og:type\" content=\"article\" \/>\n<meta property=\"og:title\" content=\"Paido Soda Himbeer Erfrischungsgetr\u00e4nk\" \/>\n<meta property=\"og:description\" content=\"Paido Soda Himbeere Softdrink: Vitamin B12 &amp; B6, fruchtiger Himbeergeschmack mit Kohlens\u00e4ure, frei von k\u00fcnstlichen Farbstoffen, zuckerarm.\" \/>\n<meta property=\"og:url\" content=\"https:\/\/coolbrandz.com\/de\/produkt\/paido-soda-himbeere-erfrischungsgetrank\/\" \/>\n<meta property=\"og:site_name\" content=\"Coolbrandz\" \/>\n<meta property=\"article:modified_time\" content=\"2022-06-12T03:10:26+00:00\" \/>\n<meta property=\"og:image\" content=\"https:\/\/coolbrandz.com\/wp-content\/uploads\/2022\/05\/Paido-Soda-Raspberry-Lowcal.jpg\" \/>\n\t<meta property=\"og:image:width\" content=\"960\" \/>\n\t<meta property=\"og:image:height\" content=\"916\" \/>\n\t<meta property=\"og:image:type\" content=\"image\/jpeg\" \/>\n<meta name=\"twitter:card\" content=\"summary_large_image\" \/>\n<meta name=\"twitter:label1\" content=\"Gesch\u00e4tzte Lesezeit\" \/>\n\t<meta name=\"twitter:data1\" content=\"2\u00a0Minuten\" \/>\n<script type=\"application\/ld+json\" class=\"yoast-schema-graph\">{\"@context\":\"https:\/\/schema.org\",\"@graph\":[{\"@type\":\"WebPage\",\"@id\":\"https:\/\/coolbrandz.com\/de\/produkt\/paido-soda-himbeere-erfrischungsgetrank\/\",\"url\":\"https:\/\/coolbrandz.com\/de\/produkt\/paido-soda-himbeere-erfrischungsgetrank\/\",\"name\":\"Paido Soda Himbeer Erfrischungsgetr\u00e4nk\",\"isPartOf\":{\"@id\":\"https:\/\/coolbrandz.com\/de\/#website\"},\"primaryImageOfPage\":{\"@id\":\"https:\/\/coolbrandz.com\/de\/produkt\/paido-soda-himbeere-erfrischungsgetrank\/#primaryimage\"},\"image\":{\"@id\":\"https:\/\/coolbrandz.com\/de\/produkt\/paido-soda-himbeere-erfrischungsgetrank\/#primaryimage\"},\"thumbnailUrl\":\"https:\/\/coolbrandz.com\/wp-content\/uploads\/2022\/05\/Paido-Soda-Raspberry-Lowcal.jpg\",\"datePublished\":\"2022-05-15T15:36:18+00:00\",\"dateModified\":\"2022-06-12T03:10:26+00:00\",\"description\":\"Paido Soda Himbeere Softdrink: Vitamin B12 & B6, fruchtiger Himbeergeschmack mit Kohlens\u00e4ure, frei von k\u00fcnstlichen Farbstoffen, zuckerarm.\",\"breadcrumb\":{\"@id\":\"https:\/\/coolbrandz.com\/de\/produkt\/paido-soda-himbeere-erfrischungsgetrank\/#breadcrumb\"},\"inLanguage\":\"de\",\"potentialAction\":[{\"@type\":\"ReadAction\",\"target\":[\"https:\/\/coolbrandz.com\/de\/produkt\/paido-soda-himbeere-erfrischungsgetrank\/\"]}]},{\"@type\":\"ImageObject\",\"inLanguage\":\"de\",\"@id\":\"https:\/\/coolbrandz.com\/de\/produkt\/paido-soda-himbeere-erfrischungsgetrank\/#primaryimage\",\"url\":\"https:\/\/coolbrandz.com\/wp-content\/uploads\/2022\/05\/Paido-Soda-Raspberry-Lowcal.jpg\",\"contentUrl\":\"https:\/\/coolbrandz.com\/wp-content\/uploads\/2022\/05\/Paido-Soda-Raspberry-Lowcal.jpg\",\"width\":960,\"height\":916,\"caption\":\"Paido Soda Raspberry Lowcal\"},{\"@type\":\"BreadcrumbList\",\"@id\":\"https:\/\/coolbrandz.com\/de\/produkt\/paido-soda-himbeere-erfrischungsgetrank\/#breadcrumb\",\"itemListElement\":[{\"@type\":\"ListItem\",\"position\":1,\"name\":\"Home\",\"item\":\"https:\/\/coolbrandz.com\/de\/\"},{\"@type\":\"ListItem\",\"position\":2,\"name\":\"Shop\",\"item\":\"https:\/\/coolbrandz.com\/shop\/\"},{\"@type\":\"ListItem\",\"position\":3,\"name\":\"Paido Soda Himbeer-Erfrischungsgetr\u00e4nk &#8211; 12 Dosen &#8211; EUR 20\"}]},{\"@type\":\"WebSite\",\"@id\":\"https:\/\/coolbrandz.com\/de\/#website\",\"url\":\"https:\/\/coolbrandz.com\/de\/\",\"name\":\"Coolbrandz\",\"description\":\"Where cool people meet cool brands\",\"publisher\":{\"@id\":\"https:\/\/coolbrandz.com\/de\/#organization\"},\"potentialAction\":[{\"@type\":\"SearchAction\",\"target\":{\"@type\":\"EntryPoint\",\"urlTemplate\":\"https:\/\/coolbrandz.com\/de\/?s={search_term_string}\"},\"query-input\":{\"@type\":\"PropertyValueSpecification\",\"valueRequired\":true,\"valueName\":\"search_term_string\"}}],\"inLanguage\":\"de\"},{\"@type\":\"Organization\",\"@id\":\"https:\/\/coolbrandz.com\/de\/#organization\",\"name\":\"Coolbrandz\",\"alternateName\":\"coolbrandz.com\",\"url\":\"https:\/\/coolbrandz.com\/de\/\",\"logo\":{\"@type\":\"ImageObject\",\"inLanguage\":\"de\",\"@id\":\"https:\/\/coolbrandz.com\/de\/#\/schema\/logo\/image\/\",\"url\":\"http:\/\/coolbrandz.com\/wp-content\/uploads\/2023\/03\/logo_coolbrandz.png\",\"contentUrl\":\"http:\/\/coolbrandz.com\/wp-content\/uploads\/2023\/03\/logo_coolbrandz.png\",\"width\":279,\"height\":150,\"caption\":\"Coolbrandz\"},\"image\":{\"@id\":\"https:\/\/coolbrandz.com\/de\/#\/schema\/logo\/image\/\"}}]}<\/script>\n<!-- \/ Yoast SEO plugin. -->","yoast_head_json":{"title":"Paido Soda Himbeer Erfrischungsgetr\u00e4nk","description":"Paido Soda Himbeere Softdrink: Vitamin B12 & B6, fruchtiger Himbeergeschmack mit Kohlens\u00e4ure, frei von k\u00fcnstlichen Farbstoffen, zuckerarm.","robots":{"index":"index","follow":"follow","max-snippet":"max-snippet:-1","max-image-preview":"max-image-preview:large","max-video-preview":"max-video-preview:-1"},"canonical":"https:\/\/coolbrandz.com\/de\/produkt\/paido-soda-himbeere-erfrischungsgetrank\/","og_locale":"de_DE","og_type":"article","og_title":"Paido Soda Himbeer Erfrischungsgetr\u00e4nk","og_description":"Paido Soda Himbeere Softdrink: Vitamin B12 & B6, fruchtiger Himbeergeschmack mit Kohlens\u00e4ure, frei von k\u00fcnstlichen Farbstoffen, zuckerarm.","og_url":"https:\/\/coolbrandz.com\/de\/produkt\/paido-soda-himbeere-erfrischungsgetrank\/","og_site_name":"Coolbrandz","article_modified_time":"2022-06-12T03:10:26+00:00","og_image":[{"width":960,"height":916,"url":"https:\/\/coolbrandz.com\/wp-content\/uploads\/2022\/05\/Paido-Soda-Raspberry-Lowcal.jpg","type":"image\/jpeg"}],"twitter_card":"summary_large_image","twitter_misc":{"Gesch\u00e4tzte Lesezeit":"2\u00a0Minuten"},"schema":{"@context":"https:\/\/schema.org","@graph":[{"@type":"WebPage","@id":"https:\/\/coolbrandz.com\/de\/produkt\/paido-soda-himbeere-erfrischungsgetrank\/","url":"https:\/\/coolbrandz.com\/de\/produkt\/paido-soda-himbeere-erfrischungsgetrank\/","name":"Paido Soda Himbeer Erfrischungsgetr\u00e4nk","isPartOf":{"@id":"https:\/\/coolbrandz.com\/de\/#website"},"primaryImageOfPage":{"@id":"https:\/\/coolbrandz.com\/de\/produkt\/paido-soda-himbeere-erfrischungsgetrank\/#primaryimage"},"image":{"@id":"https:\/\/coolbrandz.com\/de\/produkt\/paido-soda-himbeere-erfrischungsgetrank\/#primaryimage"},"thumbnailUrl":"https:\/\/coolbrandz.com\/wp-content\/uploads\/2022\/05\/Paido-Soda-Raspberry-Lowcal.jpg","datePublished":"2022-05-15T15:36:18+00:00","dateModified":"2022-06-12T03:10:26+00:00","description":"Paido Soda Himbeere Softdrink: Vitamin B12 & B6, fruchtiger Himbeergeschmack mit Kohlens\u00e4ure, frei von k\u00fcnstlichen Farbstoffen, zuckerarm.","breadcrumb":{"@id":"https:\/\/coolbrandz.com\/de\/produkt\/paido-soda-himbeere-erfrischungsgetrank\/#breadcrumb"},"inLanguage":"de","potentialAction":[{"@type":"ReadAction","target":["https:\/\/coolbrandz.com\/de\/produkt\/paido-soda-himbeere-erfrischungsgetrank\/"]}]},{"@type":"ImageObject","inLanguage":"de","@id":"https:\/\/coolbrandz.com\/de\/produkt\/paido-soda-himbeere-erfrischungsgetrank\/#primaryimage","url":"https:\/\/coolbrandz.com\/wp-content\/uploads\/2022\/05\/Paido-Soda-Raspberry-Lowcal.jpg","contentUrl":"https:\/\/coolbrandz.com\/wp-content\/uploads\/2022\/05\/Paido-Soda-Raspberry-Lowcal.jpg","width":960,"height":916,"caption":"Paido Soda Raspberry Lowcal"},{"@type":"BreadcrumbList","@id":"https:\/\/coolbrandz.com\/de\/produkt\/paido-soda-himbeere-erfrischungsgetrank\/#breadcrumb","itemListElement":[{"@type":"ListItem","position":1,"name":"Home","item":"https:\/\/coolbrandz.com\/de\/"},{"@type":"ListItem","position":2,"name":"Shop","item":"https:\/\/coolbrandz.com\/shop\/"},{"@type":"ListItem","position":3,"name":"Paido Soda Himbeer-Erfrischungsgetr\u00e4nk &#8211; 12 Dosen &#8211; EUR 20"}]},{"@type":"WebSite","@id":"https:\/\/coolbrandz.com\/de\/#website","url":"https:\/\/coolbrandz.com\/de\/","name":"Coolbrandz","description":"Where cool people meet cool brands","publisher":{"@id":"https:\/\/coolbrandz.com\/de\/#organization"},"potentialAction":[{"@type":"SearchAction","target":{"@type":"EntryPoint","urlTemplate":"https:\/\/coolbrandz.com\/de\/?s={search_term_string}"},"query-input":{"@type":"PropertyValueSpecification","valueRequired":true,"valueName":"search_term_string"}}],"inLanguage":"de"},{"@type":"Organization","@id":"https:\/\/coolbrandz.com\/de\/#organization","name":"Coolbrandz","alternateName":"coolbrandz.com","url":"https:\/\/coolbrandz.com\/de\/","logo":{"@type":"ImageObject","inLanguage":"de","@id":"https:\/\/coolbrandz.com\/de\/#\/schema\/logo\/image\/","url":"http:\/\/coolbrandz.com\/wp-content\/uploads\/2023\/03\/logo_coolbrandz.png","contentUrl":"http:\/\/coolbrandz.com\/wp-content\/uploads\/2023\/03\/logo_coolbrandz.png","width":279,"height":150,"caption":"Coolbrandz"},"image":{"@id":"https:\/\/coolbrandz.com\/de\/#\/schema\/logo\/image\/"}}]}},"_links":{"self":[{"href":"https:\/\/coolbrandz.com\/de\/wp-json\/wp\/v2\/product\/76201","targetHints":{"allow":["GET"]}}],"collection":[{"href":"https:\/\/coolbrandz.com\/de\/wp-json\/wp\/v2\/product"}],"about":[{"href":"https:\/\/coolbrandz.com\/de\/wp-json\/wp\/v2\/types\/product"}],"wp:featuredmedia":[{"embeddable":true,"href":"https:\/\/coolbrandz.com\/de\/wp-json\/wp\/v2\/media\/75939"}],"wp:attachment":[{"href":"https:\/\/coolbrandz.com\/de\/wp-json\/wp\/v2\/media?parent=76201"}],"wp:term":[{"taxonomy":"product_brand","embeddable":true,"href":"https:\/\/coolbrandz.com\/de\/wp-json\/wp\/v2\/product_brand?post=76201"},{"taxonomy":"product_cat","embeddable":true,"href":"https:\/\/coolbrandz.com\/de\/wp-json\/wp\/v2\/product_cat?post=76201"},{"taxonomy":"product_tag","embeddable":true,"href":"https:\/\/coolbrandz.com\/de\/wp-json\/wp\/v2\/product_tag?post=76201"}],"curies":[{"name":"wp","href":"https:\/\/api.w.org\/{rel}","templated":true}]}}