{"id":76207,"date":"2022-05-05T18:42:10","date_gmt":"2022-05-15T15:36:19","guid":{"rendered":"https:\/\/coolbrandz.com\/?p=76207"},"modified":"2022-05-15T17:36:19","modified_gmt":"2022-05-15T15:36:19","slug":"schwestern-a-chocolate-sur-del-lago-venezuela-81","status":"publish","type":"product","link":"https:\/\/coolbrandz.com\/de\/produkt\/schwestern-a-chocolate-sur-del-lago-venezuela-81\/","title":{"rendered":"Schwestern A. Chocolate Sur Del Lago Venezuela 81%"},"content":{"rendered":"","protected":false},"excerpt":{"rendered":"<p>Zartbitterschokolade 81% Sur del Lago Venezuela Zartbitterschokolade 81% 50 g<br \/>\nBewertung 5,00 von 5 basierend auf Umfrage 1 K\u00e4ufer<br \/>\n135\u20b4<\/p>\n<p>Zutaten: Kakaobohnen, Kokosbl\u00fctenzucker, Kakaobutter.<\/p>\n<p>Gewicht: 50 g. Ablaufdatum: 6 Monate.<\/p>\n<p>Venezuela Sur Del Lago Schokolade hat einen sehr zarten cremigen Geschmack, offenbart Nuss- und Rumnoten. Weichheit und minimale Bitterkeit, auch in hochprozentiger Schokolade, zeichnen diesen Kakao aus.<\/p>\n<p>Sur Del Lago (Merida Superior) ist ein Kakao von lokalen Kleinbauern aus der besonderen Region Sur del Lago in Venezuela, die am Ufer des Maracaibo-Sees liegt. W\u00f6rtlich \u00fcbersetzt \u201es\u00fcdlich des Sees\u201c. Das extrem stabile warme und feuchte Klima ist ideal f\u00fcr den Anbau anspruchsvoller aromatischer Elite-Kakaosorten. Es gilt als Geburtsort des Kakao-Criollo.<\/p>\n<p>GESCHMACKSPROFIL: Sahne, Nuss, Rumnoten.<\/p>\n<p>Fliesengewicht: 50 Gramm.<\/p>\n","protected":false},"featured_media":75902,"template":"","meta":{"_et_pb_use_builder":"off","_et_pb_old_content":"Die Bean-to-Bar-Schokoladenproduktion ist eine Philosophie des Respekts f\u00fcr Natur, Bauern und Handwerk. Es geht darum, die Kontrolle \u00fcber den gesamten Prozess sicherzustellen: von der Auswahl der Lieferanten der Kakaobohnen \u00fcber das R\u00f6sten und Mahlen bis hin zur Herstellung der Schokolade von Hand. Diese Sisters A. Chocolate Venezuela 81% wurde mit Liebe und Sorgfalt in der Ukraine hergestellt.\n\n<strong>Sisters A. Chocolate Venezuela 81% hergestellt in der Ukraine aus Kakao Sur Del Lago Merida Superior.<\/strong>\n\nZutaten: Kakaobohnen, Kokosbl\u00fctenzucker, Kakaobutter\nGeschmacksprofil: Sahne, Nuss, Rumnoten\n\nGewicht: 50 g\nAblaufdatum: 6 Monate\n\n<strong>Schwestern A. Schokolade Venezuela 81%<\/strong>\n\nVenezuela Sur Del Lago Schokolade hat einen sehr feinen cremigen Geschmack. Er weist Aromen von N\u00fcssen und Rum auf. Weichheit und minimale Bitterkeit, auch in hochprozentiger Schokolade, zeichnen diesen Kakao aus.\n\nSur Del Lago (Merida Superior) ist ein Kakao von kleinen lokalen Bauern aus der spezifischen Region Sur del Lago in Venezuela, die am Ufer des Maracaibo-Sees liegt. W\u00f6rtlich \u00fcbersetzt \u201es\u00fcdlich des Sees\u201c. Das extrem stabile warme und feuchte Klima ist ideal f\u00fcr den Anbau anspruchsvoller aromatischer Elite-Kakaosorten. Es gilt als Geburtsort des Kakao-Criollo.\n\n<strong>\u00dcber die Schwestern A. Chocolate<\/strong>\n\n<a href=\"https:\/\/sisterschocolate.com\">Sisters A. Chocolate<\/a> nennt das Schwesterduo Olena und Oleksandra aus Lutsk im Westen der Ukraine ihr kleines Unternehmen: eine handwerkliche Bean-to-Bar-Schokoladenmanufaktur.\n\nDas Familienunternehmen wurde 2021 gegr\u00fcndet und produziert hochwertige Bean-to-Bar-Schokolade. Olena und Oleksandra haben sich f\u00fcr Edelkakao entschieden, weil daraus die beste Schokolade entsteht. Sie r\u00f6sten die Kakaobohnen selbst, verarbeiten sie und mahlen sie in einem Mixer zu einer feinen Konsistenz.\n\nDie eigentliche R\u00f6stung erm\u00f6glicht es, das Geschmacksprofil von Schokolade zu steuern, denn Kakao ist wie Wein und Kaffee ein Terroir-Produkt. Aufgrund des hohen Gehalts an Kakaobohnen beh\u00e4lt Schokolade den maximalen Geschmack und das Aroma der Natur.\n\nErfahren Sie mehr \u00fcber Schwestern. A. Schokolade <a href=\"https:\/\/coolbrandz.com\/sisters-a-chocolate\/\">hier<\/a>>>> und folgen Sie ihnen auf <a href=\"https:\/\/www.instagram.com\/sisters.a.choco\/\">Instagram<\/a> f\u00fcr einige Einblicke hinter die Kulissen ihrer Produktion.","_et_gb_content_width":""},"product_brand":[],"product_cat":[139],"product_tag":[],"class_list":{"0":"post-76207","1":"product","2":"type-product","3":"status-publish","4":"has-post-thumbnail","6":"product_cat-schokolade","8":"first","9":"instock","10":"taxable","11":"shipping-taxable","12":"purchasable","13":"product-type-simple"},"yoast_head":"<!-- This site is optimized with the Yoast SEO plugin v24.5 - https:\/\/yoast.com\/wordpress\/plugins\/seo\/ -->\n<title>Schwestern A. Schokolade Venezuela 81% - Cacao Sur Del Lago<\/title>\n<meta name=\"description\" content=\"Sisters A. Chocolate Sur Del Lago Venezuela 81% - Bean-to-Bar Craft Chocolate hergestellt in der Ukraine aus Sur Del Lago Venezuela Merida Superior.\" \/>\n<meta name=\"robots\" content=\"index, follow, max-snippet:-1, max-image-preview:large, max-video-preview:-1\" \/>\n<link rel=\"canonical\" href=\"https:\/\/coolbrandz.com\/de\/produkt\/schwestern-a-chocolate-sur-del-lago-venezuela-81\/\" \/>\n<meta property=\"og:locale\" content=\"de_DE\" \/>\n<meta property=\"og:type\" content=\"article\" \/>\n<meta property=\"og:title\" content=\"Schwestern A. Schokolade Venezuela 81% - Cacao Sur Del Lago\" \/>\n<meta property=\"og:description\" content=\"Sisters A. Chocolate Sur Del Lago Venezuela 81% - Bean-to-Bar Craft Chocolate hergestellt in der Ukraine aus Sur Del Lago Venezuela Merida Superior.\" \/>\n<meta property=\"og:url\" content=\"https:\/\/coolbrandz.com\/de\/produkt\/schwestern-a-chocolate-sur-del-lago-venezuela-81\/\" \/>\n<meta property=\"og:site_name\" content=\"Coolbrandz\" \/>\n<meta property=\"og:image\" content=\"https:\/\/coolbrandz.com\/wp-content\/uploads\/2022\/05\/Sisters-A-Chocolate-Sur-del-Lago-Venezuela-Bean-to-Bar.jpg\" \/>\n\t<meta property=\"og:image:width\" content=\"1000\" \/>\n\t<meta property=\"og:image:height\" content=\"1000\" \/>\n\t<meta property=\"og:image:type\" content=\"image\/jpeg\" \/>\n<meta name=\"twitter:card\" content=\"summary_large_image\" \/>\n<script type=\"application\/ld+json\" class=\"yoast-schema-graph\">{\"@context\":\"https:\/\/schema.org\",\"@graph\":[{\"@type\":\"WebPage\",\"@id\":\"https:\/\/coolbrandz.com\/de\/produkt\/schwestern-a-chocolate-sur-del-lago-venezuela-81\/\",\"url\":\"https:\/\/coolbrandz.com\/de\/produkt\/schwestern-a-chocolate-sur-del-lago-venezuela-81\/\",\"name\":\"Schwestern A. Schokolade Venezuela 81% - Cacao Sur Del Lago\",\"isPartOf\":{\"@id\":\"https:\/\/coolbrandz.com\/de\/#website\"},\"primaryImageOfPage\":{\"@id\":\"https:\/\/coolbrandz.com\/de\/produkt\/schwestern-a-chocolate-sur-del-lago-venezuela-81\/#primaryimage\"},\"image\":{\"@id\":\"https:\/\/coolbrandz.com\/de\/produkt\/schwestern-a-chocolate-sur-del-lago-venezuela-81\/#primaryimage\"},\"thumbnailUrl\":\"https:\/\/coolbrandz.com\/wp-content\/uploads\/2022\/05\/Sisters-A-Chocolate-Sur-del-Lago-Venezuela-Bean-to-Bar.jpg\",\"datePublished\":\"2022-05-15T15:36:19+00:00\",\"description\":\"Sisters A. Chocolate Sur Del Lago Venezuela 81% - Bean-to-Bar Craft Chocolate hergestellt in der Ukraine aus Sur Del Lago Venezuela Merida Superior.\",\"breadcrumb\":{\"@id\":\"https:\/\/coolbrandz.com\/de\/produkt\/schwestern-a-chocolate-sur-del-lago-venezuela-81\/#breadcrumb\"},\"inLanguage\":\"de\",\"potentialAction\":[{\"@type\":\"ReadAction\",\"target\":[\"https:\/\/coolbrandz.com\/de\/produkt\/schwestern-a-chocolate-sur-del-lago-venezuela-81\/\"]}]},{\"@type\":\"ImageObject\",\"inLanguage\":\"de\",\"@id\":\"https:\/\/coolbrandz.com\/de\/produkt\/schwestern-a-chocolate-sur-del-lago-venezuela-81\/#primaryimage\",\"url\":\"https:\/\/coolbrandz.com\/wp-content\/uploads\/2022\/05\/Sisters-A-Chocolate-Sur-del-Lago-Venezuela-Bean-to-Bar.jpg\",\"contentUrl\":\"https:\/\/coolbrandz.com\/wp-content\/uploads\/2022\/05\/Sisters-A-Chocolate-Sur-del-Lago-Venezuela-Bean-to-Bar.jpg\",\"width\":1000,\"height\":1000,\"caption\":\"Sisters-A-Chocolate-Sur-del-Lago-Venezuela-Bean-to-Bar\"},{\"@type\":\"BreadcrumbList\",\"@id\":\"https:\/\/coolbrandz.com\/de\/produkt\/schwestern-a-chocolate-sur-del-lago-venezuela-81\/#breadcrumb\",\"itemListElement\":[{\"@type\":\"ListItem\",\"position\":1,\"name\":\"Home\",\"item\":\"https:\/\/coolbrandz.com\/de\/\"},{\"@type\":\"ListItem\",\"position\":2,\"name\":\"Shop\",\"item\":\"https:\/\/coolbrandz.com\/shop\/\"},{\"@type\":\"ListItem\",\"position\":3,\"name\":\"Schwestern A. Chocolate Sur Del Lago Venezuela 81%\"}]},{\"@type\":\"WebSite\",\"@id\":\"https:\/\/coolbrandz.com\/de\/#website\",\"url\":\"https:\/\/coolbrandz.com\/de\/\",\"name\":\"Coolbrandz\",\"description\":\"Where cool people meet cool brands\",\"publisher\":{\"@id\":\"https:\/\/coolbrandz.com\/de\/#organization\"},\"potentialAction\":[{\"@type\":\"SearchAction\",\"target\":{\"@type\":\"EntryPoint\",\"urlTemplate\":\"https:\/\/coolbrandz.com\/de\/?s={search_term_string}\"},\"query-input\":{\"@type\":\"PropertyValueSpecification\",\"valueRequired\":true,\"valueName\":\"search_term_string\"}}],\"inLanguage\":\"de\"},{\"@type\":\"Organization\",\"@id\":\"https:\/\/coolbrandz.com\/de\/#organization\",\"name\":\"Coolbrandz\",\"alternateName\":\"coolbrandz.com\",\"url\":\"https:\/\/coolbrandz.com\/de\/\",\"logo\":{\"@type\":\"ImageObject\",\"inLanguage\":\"de\",\"@id\":\"https:\/\/coolbrandz.com\/de\/#\/schema\/logo\/image\/\",\"url\":\"http:\/\/coolbrandz.com\/wp-content\/uploads\/2023\/03\/logo_coolbrandz.png\",\"contentUrl\":\"http:\/\/coolbrandz.com\/wp-content\/uploads\/2023\/03\/logo_coolbrandz.png\",\"width\":279,\"height\":150,\"caption\":\"Coolbrandz\"},\"image\":{\"@id\":\"https:\/\/coolbrandz.com\/de\/#\/schema\/logo\/image\/\"}}]}<\/script>\n<!-- \/ Yoast SEO plugin. -->","yoast_head_json":{"title":"Schwestern A. Schokolade Venezuela 81% - Cacao Sur Del Lago","description":"Sisters A. Chocolate Sur Del Lago Venezuela 81% - Bean-to-Bar Craft Chocolate hergestellt in der Ukraine aus Sur Del Lago Venezuela Merida Superior.","robots":{"index":"index","follow":"follow","max-snippet":"max-snippet:-1","max-image-preview":"max-image-preview:large","max-video-preview":"max-video-preview:-1"},"canonical":"https:\/\/coolbrandz.com\/de\/produkt\/schwestern-a-chocolate-sur-del-lago-venezuela-81\/","og_locale":"de_DE","og_type":"article","og_title":"Schwestern A. Schokolade Venezuela 81% - Cacao Sur Del Lago","og_description":"Sisters A. Chocolate Sur Del Lago Venezuela 81% - Bean-to-Bar Craft Chocolate hergestellt in der Ukraine aus Sur Del Lago Venezuela Merida Superior.","og_url":"https:\/\/coolbrandz.com\/de\/produkt\/schwestern-a-chocolate-sur-del-lago-venezuela-81\/","og_site_name":"Coolbrandz","og_image":[{"width":1000,"height":1000,"url":"https:\/\/coolbrandz.com\/wp-content\/uploads\/2022\/05\/Sisters-A-Chocolate-Sur-del-Lago-Venezuela-Bean-to-Bar.jpg","type":"image\/jpeg"}],"twitter_card":"summary_large_image","schema":{"@context":"https:\/\/schema.org","@graph":[{"@type":"WebPage","@id":"https:\/\/coolbrandz.com\/de\/produkt\/schwestern-a-chocolate-sur-del-lago-venezuela-81\/","url":"https:\/\/coolbrandz.com\/de\/produkt\/schwestern-a-chocolate-sur-del-lago-venezuela-81\/","name":"Schwestern A. Schokolade Venezuela 81% - Cacao Sur Del Lago","isPartOf":{"@id":"https:\/\/coolbrandz.com\/de\/#website"},"primaryImageOfPage":{"@id":"https:\/\/coolbrandz.com\/de\/produkt\/schwestern-a-chocolate-sur-del-lago-venezuela-81\/#primaryimage"},"image":{"@id":"https:\/\/coolbrandz.com\/de\/produkt\/schwestern-a-chocolate-sur-del-lago-venezuela-81\/#primaryimage"},"thumbnailUrl":"https:\/\/coolbrandz.com\/wp-content\/uploads\/2022\/05\/Sisters-A-Chocolate-Sur-del-Lago-Venezuela-Bean-to-Bar.jpg","datePublished":"2022-05-15T15:36:19+00:00","description":"Sisters A. Chocolate Sur Del Lago Venezuela 81% - Bean-to-Bar Craft Chocolate hergestellt in der Ukraine aus Sur Del Lago Venezuela Merida Superior.","breadcrumb":{"@id":"https:\/\/coolbrandz.com\/de\/produkt\/schwestern-a-chocolate-sur-del-lago-venezuela-81\/#breadcrumb"},"inLanguage":"de","potentialAction":[{"@type":"ReadAction","target":["https:\/\/coolbrandz.com\/de\/produkt\/schwestern-a-chocolate-sur-del-lago-venezuela-81\/"]}]},{"@type":"ImageObject","inLanguage":"de","@id":"https:\/\/coolbrandz.com\/de\/produkt\/schwestern-a-chocolate-sur-del-lago-venezuela-81\/#primaryimage","url":"https:\/\/coolbrandz.com\/wp-content\/uploads\/2022\/05\/Sisters-A-Chocolate-Sur-del-Lago-Venezuela-Bean-to-Bar.jpg","contentUrl":"https:\/\/coolbrandz.com\/wp-content\/uploads\/2022\/05\/Sisters-A-Chocolate-Sur-del-Lago-Venezuela-Bean-to-Bar.jpg","width":1000,"height":1000,"caption":"Sisters-A-Chocolate-Sur-del-Lago-Venezuela-Bean-to-Bar"},{"@type":"BreadcrumbList","@id":"https:\/\/coolbrandz.com\/de\/produkt\/schwestern-a-chocolate-sur-del-lago-venezuela-81\/#breadcrumb","itemListElement":[{"@type":"ListItem","position":1,"name":"Home","item":"https:\/\/coolbrandz.com\/de\/"},{"@type":"ListItem","position":2,"name":"Shop","item":"https:\/\/coolbrandz.com\/shop\/"},{"@type":"ListItem","position":3,"name":"Schwestern A. Chocolate Sur Del Lago Venezuela 81%"}]},{"@type":"WebSite","@id":"https:\/\/coolbrandz.com\/de\/#website","url":"https:\/\/coolbrandz.com\/de\/","name":"Coolbrandz","description":"Where cool people meet cool brands","publisher":{"@id":"https:\/\/coolbrandz.com\/de\/#organization"},"potentialAction":[{"@type":"SearchAction","target":{"@type":"EntryPoint","urlTemplate":"https:\/\/coolbrandz.com\/de\/?s={search_term_string}"},"query-input":{"@type":"PropertyValueSpecification","valueRequired":true,"valueName":"search_term_string"}}],"inLanguage":"de"},{"@type":"Organization","@id":"https:\/\/coolbrandz.com\/de\/#organization","name":"Coolbrandz","alternateName":"coolbrandz.com","url":"https:\/\/coolbrandz.com\/de\/","logo":{"@type":"ImageObject","inLanguage":"de","@id":"https:\/\/coolbrandz.com\/de\/#\/schema\/logo\/image\/","url":"http:\/\/coolbrandz.com\/wp-content\/uploads\/2023\/03\/logo_coolbrandz.png","contentUrl":"http:\/\/coolbrandz.com\/wp-content\/uploads\/2023\/03\/logo_coolbrandz.png","width":279,"height":150,"caption":"Coolbrandz"},"image":{"@id":"https:\/\/coolbrandz.com\/de\/#\/schema\/logo\/image\/"}}]}},"_links":{"self":[{"href":"https:\/\/coolbrandz.com\/de\/wp-json\/wp\/v2\/product\/76207","targetHints":{"allow":["GET"]}}],"collection":[{"href":"https:\/\/coolbrandz.com\/de\/wp-json\/wp\/v2\/product"}],"about":[{"href":"https:\/\/coolbrandz.com\/de\/wp-json\/wp\/v2\/types\/product"}],"wp:featuredmedia":[{"embeddable":true,"href":"https:\/\/coolbrandz.com\/de\/wp-json\/wp\/v2\/media\/75902"}],"wp:attachment":[{"href":"https:\/\/coolbrandz.com\/de\/wp-json\/wp\/v2\/media?parent=76207"}],"wp:term":[{"taxonomy":"product_brand","embeddable":true,"href":"https:\/\/coolbrandz.com\/de\/wp-json\/wp\/v2\/product_brand?post=76207"},{"taxonomy":"product_cat","embeddable":true,"href":"https:\/\/coolbrandz.com\/de\/wp-json\/wp\/v2\/product_cat?post=76207"},{"taxonomy":"product_tag","embeddable":true,"href":"https:\/\/coolbrandz.com\/de\/wp-json\/wp\/v2\/product_tag?post=76207"}],"curies":[{"name":"wp","href":"https:\/\/api.w.org\/{rel}","templated":true}]}}