{"id":76208,"date":"2022-05-12T15:52:57","date_gmt":"2022-05-15T15:36:20","guid":{"rendered":"https:\/\/coolbrandz.com\/?p=76208"},"modified":"2022-05-30T20:31:19","modified_gmt":"2022-05-30T18:31:19","slug":"law-gin-ibiza-london-dry","status":"publish","type":"product","link":"https:\/\/coolbrandz.com\/de\/produkt\/law-gin-ibiza-london-dry\/","title":{"rendered":"LAW Gin Ibiza London Dry 44% vol. 0,70l"},"content":{"rendered":"<p><strong>LAW Gin Ibiza &#8211; Schmeckt nach Insel und Meer<\/strong><\/p>\n<p>Inhalt: 0,7 l<br \/>\nHersteller: LAW &#8211; Spirit of Ibiza SL<br \/>\nHerkunft: Spanien<br \/>\nPreis: 50,00 \u20ac, inkl. Steuern und Lieferung in Deutschland<\/p>\n<p><strong>LAW Gin Ibiza London Dry Gin 44% vol. 0,70l<\/strong><\/p>\n<p>Mit LAW Gin schmeckt man den Zauber Ibizas f\u00f6rmlich im Mund. Eine der wichtigsten Zutaten f\u00fcr das Destillat ist die auf der Insel heimische Kaktusfeige. Es werden ausschlie\u00dflich nat\u00fcrliche Botanicals verwendet, die gr\u00f6\u00dftenteils aus der Umgebung stammen und auf Basis von reinem Weizenalkohol schonend destilliert werden. Auf Zucker und k\u00fcnstliche Aromen wird generell verzichtet. Die Manufaktur produziert in kleinen Chargen von wenigen hundert Flaschen pro Batch, um h\u00f6chsten Qualit\u00e4tsanspr\u00fcchen gerecht zu werden. Inspiration f\u00fcr diesen ausgewogenen Gin war die mediterrane Natur Ibizas.<\/p>\n<p><strong>Botanicals<\/strong><\/p>\n<p>Wacholder: Gew\u00f6hnlicher Wacholder und ph\u00f6nizischer Wacholder (benannt nach den Seefahrern, die sich vor mehr als 2000 Jahren auf der Insel niederlie\u00dfen)<br \/>\nFrische Zitronen- und Orangenschalen: Zitronen und Orangen sind auf Ibiza fast das ganze Jahr \u00fcber erh\u00e4ltlich, sodass die Schalen immer frisch verwendet werden k\u00f6nnen<br \/>\nKaktusfeige: Eine Delikatesse, die es auf Ibiza seit Jahrhunderten gibt<br \/>\nPimientos de Padr\u00f3n: W\u00fcrzige Paprikasorte, die in Spanien frittiert und mit grobem Salz bestreut als Tapa serviert wird<br \/>\nInselsalz: Aus den ber\u00fchmten Salinen von Ibiza<br \/>\nGr\u00fcner Kardamom, Koriandersamen und spanische Gurke<\/p>\n<p><strong>Geschmacksnoten<\/strong><\/p>\n<p>Nase: \u00dcppige Noten von Zitronenbl\u00fcte, Wacholder und Kiefer<br \/>\nGaumen: W\u00fcrzig und fruchtig, Aromen von maritimen Fr\u00fcchten, Gew\u00fcrzen und Meersalz<br \/>\nAbgang: angenehm fruchtiger Unterton<\/p>\n<p><strong>Die Geschichte hinter dem Namen <\/strong><\/p>\n<p>Der Name <a href=\"https:\/\/www.law-gin.com\/\">LAW<\/a>, englisch f\u00fcr Recht, entstand aus der Wertsch\u00e4tzung der Hersteller (Luna, Alexander und Wolfgang) f\u00fcr den Lifestyle Ibizas. Ein bekanntes Sprichwort lautet: &#8222;Ad libitum&#8220;, was bedeutet: &#8222;Jedem wie er will.&#8220; Es steht f\u00fcr Gelassenheit, Unvoreingenommenheit und Offenheit gegen\u00fcber Fremden. Die Insel ist immer noch einer der tolerantesten Orte der Welt. Jeder, der nach Ibiza kommt, kann sein, wer und was er m\u00f6chte, solange er allen anderen die Freiheit einr\u00e4umt, dasselbe zu tun. Das ist Ibizas ungeschriebenes Gesetz.<\/p>\n<p>LAW &#8211; The Gin of Ibiza ist eine wunderbare <a href=\"https:\/\/coolbrandz.com\/taste-of-spain\/\">Geschenkidee<\/a> f\u00fcr alle, die das Mittelmeer und Gin im Allgemeinen lieben.<\/p>\n","protected":false},"excerpt":{"rendered":"<p><strong>LAW \u2013 The Gin of Ibiza<\/strong><\/p>\n<ul>\n<li>LAW Gin Ibiza steht f\u00fcr einen Premium Quality Gin der Kategorie \u201eLondon Dry\u201c.<\/li>\n<li>Fast jeder kommerzielle Gin wird aus getrockneten Zitrusschalen hergestellt, nicht so LAW Gin Ibiza, der frische Zitrusfr\u00fcchte verwendet.<\/li>\n<li>Hergestellt aus lokalen Botanicals, von denen die wichtigste die inseltypische Kaktusfeige ist.<\/li>\n<li>Enth\u00e4lt Pimientos de Padr\u00f3n\u201c, die kleine, pikante Paprikasorte, die gegrillt und mit grobem Salz bestreut als Tapas in ganz Spanien serviert wird.<\/li>\n<\/ul>\n<p>Dieses Produkt enth\u00e4lt Alkohol und darf nicht an Personen unter 18 Jahren verkauft werden. Indem Sie eine Bestellung f\u00fcr dieses Produkt aufgeben, erkl\u00e4ren Sie, dass Sie 18 Jahre oder \u00e4lter sind. Bitte verantwortungsbewusst genie\u00dfen.<\/p>\n","protected":false},"featured_media":76597,"template":"","meta":{"_et_pb_use_builder":"","_et_pb_old_content":"","_et_gb_content_width":""},"product_brand":[],"product_cat":[136],"product_tag":[],"class_list":{"0":"post-76208","1":"product","2":"type-product","3":"status-publish","4":"has-post-thumbnail","6":"product_cat-getraenke","8":"first","9":"instock","10":"taxable","11":"shipping-taxable","12":"purchasable","13":"product-type-simple"},"yoast_head":"<!-- This site is optimized with the Yoast SEO plugin v24.5 - https:\/\/yoast.com\/wordpress\/plugins\/seo\/ -->\n<title>LAW Gin Ibiza: London Dry<\/title>\n<meta name=\"description\" content=\"LAW Gin Ibiza: hergestellt aus Kaktusfeige, nur nat\u00fcrliche Botanicals der Insel, schonend destilliert auf Basis von reinem Weizenalkohol.\" \/>\n<meta name=\"robots\" content=\"index, follow, max-snippet:-1, max-image-preview:large, max-video-preview:-1\" \/>\n<link rel=\"canonical\" href=\"https:\/\/coolbrandz.com\/de\/produkt\/law-gin-ibiza-london-dry\/\" \/>\n<meta property=\"og:locale\" content=\"de_DE\" \/>\n<meta property=\"og:type\" content=\"article\" \/>\n<meta property=\"og:title\" content=\"LAW Gin Ibiza: London Dry\" \/>\n<meta property=\"og:description\" content=\"LAW Gin Ibiza: hergestellt aus Kaktusfeige, nur nat\u00fcrliche Botanicals der Insel, schonend destilliert auf Basis von reinem Weizenalkohol.\" \/>\n<meta property=\"og:url\" content=\"https:\/\/coolbrandz.com\/de\/produkt\/law-gin-ibiza-london-dry\/\" \/>\n<meta property=\"og:site_name\" content=\"Coolbrandz\" \/>\n<meta property=\"article:modified_time\" content=\"2022-05-30T18:31:19+00:00\" \/>\n<meta property=\"og:image\" content=\"https:\/\/coolbrandz.com\/wp-content\/uploads\/2022\/05\/LAW-Gin-Ibiza-Botanicals.jpeg\" \/>\n\t<meta property=\"og:image:width\" content=\"875\" \/>\n\t<meta property=\"og:image:height\" content=\"875\" \/>\n\t<meta property=\"og:image:type\" content=\"image\/jpeg\" \/>\n<meta name=\"twitter:card\" content=\"summary_large_image\" \/>\n<meta name=\"twitter:label1\" content=\"Gesch\u00e4tzte Lesezeit\" \/>\n\t<meta name=\"twitter:data1\" content=\"2\u00a0Minuten\" \/>\n<script type=\"application\/ld+json\" class=\"yoast-schema-graph\">{\"@context\":\"https:\/\/schema.org\",\"@graph\":[{\"@type\":\"WebPage\",\"@id\":\"https:\/\/coolbrandz.com\/de\/produkt\/law-gin-ibiza-london-dry\/\",\"url\":\"https:\/\/coolbrandz.com\/de\/produkt\/law-gin-ibiza-london-dry\/\",\"name\":\"LAW Gin Ibiza: London Dry\",\"isPartOf\":{\"@id\":\"https:\/\/coolbrandz.com\/de\/#website\"},\"primaryImageOfPage\":{\"@id\":\"https:\/\/coolbrandz.com\/de\/produkt\/law-gin-ibiza-london-dry\/#primaryimage\"},\"image\":{\"@id\":\"https:\/\/coolbrandz.com\/de\/produkt\/law-gin-ibiza-london-dry\/#primaryimage\"},\"thumbnailUrl\":\"https:\/\/coolbrandz.com\/wp-content\/uploads\/2022\/05\/LAW-Gin-Ibiza-Botanicals.jpeg\",\"datePublished\":\"2022-05-15T15:36:20+00:00\",\"dateModified\":\"2022-05-30T18:31:19+00:00\",\"description\":\"LAW Gin Ibiza: hergestellt aus Kaktusfeige, nur nat\u00fcrliche Botanicals der Insel, schonend destilliert auf Basis von reinem Weizenalkohol.\",\"breadcrumb\":{\"@id\":\"https:\/\/coolbrandz.com\/de\/produkt\/law-gin-ibiza-london-dry\/#breadcrumb\"},\"inLanguage\":\"de\",\"potentialAction\":[{\"@type\":\"ReadAction\",\"target\":[\"https:\/\/coolbrandz.com\/de\/produkt\/law-gin-ibiza-london-dry\/\"]}]},{\"@type\":\"ImageObject\",\"inLanguage\":\"de\",\"@id\":\"https:\/\/coolbrandz.com\/de\/produkt\/law-gin-ibiza-london-dry\/#primaryimage\",\"url\":\"https:\/\/coolbrandz.com\/wp-content\/uploads\/2022\/05\/LAW-Gin-Ibiza-Botanicals.jpeg\",\"contentUrl\":\"https:\/\/coolbrandz.com\/wp-content\/uploads\/2022\/05\/LAW-Gin-Ibiza-Botanicals.jpeg\",\"width\":875,\"height\":875,\"caption\":\"LAW Gin Ibiza Botanicals\"},{\"@type\":\"BreadcrumbList\",\"@id\":\"https:\/\/coolbrandz.com\/de\/produkt\/law-gin-ibiza-london-dry\/#breadcrumb\",\"itemListElement\":[{\"@type\":\"ListItem\",\"position\":1,\"name\":\"Home\",\"item\":\"https:\/\/coolbrandz.com\/de\/\"},{\"@type\":\"ListItem\",\"position\":2,\"name\":\"Shop\",\"item\":\"https:\/\/coolbrandz.com\/shop\/\"},{\"@type\":\"ListItem\",\"position\":3,\"name\":\"LAW Gin Ibiza London Dry 44% vol. 0,70l\"}]},{\"@type\":\"WebSite\",\"@id\":\"https:\/\/coolbrandz.com\/de\/#website\",\"url\":\"https:\/\/coolbrandz.com\/de\/\",\"name\":\"Coolbrandz\",\"description\":\"Where cool people meet cool brands\",\"publisher\":{\"@id\":\"https:\/\/coolbrandz.com\/de\/#organization\"},\"potentialAction\":[{\"@type\":\"SearchAction\",\"target\":{\"@type\":\"EntryPoint\",\"urlTemplate\":\"https:\/\/coolbrandz.com\/de\/?s={search_term_string}\"},\"query-input\":{\"@type\":\"PropertyValueSpecification\",\"valueRequired\":true,\"valueName\":\"search_term_string\"}}],\"inLanguage\":\"de\"},{\"@type\":\"Organization\",\"@id\":\"https:\/\/coolbrandz.com\/de\/#organization\",\"name\":\"Coolbrandz\",\"alternateName\":\"coolbrandz.com\",\"url\":\"https:\/\/coolbrandz.com\/de\/\",\"logo\":{\"@type\":\"ImageObject\",\"inLanguage\":\"de\",\"@id\":\"https:\/\/coolbrandz.com\/de\/#\/schema\/logo\/image\/\",\"url\":\"http:\/\/coolbrandz.com\/wp-content\/uploads\/2023\/03\/logo_coolbrandz.png\",\"contentUrl\":\"http:\/\/coolbrandz.com\/wp-content\/uploads\/2023\/03\/logo_coolbrandz.png\",\"width\":279,\"height\":150,\"caption\":\"Coolbrandz\"},\"image\":{\"@id\":\"https:\/\/coolbrandz.com\/de\/#\/schema\/logo\/image\/\"}}]}<\/script>\n<!-- \/ Yoast SEO plugin. -->","yoast_head_json":{"title":"LAW Gin Ibiza: London Dry","description":"LAW Gin Ibiza: hergestellt aus Kaktusfeige, nur nat\u00fcrliche Botanicals der Insel, schonend destilliert auf Basis von reinem Weizenalkohol.","robots":{"index":"index","follow":"follow","max-snippet":"max-snippet:-1","max-image-preview":"max-image-preview:large","max-video-preview":"max-video-preview:-1"},"canonical":"https:\/\/coolbrandz.com\/de\/produkt\/law-gin-ibiza-london-dry\/","og_locale":"de_DE","og_type":"article","og_title":"LAW Gin Ibiza: London Dry","og_description":"LAW Gin Ibiza: hergestellt aus Kaktusfeige, nur nat\u00fcrliche Botanicals der Insel, schonend destilliert auf Basis von reinem Weizenalkohol.","og_url":"https:\/\/coolbrandz.com\/de\/produkt\/law-gin-ibiza-london-dry\/","og_site_name":"Coolbrandz","article_modified_time":"2022-05-30T18:31:19+00:00","og_image":[{"width":875,"height":875,"url":"https:\/\/coolbrandz.com\/wp-content\/uploads\/2022\/05\/LAW-Gin-Ibiza-Botanicals.jpeg","type":"image\/jpeg"}],"twitter_card":"summary_large_image","twitter_misc":{"Gesch\u00e4tzte Lesezeit":"2\u00a0Minuten"},"schema":{"@context":"https:\/\/schema.org","@graph":[{"@type":"WebPage","@id":"https:\/\/coolbrandz.com\/de\/produkt\/law-gin-ibiza-london-dry\/","url":"https:\/\/coolbrandz.com\/de\/produkt\/law-gin-ibiza-london-dry\/","name":"LAW Gin Ibiza: London Dry","isPartOf":{"@id":"https:\/\/coolbrandz.com\/de\/#website"},"primaryImageOfPage":{"@id":"https:\/\/coolbrandz.com\/de\/produkt\/law-gin-ibiza-london-dry\/#primaryimage"},"image":{"@id":"https:\/\/coolbrandz.com\/de\/produkt\/law-gin-ibiza-london-dry\/#primaryimage"},"thumbnailUrl":"https:\/\/coolbrandz.com\/wp-content\/uploads\/2022\/05\/LAW-Gin-Ibiza-Botanicals.jpeg","datePublished":"2022-05-15T15:36:20+00:00","dateModified":"2022-05-30T18:31:19+00:00","description":"LAW Gin Ibiza: hergestellt aus Kaktusfeige, nur nat\u00fcrliche Botanicals der Insel, schonend destilliert auf Basis von reinem Weizenalkohol.","breadcrumb":{"@id":"https:\/\/coolbrandz.com\/de\/produkt\/law-gin-ibiza-london-dry\/#breadcrumb"},"inLanguage":"de","potentialAction":[{"@type":"ReadAction","target":["https:\/\/coolbrandz.com\/de\/produkt\/law-gin-ibiza-london-dry\/"]}]},{"@type":"ImageObject","inLanguage":"de","@id":"https:\/\/coolbrandz.com\/de\/produkt\/law-gin-ibiza-london-dry\/#primaryimage","url":"https:\/\/coolbrandz.com\/wp-content\/uploads\/2022\/05\/LAW-Gin-Ibiza-Botanicals.jpeg","contentUrl":"https:\/\/coolbrandz.com\/wp-content\/uploads\/2022\/05\/LAW-Gin-Ibiza-Botanicals.jpeg","width":875,"height":875,"caption":"LAW Gin Ibiza Botanicals"},{"@type":"BreadcrumbList","@id":"https:\/\/coolbrandz.com\/de\/produkt\/law-gin-ibiza-london-dry\/#breadcrumb","itemListElement":[{"@type":"ListItem","position":1,"name":"Home","item":"https:\/\/coolbrandz.com\/de\/"},{"@type":"ListItem","position":2,"name":"Shop","item":"https:\/\/coolbrandz.com\/shop\/"},{"@type":"ListItem","position":3,"name":"LAW Gin Ibiza London Dry 44% vol. 0,70l"}]},{"@type":"WebSite","@id":"https:\/\/coolbrandz.com\/de\/#website","url":"https:\/\/coolbrandz.com\/de\/","name":"Coolbrandz","description":"Where cool people meet cool brands","publisher":{"@id":"https:\/\/coolbrandz.com\/de\/#organization"},"potentialAction":[{"@type":"SearchAction","target":{"@type":"EntryPoint","urlTemplate":"https:\/\/coolbrandz.com\/de\/?s={search_term_string}"},"query-input":{"@type":"PropertyValueSpecification","valueRequired":true,"valueName":"search_term_string"}}],"inLanguage":"de"},{"@type":"Organization","@id":"https:\/\/coolbrandz.com\/de\/#organization","name":"Coolbrandz","alternateName":"coolbrandz.com","url":"https:\/\/coolbrandz.com\/de\/","logo":{"@type":"ImageObject","inLanguage":"de","@id":"https:\/\/coolbrandz.com\/de\/#\/schema\/logo\/image\/","url":"http:\/\/coolbrandz.com\/wp-content\/uploads\/2023\/03\/logo_coolbrandz.png","contentUrl":"http:\/\/coolbrandz.com\/wp-content\/uploads\/2023\/03\/logo_coolbrandz.png","width":279,"height":150,"caption":"Coolbrandz"},"image":{"@id":"https:\/\/coolbrandz.com\/de\/#\/schema\/logo\/image\/"}}]}},"_links":{"self":[{"href":"https:\/\/coolbrandz.com\/de\/wp-json\/wp\/v2\/product\/76208","targetHints":{"allow":["GET"]}}],"collection":[{"href":"https:\/\/coolbrandz.com\/de\/wp-json\/wp\/v2\/product"}],"about":[{"href":"https:\/\/coolbrandz.com\/de\/wp-json\/wp\/v2\/types\/product"}],"wp:featuredmedia":[{"embeddable":true,"href":"https:\/\/coolbrandz.com\/de\/wp-json\/wp\/v2\/media\/76597"}],"wp:attachment":[{"href":"https:\/\/coolbrandz.com\/de\/wp-json\/wp\/v2\/media?parent=76208"}],"wp:term":[{"taxonomy":"product_brand","embeddable":true,"href":"https:\/\/coolbrandz.com\/de\/wp-json\/wp\/v2\/product_brand?post=76208"},{"taxonomy":"product_cat","embeddable":true,"href":"https:\/\/coolbrandz.com\/de\/wp-json\/wp\/v2\/product_cat?post=76208"},{"taxonomy":"product_tag","embeddable":true,"href":"https:\/\/coolbrandz.com\/de\/wp-json\/wp\/v2\/product_tag?post=76208"}],"curies":[{"name":"wp","href":"https:\/\/api.w.org\/{rel}","templated":true}]}}