{"id":11619,"date":"2013-11-22T21:51:45","date_gmt":"2013-11-22T20:51:45","guid":{"rendered":"http:\/\/www.coolbrandz.com\/?page_id=11619"},"modified":"2013-11-22T21:51:45","modified_gmt":"2013-11-22T20:51:45","slug":"clarisonic-plus","status":"publish","type":"page","link":"https:\/\/coolbrandz.com\/fr\/clarisonic-plus\/","title":{"rendered":"Neues Produkterlebnis: Clarisonic PLUS"},"content":{"rendered":"<div style=\"margin-bottom: 0px;\">[wpsr_retweet][wpsr_plusone][wpsr_facebook]<\/div>\n<h1>Neues Produkterlebnis: Clarisonic PLUS<\/h1>\n<h2>Clarisonic transformiert die Hautpflege<\/h2>\n<p><img decoding=\"async\" alt=\"clarisonic PLUS\" src=\"http:\/\/www.coolbrandz.com\/wp-content\/uploads\/2013\/11\/clarisonic-PLUS-273x149.jpg\" style=\"float:left;margin-right:30px;\" \/><br \/>\n<a href=\"https:\/\/www.clarisonic.com\/\">Clarisonic<\/a>\u2019s Mission ist es, Haut sch\u00f6ner zu machen. Diese innovative Brand steht f\u00fcr den wissenschaftlich erwiesenen Effekt von Schalltechnologie, die sie synergistisch mit optimierten Hautpflegeformeln kombiniert. Pflegeerlebnisse, die Clarisonic bietet, sind wundersch\u00f6n gestaltet, haben einen sofortigen Effekt und garantieren lang anhaltende Resultate.<\/p>\n<p><a href=\"http:\/\/www.coolbrandz.com\/de\/coolgadgets-1\/neu-der-schweiz-clarisonic-das-elektrische-burstchen-das-beautiful-macht\/\">Den Pressetext \u00fcber Clarisonic lesen<\/a><\/p>\n<h2>Reinigen mit Schall: sanft doch kraftvoll<\/h2>\n<p>Unsere Haut ist vielen \u00e4usseren Einfl\u00fcssen ausgesetzt: \u00d6l, Schweiss, Schmutz, Make-up und Umweltschadstoffe&#8230; In Kombination bilden diese einen klebrigen Film, der die Poren verstopft und die Haut ungesund aussehen l\u00e4sst. Sie f\u00fchlt sich rau an und kann gereizt reagieren. Gleichzeitig stellt dieser Schmutzfilm ein Hindernis dar f\u00fcr Hautpflege-Produkte, denn sie k\u00f6nnen nicht optimal in die Haut eindringen.<\/p>\n<p>Clarisonic\u2019s innovative, patentierte Schalltechnologie, geht, ungleich anderer rotierender Ger\u00e4te, auf die nat\u00fcrliche Elastizit\u00e4t der Haut ein und f\u00fchrt \u00fcber 300 Mikro-Oszillationen pro Sekunde aus. Das Ergebnis: tief sitzende Unreinheiten werden von der Haut entfernt und diese wird besser f\u00fcr die Aufnahme von Pflegeprodukten vorbereitet.<\/p>\n<p><iframe loading=\"lazy\" src=\"\/\/www.youtube.com\/embed\/APNr1gxlOvA\" height=\"315\" width=\"560\" allowfullscreen=\"\" frameborder=\"0\"><\/iframe><\/p>\n<h2>F\u00fcr Gesicht und K\u00f6rper<\/h2>\n<p>Clarisonic PLUS ist ein Multitalent in Bestform und bietet umfassende Pflege f\u00fcr saubere, sch\u00f6ne Haut im Gesicht and am K\u00f6rper. Drei Einstellungen sind verf\u00fcgbar (Delicate, Universal, Powerful) + K\u00f6rper-Modus. Ganz nach pers\u00f6nlicher Pr\u00e4ferenz kann man zwischen unterschiedlichen Geschwindigkeiten w\u00e4hlen und somit seine Clarisonic PLUS Erfahrung entsprechend der eigenen Bed\u00fcrfnisse personalisieren. Wenn der K\u00f6rperb\u00fcrstenkopf aufgesteckt ist, wechselt Clarisonic PLUS automatisch auf K\u00f6rper-Modus, mit einem Drei-Minuten-Takt.<br \/>\n<img loading=\"lazy\" decoding=\"async\" class=\"alignright size-full wp-image-11675\" alt=\"kit-clarisonic-plus\" src=\"http:\/\/www.coolbrandz.com\/wp-content\/uploads\/2013\/11\/kit-clarisonic-plus.jpg\" width=\"270\" height=\"270\" \/><br \/>\nDas Ger\u00e4t wird geliefert mit:<\/p>\n<ul>\n<li>Sensitive B\u00fcrstenkopf<\/li>\n<li>B\u00fcrste f\u00fcr den K\u00f6rper<\/li>\n<li>Probiergr\u00f6sse Reinigung 30ml<\/li>\n<li>Probiergr\u00f6sse K\u00f6rperreinigung 60ml<\/li>\n<li>Ladestation rosa<\/li>\n<\/ul>\n<h2>Quick Start Serie: Benutzerhandbuch<\/h2>\n<ul>\n<li><a href=\"http:\/\/youtu.be\/jMOFpp3gSYg\">Wie man Clarisonic PLUS anwendet<\/a><\/li>\n<li><a href=\"http:\/\/youtu.be\/GUTQ-_GhPl8\">Clarisonic PLUS: Einfach aufladen<\/a><\/li>\n<li><a href=\"http:\/\/youtu.be\/apM3HgeLYcY\">Clarisonic PLUS: Geschwindigkeit \u00e4ndern<\/a><\/li>\n<li><a href=\"http:\/\/youtu.be\/-xwBViJGVzA\">Clarisonic PLUS: Timer einstellen<\/a><\/li>\n<li><a href=\"http:\/\/www.coolbrandz.com\/wp-content\/uploads\/2013\/11\/clarisonic-plus-user-guide.pdf\" target=\"_blank\"> Benutzerhandbuch<\/a><\/li>\n<\/ul>\n<h2>Du m\u00f6chtest dieses Produkt gern entdecken?<\/h2>\n<p>Dann haben wir gute Neuigkeiten f\u00fcr dich! Wir freuen uns, 30 Clarisonic PLUS mit unserer coolbrander Community teilen zu k\u00f6nnen. Wenn du dabei sein und einen Bericht zu deiner pers\u00f6nlichen Produkterfahrung schreiben m\u00f6chtest, dann bewerbe dich durch Ausf\u00fcllen der Einstiegsumfrage bis <b>Dienstag, 26. November 2013<\/b>. Wenn du ausgew\u00e4hlt wirst, kontaktieren wir dich per E-Mail.<br \/>\n[SURVEYS 27]<\/p>\n","protected":false},"excerpt":{"rendered":"<p>[wpsr_retweet][wpsr_plusone][wpsr_facebook] Neues Produkterlebnis: Clarisonic PLUS Clarisonic transformiert die Hautpflege Clarisonic\u2019s Mission ist es, Haut sch\u00f6ner zu machen. Diese innovative Brand steht f\u00fcr den wissenschaftlich erwiesenen Effekt von Schalltechnologie, die sie synergistisch mit optimierten Hautpflegeformeln kombiniert. Pflegeerlebnisse, die Clarisonic bietet, sind wundersch\u00f6n gestaltet, haben einen sofortigen Effekt und garantieren lang anhaltende Resultate. Den Pressetext \u00fcber Clarisonic [&hellip;]<\/p>\n","protected":false},"author":1,"featured_media":0,"parent":0,"menu_order":0,"comment_status":"open","ping_status":"open","template":"","meta":{"_et_pb_use_builder":"","_et_pb_old_content":"","_et_gb_content_width":"","footnotes":""},"class_list":["post-11619","page","type-page","status-publish","hentry"],"yoast_head":"<!-- This site is optimized with the Yoast SEO plugin v24.5 - https:\/\/yoast.com\/wordpress\/plugins\/seo\/ -->\n<title>Neues Produkterlebnis: Clarisonic PLUS - Coolbrandz<\/title>\n<meta name=\"robots\" content=\"index, follow, max-snippet:-1, max-image-preview:large, max-video-preview:-1\" \/>\n<link rel=\"canonical\" href=\"https:\/\/coolbrandz.com\/fr\/clarisonic-plus\/\" \/>\n<meta property=\"og:locale\" content=\"fr_FR\" \/>\n<meta property=\"og:type\" content=\"article\" \/>\n<meta property=\"og:title\" content=\"Neues Produkterlebnis: Clarisonic PLUS - Coolbrandz\" \/>\n<meta property=\"og:description\" content=\"[wpsr_retweet][wpsr_plusone][wpsr_facebook] Neues Produkterlebnis: Clarisonic PLUS Clarisonic transformiert die Hautpflege Clarisonic\u2019s Mission ist es, Haut sch\u00f6ner zu machen. Diese innovative Brand steht f\u00fcr den wissenschaftlich erwiesenen Effekt von Schalltechnologie, die sie synergistisch mit optimierten Hautpflegeformeln kombiniert. Pflegeerlebnisse, die Clarisonic bietet, sind wundersch\u00f6n gestaltet, haben einen sofortigen Effekt und garantieren lang anhaltende Resultate. Den Pressetext \u00fcber Clarisonic [&hellip;]\" \/>\n<meta property=\"og:url\" content=\"https:\/\/coolbrandz.com\/fr\/clarisonic-plus\/\" \/>\n<meta property=\"og:site_name\" content=\"Coolbrandz\" \/>\n<meta property=\"og:image\" content=\"http:\/\/www.coolbrandz.com\/wp-content\/uploads\/2013\/11\/clarisonic-PLUS-273x149.jpg\" \/>\n<meta name=\"twitter:card\" content=\"summary_large_image\" \/>\n<meta name=\"twitter:label1\" content=\"Dur\u00e9e de lecture estim\u00e9e\" \/>\n\t<meta name=\"twitter:data1\" content=\"2 minutes\" \/>\n<script type=\"application\/ld+json\" class=\"yoast-schema-graph\">{\"@context\":\"https:\/\/schema.org\",\"@graph\":[{\"@type\":\"WebPage\",\"@id\":\"https:\/\/coolbrandz.com\/fr\/clarisonic-plus\/\",\"url\":\"https:\/\/coolbrandz.com\/fr\/clarisonic-plus\/\",\"name\":\"Neues Produkterlebnis: Clarisonic PLUS - Coolbrandz\",\"isPartOf\":{\"@id\":\"https:\/\/coolbrandz.com\/fr\/#website\"},\"primaryImageOfPage\":{\"@id\":\"https:\/\/coolbrandz.com\/fr\/clarisonic-plus\/#primaryimage\"},\"image\":{\"@id\":\"https:\/\/coolbrandz.com\/fr\/clarisonic-plus\/#primaryimage\"},\"thumbnailUrl\":\"http:\/\/www.coolbrandz.com\/wp-content\/uploads\/2013\/11\/clarisonic-PLUS-273x149.jpg\",\"datePublished\":\"2013-11-22T20:51:45+00:00\",\"breadcrumb\":{\"@id\":\"https:\/\/coolbrandz.com\/fr\/clarisonic-plus\/#breadcrumb\"},\"inLanguage\":\"fr-FR\",\"potentialAction\":[{\"@type\":\"ReadAction\",\"target\":[\"https:\/\/coolbrandz.com\/fr\/clarisonic-plus\/\"]}]},{\"@type\":\"ImageObject\",\"inLanguage\":\"fr-FR\",\"@id\":\"https:\/\/coolbrandz.com\/fr\/clarisonic-plus\/#primaryimage\",\"url\":\"http:\/\/www.coolbrandz.com\/wp-content\/uploads\/2013\/11\/clarisonic-PLUS-273x149.jpg\",\"contentUrl\":\"http:\/\/www.coolbrandz.com\/wp-content\/uploads\/2013\/11\/clarisonic-PLUS-273x149.jpg\"},{\"@type\":\"BreadcrumbList\",\"@id\":\"https:\/\/coolbrandz.com\/fr\/clarisonic-plus\/#breadcrumb\",\"itemListElement\":[{\"@type\":\"ListItem\",\"position\":1,\"name\":\"Home\",\"item\":\"https:\/\/coolbrandz.com\/fr\/\"},{\"@type\":\"ListItem\",\"position\":2,\"name\":\"Neues Produkterlebnis: Clarisonic PLUS\"}]},{\"@type\":\"WebSite\",\"@id\":\"https:\/\/coolbrandz.com\/fr\/#website\",\"url\":\"https:\/\/coolbrandz.com\/fr\/\",\"name\":\"Coolbrandz\",\"description\":\"Where cool people meet cool brands\",\"publisher\":{\"@id\":\"https:\/\/coolbrandz.com\/fr\/#organization\"},\"potentialAction\":[{\"@type\":\"SearchAction\",\"target\":{\"@type\":\"EntryPoint\",\"urlTemplate\":\"https:\/\/coolbrandz.com\/fr\/?s={search_term_string}\"},\"query-input\":{\"@type\":\"PropertyValueSpecification\",\"valueRequired\":true,\"valueName\":\"search_term_string\"}}],\"inLanguage\":\"fr-FR\"},{\"@type\":\"Organization\",\"@id\":\"https:\/\/coolbrandz.com\/fr\/#organization\",\"name\":\"Coolbrandz\",\"alternateName\":\"coolbrandz.com\",\"url\":\"https:\/\/coolbrandz.com\/fr\/\",\"logo\":{\"@type\":\"ImageObject\",\"inLanguage\":\"fr-FR\",\"@id\":\"https:\/\/coolbrandz.com\/fr\/#\/schema\/logo\/image\/\",\"url\":\"http:\/\/coolbrandz.com\/wp-content\/uploads\/2023\/03\/logo_coolbrandz.png\",\"contentUrl\":\"http:\/\/coolbrandz.com\/wp-content\/uploads\/2023\/03\/logo_coolbrandz.png\",\"width\":279,\"height\":150,\"caption\":\"Coolbrandz\"},\"image\":{\"@id\":\"https:\/\/coolbrandz.com\/fr\/#\/schema\/logo\/image\/\"}}]}<\/script>\n<!-- \/ Yoast SEO plugin. -->","yoast_head_json":{"title":"Neues Produkterlebnis: Clarisonic PLUS - Coolbrandz","robots":{"index":"index","follow":"follow","max-snippet":"max-snippet:-1","max-image-preview":"max-image-preview:large","max-video-preview":"max-video-preview:-1"},"canonical":"https:\/\/coolbrandz.com\/fr\/clarisonic-plus\/","og_locale":"fr_FR","og_type":"article","og_title":"Neues Produkterlebnis: Clarisonic PLUS - Coolbrandz","og_description":"[wpsr_retweet][wpsr_plusone][wpsr_facebook] Neues Produkterlebnis: Clarisonic PLUS Clarisonic transformiert die Hautpflege Clarisonic\u2019s Mission ist es, Haut sch\u00f6ner zu machen. Diese innovative Brand steht f\u00fcr den wissenschaftlich erwiesenen Effekt von Schalltechnologie, die sie synergistisch mit optimierten Hautpflegeformeln kombiniert. Pflegeerlebnisse, die Clarisonic bietet, sind wundersch\u00f6n gestaltet, haben einen sofortigen Effekt und garantieren lang anhaltende Resultate. Den Pressetext \u00fcber Clarisonic [&hellip;]","og_url":"https:\/\/coolbrandz.com\/fr\/clarisonic-plus\/","og_site_name":"Coolbrandz","og_image":[{"url":"http:\/\/www.coolbrandz.com\/wp-content\/uploads\/2013\/11\/clarisonic-PLUS-273x149.jpg","type":"","width":"","height":""}],"twitter_card":"summary_large_image","twitter_misc":{"Dur\u00e9e de lecture estim\u00e9e":"2 minutes"},"schema":{"@context":"https:\/\/schema.org","@graph":[{"@type":"WebPage","@id":"https:\/\/coolbrandz.com\/fr\/clarisonic-plus\/","url":"https:\/\/coolbrandz.com\/fr\/clarisonic-plus\/","name":"Neues Produkterlebnis: Clarisonic PLUS - Coolbrandz","isPartOf":{"@id":"https:\/\/coolbrandz.com\/fr\/#website"},"primaryImageOfPage":{"@id":"https:\/\/coolbrandz.com\/fr\/clarisonic-plus\/#primaryimage"},"image":{"@id":"https:\/\/coolbrandz.com\/fr\/clarisonic-plus\/#primaryimage"},"thumbnailUrl":"http:\/\/www.coolbrandz.com\/wp-content\/uploads\/2013\/11\/clarisonic-PLUS-273x149.jpg","datePublished":"2013-11-22T20:51:45+00:00","breadcrumb":{"@id":"https:\/\/coolbrandz.com\/fr\/clarisonic-plus\/#breadcrumb"},"inLanguage":"fr-FR","potentialAction":[{"@type":"ReadAction","target":["https:\/\/coolbrandz.com\/fr\/clarisonic-plus\/"]}]},{"@type":"ImageObject","inLanguage":"fr-FR","@id":"https:\/\/coolbrandz.com\/fr\/clarisonic-plus\/#primaryimage","url":"http:\/\/www.coolbrandz.com\/wp-content\/uploads\/2013\/11\/clarisonic-PLUS-273x149.jpg","contentUrl":"http:\/\/www.coolbrandz.com\/wp-content\/uploads\/2013\/11\/clarisonic-PLUS-273x149.jpg"},{"@type":"BreadcrumbList","@id":"https:\/\/coolbrandz.com\/fr\/clarisonic-plus\/#breadcrumb","itemListElement":[{"@type":"ListItem","position":1,"name":"Home","item":"https:\/\/coolbrandz.com\/fr\/"},{"@type":"ListItem","position":2,"name":"Neues Produkterlebnis: Clarisonic PLUS"}]},{"@type":"WebSite","@id":"https:\/\/coolbrandz.com\/fr\/#website","url":"https:\/\/coolbrandz.com\/fr\/","name":"Coolbrandz","description":"Where cool people meet cool brands","publisher":{"@id":"https:\/\/coolbrandz.com\/fr\/#organization"},"potentialAction":[{"@type":"SearchAction","target":{"@type":"EntryPoint","urlTemplate":"https:\/\/coolbrandz.com\/fr\/?s={search_term_string}"},"query-input":{"@type":"PropertyValueSpecification","valueRequired":true,"valueName":"search_term_string"}}],"inLanguage":"fr-FR"},{"@type":"Organization","@id":"https:\/\/coolbrandz.com\/fr\/#organization","name":"Coolbrandz","alternateName":"coolbrandz.com","url":"https:\/\/coolbrandz.com\/fr\/","logo":{"@type":"ImageObject","inLanguage":"fr-FR","@id":"https:\/\/coolbrandz.com\/fr\/#\/schema\/logo\/image\/","url":"http:\/\/coolbrandz.com\/wp-content\/uploads\/2023\/03\/logo_coolbrandz.png","contentUrl":"http:\/\/coolbrandz.com\/wp-content\/uploads\/2023\/03\/logo_coolbrandz.png","width":279,"height":150,"caption":"Coolbrandz"},"image":{"@id":"https:\/\/coolbrandz.com\/fr\/#\/schema\/logo\/image\/"}}]}},"_links":{"self":[{"href":"https:\/\/coolbrandz.com\/fr\/wp-json\/wp\/v2\/pages\/11619","targetHints":{"allow":["GET"]}}],"collection":[{"href":"https:\/\/coolbrandz.com\/fr\/wp-json\/wp\/v2\/pages"}],"about":[{"href":"https:\/\/coolbrandz.com\/fr\/wp-json\/wp\/v2\/types\/page"}],"author":[{"embeddable":true,"href":"https:\/\/coolbrandz.com\/fr\/wp-json\/wp\/v2\/users\/1"}],"replies":[{"embeddable":true,"href":"https:\/\/coolbrandz.com\/fr\/wp-json\/wp\/v2\/comments?post=11619"}],"version-history":[{"count":12,"href":"https:\/\/coolbrandz.com\/fr\/wp-json\/wp\/v2\/pages\/11619\/revisions"}],"predecessor-version":[{"id":11686,"href":"https:\/\/coolbrandz.com\/fr\/wp-json\/wp\/v2\/pages\/11619\/revisions\/11686"}],"wp:attachment":[{"href":"https:\/\/coolbrandz.com\/fr\/wp-json\/wp\/v2\/media?parent=11619"}],"curies":[{"name":"wp","href":"https:\/\/api.w.org\/{rel}","templated":true}]}}