{"id":11634,"date":"2013-11-22T21:50:54","date_gmt":"2013-11-22T20:50:54","guid":{"rendered":"http:\/\/www.coolbrandz.com\/?page_id=11634"},"modified":"2013-11-23T11:38:46","modified_gmt":"2013-11-23T10:38:46","slug":"clarisonic-plus-brosse","status":"publish","type":"page","link":"https:\/\/coolbrandz.com\/fr\/clarisonic-plus-brosse\/","title":{"rendered":"Clarisonic PLUS"},"content":{"rendered":"<div style=\"margin-bottom: 0px;\">[wpsr_retweet][wpsr_plusone][wpsr_facebook]<\/div>\n<h1>Nouvelle exp\u00e9rience produit: Clarisonic PLUS<\/h1>\n<h2>Clarisonic r\u00e9volutionne les soins de la peau<\/h2>\n<p><img decoding=\"async\" style=\"float: left; margin-right: 30px;\" alt=\"clarisonic PLUS\" src=\"http:\/\/www.coolbrandz.com\/wp-content\/uploads\/2013\/11\/clarisonic-PLUS-273x149.jpg\" \/><br \/>\nLa mission de <a href=\"https:\/\/www.clarisonic.com\/\">Clarisonic<\/a> est d\u2019embellir la peau. Cette marque innovatrice est synonyme de technologie sonique scientifiquement prouv\u00e9 \u00e0 laquelle elle se combine, de mani\u00e8re synergique, des soins optimis\u00e9s et sp\u00e9cialement formul\u00e9s pour la peau. Le nettoyage de la peau avec une brosse Clarisonic est agr\u00e9able et procure un r\u00e9sultat imm\u00e9diat et de longue dur\u00e9e.<\/p>\n<p><a href=\"http:\/\/www.coolbrandz.com\/fr\/coolgadgets-2\/clarisonic-la-petite-brosse-electrique-qui-vous-rend-beautiful\/\">Lire le communiqu\u00e9 de presse Clarisonic<\/a><\/p>\n<h2>Nettoyage Sonique: doux mais performant<\/h2>\n<p>Notre peau est perp\u00e9tuellement expos\u00e9e aux agressions externes: exc\u00e8s de s\u00e9bum, transpiration, make-up, pollution\u2026 Combin\u00e9s les uns aux autres, tous ces \u00e9l\u00e9ments forment un film gluant, qui bouche les pores et qui peut donner \u00e0 la peau un aspect gras, impur, malsain. La peau peut sembler alors irr\u00e9guli\u00e8re au toucher et r\u00e9agir de mani\u00e8re excessive. De plus, ce film d\u2019impuret\u00e9s emp\u00eache la peau de bien absorber les produits de soins et donc de se r\u00e9g\u00e9n\u00e9rer correctement.<\/p>\n<p>Contrairement \u00e0 la technologie utilis\u00e9e par les brosses rotatives qui provoquent un enroulement de la peau sur elle-m\u00eame et donc une tension au niveau des fibres du derme, les brosses Clarisonic nettoient d\u00e9licatement gr\u00e2ce \u00e0 la technologie sonique, innovatrice et brevet\u00e9e, avec un mouvement unique de l\u2019embout qui ne tourne pas sur lui-m\u00eame mais effectue 300 micro-oscillations par seconde. R\u00e9sultat : la technologie sonique de micro-oscillations ne fait subir \u00e0 la peau aucune traction ni tension au-del\u00e0 de sa zone de stress naturel. La peau n\u2019est aucunement \u00e9tir\u00e9e ou agress\u00e9e; seules les impuret\u00e9s sont entrain\u00e9es par le mouvement de la brosse.<\/p>\n<p><iframe loading=\"lazy\" src=\"\/\/www.youtube.com\/embed\/APNr1gxlOvA\" height=\"315\" width=\"560\" allowfullscreen=\"\" frameborder=\"0\"><\/iframe><\/p>\n<h2>Clarisonic PLUS: pour le visage et le corps<\/h2>\n<p>La brosse Clarisonic PLUS est un v\u00e9ritable outil multi-talents. Elle offre une exp\u00e9rience de nettoyage totale, \u00e0 la fois pour la peau du visage et du corps, rendant celles-ci plus propres et plus jolies. Elle donne le choix entre trois modes pour le visage (Delicate, Universal, Powerful) + mode r\u00e9serv\u00e9 au corps. Selon vos pr\u00e9f\u00e9rences, vous pouvez choisir parmi les diff\u00e9rentes vitesses propos\u00e9es afin de r\u00e9pondre au mieux aux besoins de votre peau, ce qui vous permet de compl\u00e8tement personnaliser votre exp\u00e9rience Clarisonic PLUS. D\u00e8s que l\u2019embout brosse destin\u00e9 au nettoyage du corps est mis en place, l\u2019appareil Clarisonic PLUS se met automatiquement sur le mode \u00ab Corps \u00bb avec un rythme de 3 minutes.<br \/>\n<img loading=\"lazy\" decoding=\"async\" class=\"alignright size-full wp-image-11675\" alt=\"kit-clarisonic-plus\" src=\"http:\/\/www.coolbrandz.com\/wp-content\/uploads\/2013\/11\/kit-clarisonic-plus.jpg\" width=\"270\" height=\"270\" \/><br \/>\nLe set contient :<\/p>\n<ul>\n<li>Embout de brosse Sensitive<\/li>\n<li>Embout brosse pour le corps<\/li>\n<li>Nettoyant visage \u00e9chantillon 30 ml<\/li>\n<li>Gommage corps 60ml<\/li>\n<li>Chargeur universel rose<\/li>\n<\/ul>\n<h2>S\u00e9rie Quick Start: guide d\u2019utilisation<\/h2>\n<ul>\n<li><a href=\"http:\/\/youtu.be\/jMOFpp3gSYg\" target=\"_blank\">Comment utiliser Clarisonic PLUS<\/a><\/li>\n<li><a href=\"http:\/\/youtu.be\/GUTQ-_GhPl8\" target=\"_blank\">Clarisonic PLUS: Le charger <\/a><\/li>\n<li><a href=\"http:\/\/youtu.be\/apM3HgeLYcY\" target=\"_blank\">Clarisonic PLUS: Changer les vitesses<\/a><\/li>\n<li><a href=\"http:\/\/youtu.be\/-xwBViJGVzA\" target=\"_blank\">Clarisonic PLUS: R\u00e9gler le Timer<\/a><\/li>\n<li><a href=\"http:\/\/www.coolbrandz.com\/wp-content\/uploads\/2013\/11\/clarisonic-plus-user-guide.pdf\" target=\"_blank\">Manuel d\u2019utilisateur<\/a><\/li>\n<\/ul>\n<h2>Tu aimerais d\u00e9couvrir ce produit?<\/h2>\n<p>Alors, nous avons une bonne nouvelle\u00a0! Nous pouvons partager <b>30 Clarisonic PLUS<\/b> avec notre communaut\u00e9 de <a href=\"http:\/\/www.coolbrandz.com\/fr\/coolbranders\/\">coolbranders<\/a>. Pour participer, c\u2019est-\u00e0-dire tester et t\u00e9moigner sur ton exp\u00e9rience personnelle avec le produit, merci de t\u2019inscrire en r\u00e9pondant \u00e0 ce petit sondage ci-dessous d\u2019ici le <b>mardi, 26 novembre 2013<\/b>. Les personnes s\u00e9lectionn\u00e9es seront contact\u00e9es par e-mail.<br \/>\n[SURVEYS 26]<\/p>\n","protected":false},"excerpt":{"rendered":"<p>[wpsr_retweet][wpsr_plusone][wpsr_facebook] Nouvelle exp\u00e9rience produit: Clarisonic PLUS Clarisonic r\u00e9volutionne les soins de la peau La mission de Clarisonic est d\u2019embellir la peau. Cette marque innovatrice est synonyme de technologie sonique scientifiquement prouv\u00e9 \u00e0 laquelle elle se combine, de mani\u00e8re synergique, des soins optimis\u00e9s et sp\u00e9cialement formul\u00e9s pour la peau. Le nettoyage de la peau avec une [&hellip;]<\/p>\n","protected":false},"author":1,"featured_media":0,"parent":0,"menu_order":0,"comment_status":"open","ping_status":"open","template":"","meta":{"_et_pb_use_builder":"","_et_pb_old_content":"","_et_gb_content_width":"","footnotes":""},"class_list":["post-11634","page","type-page","status-publish","hentry"],"yoast_head":"<!-- This site is optimized with the Yoast SEO plugin v24.5 - https:\/\/yoast.com\/wordpress\/plugins\/seo\/ -->\n<title>Clarisonic PLUS - Coolbrandz<\/title>\n<meta name=\"robots\" content=\"index, follow, max-snippet:-1, max-image-preview:large, max-video-preview:-1\" \/>\n<link rel=\"canonical\" href=\"https:\/\/coolbrandz.com\/fr\/clarisonic-plus-brosse\/\" \/>\n<meta property=\"og:locale\" content=\"fr_FR\" \/>\n<meta property=\"og:type\" content=\"article\" \/>\n<meta property=\"og:title\" content=\"Clarisonic PLUS - Coolbrandz\" \/>\n<meta property=\"og:description\" content=\"[wpsr_retweet][wpsr_plusone][wpsr_facebook] Nouvelle exp\u00e9rience produit: Clarisonic PLUS Clarisonic r\u00e9volutionne les soins de la peau La mission de Clarisonic est d\u2019embellir la peau. Cette marque innovatrice est synonyme de technologie sonique scientifiquement prouv\u00e9 \u00e0 laquelle elle se combine, de mani\u00e8re synergique, des soins optimis\u00e9s et sp\u00e9cialement formul\u00e9s pour la peau. Le nettoyage de la peau avec une [&hellip;]\" \/>\n<meta property=\"og:url\" content=\"https:\/\/coolbrandz.com\/fr\/clarisonic-plus-brosse\/\" \/>\n<meta property=\"og:site_name\" content=\"Coolbrandz\" \/>\n<meta property=\"article:modified_time\" content=\"2013-11-23T10:38:46+00:00\" \/>\n<meta property=\"og:image\" content=\"http:\/\/www.coolbrandz.com\/wp-content\/uploads\/2013\/11\/clarisonic-PLUS-273x149.jpg\" \/>\n<meta name=\"twitter:card\" content=\"summary_large_image\" \/>\n<meta name=\"twitter:label1\" content=\"Dur\u00e9e de lecture estim\u00e9e\" \/>\n\t<meta name=\"twitter:data1\" content=\"3 minutes\" \/>\n<script type=\"application\/ld+json\" class=\"yoast-schema-graph\">{\"@context\":\"https:\/\/schema.org\",\"@graph\":[{\"@type\":\"WebPage\",\"@id\":\"https:\/\/coolbrandz.com\/fr\/clarisonic-plus-brosse\/\",\"url\":\"https:\/\/coolbrandz.com\/fr\/clarisonic-plus-brosse\/\",\"name\":\"Clarisonic PLUS - Coolbrandz\",\"isPartOf\":{\"@id\":\"https:\/\/coolbrandz.com\/fr\/#website\"},\"primaryImageOfPage\":{\"@id\":\"https:\/\/coolbrandz.com\/fr\/clarisonic-plus-brosse\/#primaryimage\"},\"image\":{\"@id\":\"https:\/\/coolbrandz.com\/fr\/clarisonic-plus-brosse\/#primaryimage\"},\"thumbnailUrl\":\"http:\/\/www.coolbrandz.com\/wp-content\/uploads\/2013\/11\/clarisonic-PLUS-273x149.jpg\",\"datePublished\":\"2013-11-22T20:50:54+00:00\",\"dateModified\":\"2013-11-23T10:38:46+00:00\",\"breadcrumb\":{\"@id\":\"https:\/\/coolbrandz.com\/fr\/clarisonic-plus-brosse\/#breadcrumb\"},\"inLanguage\":\"fr-FR\",\"potentialAction\":[{\"@type\":\"ReadAction\",\"target\":[\"https:\/\/coolbrandz.com\/fr\/clarisonic-plus-brosse\/\"]}]},{\"@type\":\"ImageObject\",\"inLanguage\":\"fr-FR\",\"@id\":\"https:\/\/coolbrandz.com\/fr\/clarisonic-plus-brosse\/#primaryimage\",\"url\":\"http:\/\/www.coolbrandz.com\/wp-content\/uploads\/2013\/11\/clarisonic-PLUS-273x149.jpg\",\"contentUrl\":\"http:\/\/www.coolbrandz.com\/wp-content\/uploads\/2013\/11\/clarisonic-PLUS-273x149.jpg\"},{\"@type\":\"BreadcrumbList\",\"@id\":\"https:\/\/coolbrandz.com\/fr\/clarisonic-plus-brosse\/#breadcrumb\",\"itemListElement\":[{\"@type\":\"ListItem\",\"position\":1,\"name\":\"Home\",\"item\":\"https:\/\/coolbrandz.com\/fr\/\"},{\"@type\":\"ListItem\",\"position\":2,\"name\":\"Clarisonic PLUS\"}]},{\"@type\":\"WebSite\",\"@id\":\"https:\/\/coolbrandz.com\/fr\/#website\",\"url\":\"https:\/\/coolbrandz.com\/fr\/\",\"name\":\"Coolbrandz\",\"description\":\"Where cool people meet cool brands\",\"publisher\":{\"@id\":\"https:\/\/coolbrandz.com\/fr\/#organization\"},\"potentialAction\":[{\"@type\":\"SearchAction\",\"target\":{\"@type\":\"EntryPoint\",\"urlTemplate\":\"https:\/\/coolbrandz.com\/fr\/?s={search_term_string}\"},\"query-input\":{\"@type\":\"PropertyValueSpecification\",\"valueRequired\":true,\"valueName\":\"search_term_string\"}}],\"inLanguage\":\"fr-FR\"},{\"@type\":\"Organization\",\"@id\":\"https:\/\/coolbrandz.com\/fr\/#organization\",\"name\":\"Coolbrandz\",\"alternateName\":\"coolbrandz.com\",\"url\":\"https:\/\/coolbrandz.com\/fr\/\",\"logo\":{\"@type\":\"ImageObject\",\"inLanguage\":\"fr-FR\",\"@id\":\"https:\/\/coolbrandz.com\/fr\/#\/schema\/logo\/image\/\",\"url\":\"http:\/\/coolbrandz.com\/wp-content\/uploads\/2023\/03\/logo_coolbrandz.png\",\"contentUrl\":\"http:\/\/coolbrandz.com\/wp-content\/uploads\/2023\/03\/logo_coolbrandz.png\",\"width\":279,\"height\":150,\"caption\":\"Coolbrandz\"},\"image\":{\"@id\":\"https:\/\/coolbrandz.com\/fr\/#\/schema\/logo\/image\/\"}}]}<\/script>\n<!-- \/ Yoast SEO plugin. -->","yoast_head_json":{"title":"Clarisonic PLUS - Coolbrandz","robots":{"index":"index","follow":"follow","max-snippet":"max-snippet:-1","max-image-preview":"max-image-preview:large","max-video-preview":"max-video-preview:-1"},"canonical":"https:\/\/coolbrandz.com\/fr\/clarisonic-plus-brosse\/","og_locale":"fr_FR","og_type":"article","og_title":"Clarisonic PLUS - Coolbrandz","og_description":"[wpsr_retweet][wpsr_plusone][wpsr_facebook] Nouvelle exp\u00e9rience produit: Clarisonic PLUS Clarisonic r\u00e9volutionne les soins de la peau La mission de Clarisonic est d\u2019embellir la peau. Cette marque innovatrice est synonyme de technologie sonique scientifiquement prouv\u00e9 \u00e0 laquelle elle se combine, de mani\u00e8re synergique, des soins optimis\u00e9s et sp\u00e9cialement formul\u00e9s pour la peau. Le nettoyage de la peau avec une [&hellip;]","og_url":"https:\/\/coolbrandz.com\/fr\/clarisonic-plus-brosse\/","og_site_name":"Coolbrandz","article_modified_time":"2013-11-23T10:38:46+00:00","og_image":[{"url":"http:\/\/www.coolbrandz.com\/wp-content\/uploads\/2013\/11\/clarisonic-PLUS-273x149.jpg","type":"","width":"","height":""}],"twitter_card":"summary_large_image","twitter_misc":{"Dur\u00e9e de lecture estim\u00e9e":"3 minutes"},"schema":{"@context":"https:\/\/schema.org","@graph":[{"@type":"WebPage","@id":"https:\/\/coolbrandz.com\/fr\/clarisonic-plus-brosse\/","url":"https:\/\/coolbrandz.com\/fr\/clarisonic-plus-brosse\/","name":"Clarisonic PLUS - Coolbrandz","isPartOf":{"@id":"https:\/\/coolbrandz.com\/fr\/#website"},"primaryImageOfPage":{"@id":"https:\/\/coolbrandz.com\/fr\/clarisonic-plus-brosse\/#primaryimage"},"image":{"@id":"https:\/\/coolbrandz.com\/fr\/clarisonic-plus-brosse\/#primaryimage"},"thumbnailUrl":"http:\/\/www.coolbrandz.com\/wp-content\/uploads\/2013\/11\/clarisonic-PLUS-273x149.jpg","datePublished":"2013-11-22T20:50:54+00:00","dateModified":"2013-11-23T10:38:46+00:00","breadcrumb":{"@id":"https:\/\/coolbrandz.com\/fr\/clarisonic-plus-brosse\/#breadcrumb"},"inLanguage":"fr-FR","potentialAction":[{"@type":"ReadAction","target":["https:\/\/coolbrandz.com\/fr\/clarisonic-plus-brosse\/"]}]},{"@type":"ImageObject","inLanguage":"fr-FR","@id":"https:\/\/coolbrandz.com\/fr\/clarisonic-plus-brosse\/#primaryimage","url":"http:\/\/www.coolbrandz.com\/wp-content\/uploads\/2013\/11\/clarisonic-PLUS-273x149.jpg","contentUrl":"http:\/\/www.coolbrandz.com\/wp-content\/uploads\/2013\/11\/clarisonic-PLUS-273x149.jpg"},{"@type":"BreadcrumbList","@id":"https:\/\/coolbrandz.com\/fr\/clarisonic-plus-brosse\/#breadcrumb","itemListElement":[{"@type":"ListItem","position":1,"name":"Home","item":"https:\/\/coolbrandz.com\/fr\/"},{"@type":"ListItem","position":2,"name":"Clarisonic PLUS"}]},{"@type":"WebSite","@id":"https:\/\/coolbrandz.com\/fr\/#website","url":"https:\/\/coolbrandz.com\/fr\/","name":"Coolbrandz","description":"Where cool people meet cool brands","publisher":{"@id":"https:\/\/coolbrandz.com\/fr\/#organization"},"potentialAction":[{"@type":"SearchAction","target":{"@type":"EntryPoint","urlTemplate":"https:\/\/coolbrandz.com\/fr\/?s={search_term_string}"},"query-input":{"@type":"PropertyValueSpecification","valueRequired":true,"valueName":"search_term_string"}}],"inLanguage":"fr-FR"},{"@type":"Organization","@id":"https:\/\/coolbrandz.com\/fr\/#organization","name":"Coolbrandz","alternateName":"coolbrandz.com","url":"https:\/\/coolbrandz.com\/fr\/","logo":{"@type":"ImageObject","inLanguage":"fr-FR","@id":"https:\/\/coolbrandz.com\/fr\/#\/schema\/logo\/image\/","url":"http:\/\/coolbrandz.com\/wp-content\/uploads\/2023\/03\/logo_coolbrandz.png","contentUrl":"http:\/\/coolbrandz.com\/wp-content\/uploads\/2023\/03\/logo_coolbrandz.png","width":279,"height":150,"caption":"Coolbrandz"},"image":{"@id":"https:\/\/coolbrandz.com\/fr\/#\/schema\/logo\/image\/"}}]}},"_links":{"self":[{"href":"https:\/\/coolbrandz.com\/fr\/wp-json\/wp\/v2\/pages\/11634","targetHints":{"allow":["GET"]}}],"collection":[{"href":"https:\/\/coolbrandz.com\/fr\/wp-json\/wp\/v2\/pages"}],"about":[{"href":"https:\/\/coolbrandz.com\/fr\/wp-json\/wp\/v2\/types\/page"}],"author":[{"embeddable":true,"href":"https:\/\/coolbrandz.com\/fr\/wp-json\/wp\/v2\/users\/1"}],"replies":[{"embeddable":true,"href":"https:\/\/coolbrandz.com\/fr\/wp-json\/wp\/v2\/comments?post=11634"}],"version-history":[{"count":12,"href":"https:\/\/coolbrandz.com\/fr\/wp-json\/wp\/v2\/pages\/11634\/revisions"}],"predecessor-version":[{"id":11712,"href":"https:\/\/coolbrandz.com\/fr\/wp-json\/wp\/v2\/pages\/11634\/revisions\/11712"}],"wp:attachment":[{"href":"https:\/\/coolbrandz.com\/fr\/wp-json\/wp\/v2\/media?parent=11634"}],"curies":[{"name":"wp","href":"https:\/\/api.w.org\/{rel}","templated":true}]}}