{"id":17181,"date":"2015-03-23T11:44:38","date_gmt":"2015-03-23T10:44:38","guid":{"rendered":"http:\/\/www.coolbrandz.com\/?page_id=17181"},"modified":"2016-01-14T16:25:56","modified_gmt":"2016-01-14T15:25:56","slug":"stimorol60","status":"publish","type":"page","link":"https:\/\/coolbrandz.com\/fr\/stimorol60\/","title":{"rendered":"Stimorol 60 minutes of freshness &#8211; 60 WoM Kits to give away!"},"content":{"rendered":"<h1>Stimorol 60 minutes of freshness<br \/>\n<span class=\"blue\">60 WoM Kits to give away!<\/span><\/h1>\n<p><img loading=\"lazy\" decoding=\"async\" class=\"alignleft  wp-image-17602\" alt=\"Stimorol-300x250\" src=\"http:\/\/www.coolbrandz.com\/wp-content\/uploads\/2015\/03\/Stimorol-300x250-273x227.png\" width=\"196\" height=\"164\" \/>Stimorol chewing gum now refreshes for a full 60 minutes! 60 minutes, imagine all the things you can do in that time!<\/p>\n<p>We are looking for coolbranders who want to help us to create the longest l\u00e4\u00e4\u00e4\u00e4\u00e4\u00e4nger in the world and grab one of the 60 cool fresh-kits with the new Stimorol 60.<\/p>\n<p>If you want to get 60 minutes of freshness, register right now and tell us what you would like to do loooooonger for 60 minutes.<\/p>\n<div class=\"campaign-check\"><input class=\"checkboxfp\" id=\"campaign-ch\" type=\"checkbox\" name=\"checkbox\" value=\"stimorol60\" \/> <label for=\"campaign-ch\">Yes, I want to be a Stimorol 60 coolbrander!<\/label><\/div>\n<div id=\"campaign-survey\">[SURVEYS 79]<\/div>\n<h2>Get inspired and post your own!<\/h2>\n<p>Help us to create the longest l\u00e4\u00e4\u00e4\u00e4\u00e4\u00e4nger in the world! Post all the things you would like to do longer for 60 minutes online using hashtag #Stimorol60 and #l\u00e4\u00e4\u00e4\u00e4\u00e4\u00e4nger on Instagram, Facebook, Pinterest or Twitter. Let the world know what it is that you dream of doing for 60 minutes longer. You can create new posts or tag old ones that you have already posted and in which you are doing something you would have loved to do longer for 60 minutes. Let&rsquo;s fill the cyberspace with lots of positive things and fun inspirations of things worthwhile pursuing. Below, you can see things that other coolbranders want to do #l\u00e4\u00e4\u00e4\u00e4\u00e4\u00e4nger for 60 minutes&#8230;. Get inspired, put in your answer above, post your own stuff online and see your own suggestions featured on this page.<\/p>\n<div class=\"bot-images clearfix\">\n<div class=\"item\"><img loading=\"lazy\" decoding=\"async\" class=\"alignleft size-full wp-image-17594\" alt=\"Stimorol-geelee-\" src=\"http:\/\/www.coolbrandz.com\/wp-content\/uploads\/2015\/03\/Stimorol-geelee-.png\" width=\"322\" height=\"189\" \/><\/div>\n<div class=\"item\"><img loading=\"lazy\" decoding=\"async\" class=\"alignleft size-full wp-image-17592\" alt=\"stimorol-clubbing\" src=\"http:\/\/www.coolbrandz.com\/wp-content\/uploads\/2015\/03\/stimorol-clubbing.png\" width=\"322\" height=\"189\" \/><\/div>\n<div class=\"item\"><img loading=\"lazy\" decoding=\"async\" class=\"alignleft size-full wp-image-17593\" alt=\"stimorol-yoga\" src=\"http:\/\/www.coolbrandz.com\/wp-content\/uploads\/2015\/03\/stimorol-yoga.png\" width=\"322\" height=\"189\" \/><\/div>\n<div class=\"item\"><img loading=\"lazy\" decoding=\"async\" class=\"alignleft size-full wp-image-17595\" alt=\"Stimorol-Mountains\" src=\"http:\/\/www.coolbrandz.com\/wp-content\/uploads\/2015\/03\/Stimorol-Mountains.png\" width=\"322\" height=\"189\" \/><\/div>\n<div class=\"item\"><img loading=\"lazy\" decoding=\"async\" class=\"alignleft size-full wp-image-17599\" alt=\"Stimorol-Countryside\" src=\"http:\/\/www.coolbrandz.com\/wp-content\/uploads\/2015\/03\/Stimorol-Countryside.png\" width=\"322\" height=\"189\" \/><\/div>\n<div class=\"item\"><img loading=\"lazy\" decoding=\"async\" class=\"alignleft size-full wp-image-17600\" alt=\"Stimorol-Lake\" src=\"http:\/\/www.coolbrandz.com\/wp-content\/uploads\/2015\/03\/Stimorol-Lake1.png\" width=\"322\" height=\"189\" \/><\/div>\n<\/div>\n<p>[juicer name=&rsquo;stimorol60&prime;]<\/p>\n","protected":false},"excerpt":{"rendered":"<p>Stimorol 60 minutes of freshness 60 WoM Kits to give away! Stimorol chewing gum now refreshes for a full 60 minutes! 60 minutes, imagine all the things you can do in that time! We are looking for coolbranders who want to help us to create the longest l\u00e4\u00e4\u00e4\u00e4\u00e4\u00e4nger in the world and grab one of [&hellip;]<\/p>\n","protected":false},"author":1,"featured_media":0,"parent":0,"menu_order":0,"comment_status":"open","ping_status":"open","template":"","meta":{"_et_pb_use_builder":"","_et_pb_old_content":"","_et_gb_content_width":"","footnotes":""},"class_list":["post-17181","page","type-page","status-publish","hentry"],"yoast_head":"<!-- This site is optimized with the Yoast SEO plugin v24.5 - https:\/\/yoast.com\/wordpress\/plugins\/seo\/ -->\n<title>Stimorol 60 minutes of freshness - 60 WoM Kits to give away! - Coolbrandz<\/title>\n<meta name=\"robots\" content=\"index, follow, max-snippet:-1, max-image-preview:large, max-video-preview:-1\" \/>\n<link rel=\"canonical\" href=\"https:\/\/coolbrandz.com\/fr\/stimorol60\/\" \/>\n<meta property=\"og:locale\" content=\"fr_FR\" \/>\n<meta property=\"og:type\" content=\"article\" \/>\n<meta property=\"og:title\" content=\"Stimorol 60 minutes of freshness - 60 WoM Kits to give away! - Coolbrandz\" \/>\n<meta property=\"og:description\" content=\"Stimorol 60 minutes of freshness 60 WoM Kits to give away! Stimorol chewing gum now refreshes for a full 60 minutes! 60 minutes, imagine all the things you can do in that time! We are looking for coolbranders who want to help us to create the longest l\u00e4\u00e4\u00e4\u00e4\u00e4\u00e4nger in the world and grab one of [&hellip;]\" \/>\n<meta property=\"og:url\" content=\"https:\/\/coolbrandz.com\/fr\/stimorol60\/\" \/>\n<meta property=\"og:site_name\" content=\"Coolbrandz\" \/>\n<meta property=\"article:modified_time\" content=\"2016-01-14T15:25:56+00:00\" \/>\n<meta property=\"og:image\" content=\"http:\/\/www.coolbrandz.com\/wp-content\/uploads\/2015\/03\/Stimorol-300x250-273x227.png\" \/>\n<meta name=\"twitter:card\" content=\"summary_large_image\" \/>\n<meta name=\"twitter:label1\" content=\"Dur\u00e9e de lecture estim\u00e9e\" \/>\n\t<meta name=\"twitter:data1\" content=\"1 minute\" \/>\n<script type=\"application\/ld+json\" class=\"yoast-schema-graph\">{\"@context\":\"https:\/\/schema.org\",\"@graph\":[{\"@type\":\"WebPage\",\"@id\":\"https:\/\/coolbrandz.com\/fr\/stimorol60\/\",\"url\":\"https:\/\/coolbrandz.com\/fr\/stimorol60\/\",\"name\":\"Stimorol 60 minutes of freshness - 60 WoM Kits to give away! - Coolbrandz\",\"isPartOf\":{\"@id\":\"https:\/\/coolbrandz.com\/fr\/#website\"},\"primaryImageOfPage\":{\"@id\":\"https:\/\/coolbrandz.com\/fr\/stimorol60\/#primaryimage\"},\"image\":{\"@id\":\"https:\/\/coolbrandz.com\/fr\/stimorol60\/#primaryimage\"},\"thumbnailUrl\":\"http:\/\/www.coolbrandz.com\/wp-content\/uploads\/2015\/03\/Stimorol-300x250-273x227.png\",\"datePublished\":\"2015-03-23T10:44:38+00:00\",\"dateModified\":\"2016-01-14T15:25:56+00:00\",\"breadcrumb\":{\"@id\":\"https:\/\/coolbrandz.com\/fr\/stimorol60\/#breadcrumb\"},\"inLanguage\":\"fr-FR\",\"potentialAction\":[{\"@type\":\"ReadAction\",\"target\":[\"https:\/\/coolbrandz.com\/fr\/stimorol60\/\"]}]},{\"@type\":\"ImageObject\",\"inLanguage\":\"fr-FR\",\"@id\":\"https:\/\/coolbrandz.com\/fr\/stimorol60\/#primaryimage\",\"url\":\"http:\/\/www.coolbrandz.com\/wp-content\/uploads\/2015\/03\/Stimorol-300x250-273x227.png\",\"contentUrl\":\"http:\/\/www.coolbrandz.com\/wp-content\/uploads\/2015\/03\/Stimorol-300x250-273x227.png\"},{\"@type\":\"BreadcrumbList\",\"@id\":\"https:\/\/coolbrandz.com\/fr\/stimorol60\/#breadcrumb\",\"itemListElement\":[{\"@type\":\"ListItem\",\"position\":1,\"name\":\"Home\",\"item\":\"https:\/\/coolbrandz.com\/fr\/\"},{\"@type\":\"ListItem\",\"position\":2,\"name\":\"Stimorol 60 minutes of freshness &#8211; 60 WoM Kits to give away!\"}]},{\"@type\":\"WebSite\",\"@id\":\"https:\/\/coolbrandz.com\/fr\/#website\",\"url\":\"https:\/\/coolbrandz.com\/fr\/\",\"name\":\"Coolbrandz\",\"description\":\"Where cool people meet cool brands\",\"publisher\":{\"@id\":\"https:\/\/coolbrandz.com\/fr\/#organization\"},\"potentialAction\":[{\"@type\":\"SearchAction\",\"target\":{\"@type\":\"EntryPoint\",\"urlTemplate\":\"https:\/\/coolbrandz.com\/fr\/?s={search_term_string}\"},\"query-input\":{\"@type\":\"PropertyValueSpecification\",\"valueRequired\":true,\"valueName\":\"search_term_string\"}}],\"inLanguage\":\"fr-FR\"},{\"@type\":\"Organization\",\"@id\":\"https:\/\/coolbrandz.com\/fr\/#organization\",\"name\":\"Coolbrandz\",\"alternateName\":\"coolbrandz.com\",\"url\":\"https:\/\/coolbrandz.com\/fr\/\",\"logo\":{\"@type\":\"ImageObject\",\"inLanguage\":\"fr-FR\",\"@id\":\"https:\/\/coolbrandz.com\/fr\/#\/schema\/logo\/image\/\",\"url\":\"http:\/\/coolbrandz.com\/wp-content\/uploads\/2023\/03\/logo_coolbrandz.png\",\"contentUrl\":\"http:\/\/coolbrandz.com\/wp-content\/uploads\/2023\/03\/logo_coolbrandz.png\",\"width\":279,\"height\":150,\"caption\":\"Coolbrandz\"},\"image\":{\"@id\":\"https:\/\/coolbrandz.com\/fr\/#\/schema\/logo\/image\/\"}}]}<\/script>\n<!-- \/ Yoast SEO plugin. -->","yoast_head_json":{"title":"Stimorol 60 minutes of freshness - 60 WoM Kits to give away! - Coolbrandz","robots":{"index":"index","follow":"follow","max-snippet":"max-snippet:-1","max-image-preview":"max-image-preview:large","max-video-preview":"max-video-preview:-1"},"canonical":"https:\/\/coolbrandz.com\/fr\/stimorol60\/","og_locale":"fr_FR","og_type":"article","og_title":"Stimorol 60 minutes of freshness - 60 WoM Kits to give away! - Coolbrandz","og_description":"Stimorol 60 minutes of freshness 60 WoM Kits to give away! Stimorol chewing gum now refreshes for a full 60 minutes! 60 minutes, imagine all the things you can do in that time! We are looking for coolbranders who want to help us to create the longest l\u00e4\u00e4\u00e4\u00e4\u00e4\u00e4nger in the world and grab one of [&hellip;]","og_url":"https:\/\/coolbrandz.com\/fr\/stimorol60\/","og_site_name":"Coolbrandz","article_modified_time":"2016-01-14T15:25:56+00:00","og_image":[{"url":"http:\/\/www.coolbrandz.com\/wp-content\/uploads\/2015\/03\/Stimorol-300x250-273x227.png","type":"","width":"","height":""}],"twitter_card":"summary_large_image","twitter_misc":{"Dur\u00e9e de lecture estim\u00e9e":"1 minute"},"schema":{"@context":"https:\/\/schema.org","@graph":[{"@type":"WebPage","@id":"https:\/\/coolbrandz.com\/fr\/stimorol60\/","url":"https:\/\/coolbrandz.com\/fr\/stimorol60\/","name":"Stimorol 60 minutes of freshness - 60 WoM Kits to give away! - Coolbrandz","isPartOf":{"@id":"https:\/\/coolbrandz.com\/fr\/#website"},"primaryImageOfPage":{"@id":"https:\/\/coolbrandz.com\/fr\/stimorol60\/#primaryimage"},"image":{"@id":"https:\/\/coolbrandz.com\/fr\/stimorol60\/#primaryimage"},"thumbnailUrl":"http:\/\/www.coolbrandz.com\/wp-content\/uploads\/2015\/03\/Stimorol-300x250-273x227.png","datePublished":"2015-03-23T10:44:38+00:00","dateModified":"2016-01-14T15:25:56+00:00","breadcrumb":{"@id":"https:\/\/coolbrandz.com\/fr\/stimorol60\/#breadcrumb"},"inLanguage":"fr-FR","potentialAction":[{"@type":"ReadAction","target":["https:\/\/coolbrandz.com\/fr\/stimorol60\/"]}]},{"@type":"ImageObject","inLanguage":"fr-FR","@id":"https:\/\/coolbrandz.com\/fr\/stimorol60\/#primaryimage","url":"http:\/\/www.coolbrandz.com\/wp-content\/uploads\/2015\/03\/Stimorol-300x250-273x227.png","contentUrl":"http:\/\/www.coolbrandz.com\/wp-content\/uploads\/2015\/03\/Stimorol-300x250-273x227.png"},{"@type":"BreadcrumbList","@id":"https:\/\/coolbrandz.com\/fr\/stimorol60\/#breadcrumb","itemListElement":[{"@type":"ListItem","position":1,"name":"Home","item":"https:\/\/coolbrandz.com\/fr\/"},{"@type":"ListItem","position":2,"name":"Stimorol 60 minutes of freshness &#8211; 60 WoM Kits to give away!"}]},{"@type":"WebSite","@id":"https:\/\/coolbrandz.com\/fr\/#website","url":"https:\/\/coolbrandz.com\/fr\/","name":"Coolbrandz","description":"Where cool people meet cool brands","publisher":{"@id":"https:\/\/coolbrandz.com\/fr\/#organization"},"potentialAction":[{"@type":"SearchAction","target":{"@type":"EntryPoint","urlTemplate":"https:\/\/coolbrandz.com\/fr\/?s={search_term_string}"},"query-input":{"@type":"PropertyValueSpecification","valueRequired":true,"valueName":"search_term_string"}}],"inLanguage":"fr-FR"},{"@type":"Organization","@id":"https:\/\/coolbrandz.com\/fr\/#organization","name":"Coolbrandz","alternateName":"coolbrandz.com","url":"https:\/\/coolbrandz.com\/fr\/","logo":{"@type":"ImageObject","inLanguage":"fr-FR","@id":"https:\/\/coolbrandz.com\/fr\/#\/schema\/logo\/image\/","url":"http:\/\/coolbrandz.com\/wp-content\/uploads\/2023\/03\/logo_coolbrandz.png","contentUrl":"http:\/\/coolbrandz.com\/wp-content\/uploads\/2023\/03\/logo_coolbrandz.png","width":279,"height":150,"caption":"Coolbrandz"},"image":{"@id":"https:\/\/coolbrandz.com\/fr\/#\/schema\/logo\/image\/"}}]}},"_links":{"self":[{"href":"https:\/\/coolbrandz.com\/fr\/wp-json\/wp\/v2\/pages\/17181","targetHints":{"allow":["GET"]}}],"collection":[{"href":"https:\/\/coolbrandz.com\/fr\/wp-json\/wp\/v2\/pages"}],"about":[{"href":"https:\/\/coolbrandz.com\/fr\/wp-json\/wp\/v2\/types\/page"}],"author":[{"embeddable":true,"href":"https:\/\/coolbrandz.com\/fr\/wp-json\/wp\/v2\/users\/1"}],"replies":[{"embeddable":true,"href":"https:\/\/coolbrandz.com\/fr\/wp-json\/wp\/v2\/comments?post=17181"}],"version-history":[{"count":4,"href":"https:\/\/coolbrandz.com\/fr\/wp-json\/wp\/v2\/pages\/17181\/revisions"}],"predecessor-version":[{"id":30365,"href":"https:\/\/coolbrandz.com\/fr\/wp-json\/wp\/v2\/pages\/17181\/revisions\/30365"}],"wp:attachment":[{"href":"https:\/\/coolbrandz.com\/fr\/wp-json\/wp\/v2\/media?parent=17181"}],"curies":[{"name":"wp","href":"https:\/\/api.w.org\/{rel}","templated":true}]}}