{"id":18843,"date":"2015-07-24T14:59:50","date_gmt":"2015-07-24T12:59:50","guid":{"rendered":"http:\/\/www.coolbrandz.com\/?page_id=18843"},"modified":"2016-03-23T11:53:36","modified_gmt":"2016-03-23T10:53:36","slug":"nestle-cereals-glutenfree","status":"publish","type":"page","link":"https:\/\/coolbrandz.com\/fr\/nestle-cereals-glutenfree\/","title":{"rendered":"Neu: Nestl\u00e9 Cereals 100% glutenfreie Cornflakes"},"content":{"rendered":"<h1 style=\"text-align: center;\">Nestl\u00e9 Cereals 100% glutenfreie Cornflakes<\/h1>\n<h3 style=\"text-align: center;\">100 Testpakete zu vergeben!<\/h3>\n<p><iframe loading=\"lazy\" src=\"https:\/\/www.youtube.com\/embed\/A5an8w2dZ-g\" width=\"100%\" height=\"498\" frameborder=\"0\" allowfullscreen=\"allowfullscreen\"><\/iframe><br \/>\n&nbsp;<br \/>\n&nbsp;<\/p>\n<p style=\"text-align: center;\">Beim Fr\u00fchst\u00fcck auf Cerealien verzichten, wegen einer Gluten-Unvertr\u00e4glichkeit, Verdauungsproblemen oder Z\u00f6liakie? Nun nicht mehr! \u201cGlutenfrei\u201d ist heute ja bereits in s\u00e4mtlichen Regalen der Gesch\u00e4fte zu sehen. Nun ist auch Nestl\u00e9 mit den neuen 100% glutenfreien Cornflakes mit von der Partie. Doch Probieren geht ja bekanntlich \u00fcber Studieren, und deshalb suchen wir 100 coolbranders, die diese neuen Cornflakes testen und dar\u00fcber berichten wollen. Du bist interessiert? Dann schreib dich ein!<\/p>\n<p>&nbsp;<\/p>\n<h2 style=\"text-align: center;\">1. Adieu Intoleranz, hallo glutenfrei!<\/h2>\n<p style=\"text-align: center;\">Die neuen Nestl\u00e9 Cornflakes sind garantiert ohne Gluten und k\u00f6nnen sorglos auch von Personen mit Intoleranz verzehrt werden.<\/p>\n<p>&nbsp;<\/p>\n<h2 style=\"text-align: center;\">2. Ein offizielles Label garantiert h\u00f6chste Qualit\u00e4t<\/h2>\n<p style=\"text-align: center;\">Garantiert ohne Gluten, sind die Nestl\u00e9 Cornflakes mit dem offiziellen Qualit\u00e4tslabel der <a href=\"http:\/\/www.aoecs.org\">AOESC<\/a> (Association of European Coeliac Societies, dem Verband der europ\u00e4ischen Z\u00f6liakiegesellschaft) ausgezeichnet.<\/p>\n<p>&nbsp;<\/p>\n<h2 style=\"text-align: center;\">3. Ein einwandfreies Verfahren<\/h2>\n<p style=\"text-align: center;\">Die glutenfreien Nestl\u00e9 Cornflakes werden mit gr\u00f6sster Sorgfalt hergestellt und enthalten garantiert kein Gerstenmalzextrakt im Gegensatz zu herk\u00f6mmlichen Cornflakes. Ob auf dem Feld oder w\u00e4hrend der Lagerung, es gibt keine Ber\u00fchrung mit Weizen oder anderen glutenhaltigen Getreidearten. Auch beim Verpacken werden die glutenfreien Cornflakes von den anderen glutenhaltigen Cerealien getrennt.<\/p>\n<p>&nbsp;<\/p>\n<h2 style=\"text-align: center;\">4. Das zukunftsweisende Fr\u00fchst\u00fcck<\/h2>\n<p style=\"text-align: center;\">Glutenfrei und lecker essen ist m\u00f6glich! Beweis daf\u00fcr ist Nestl\u00e9. Die Suche nach einwandfreien Cornflakes ohne Gluten hat zum Erfolg gef\u00fchrt. Viele von uns geniessen bereits regelm\u00e4ssig Nestl\u00e9 Cerealien, da finden die neuen glutenfreien Cornflakes sicher auch ganz leicht ihren Weg auf unseren Fr\u00fchst\u00fcckstisch. F\u00fcr diejenigen, die ihr Fr\u00fchst\u00fcck auf dem Sprung zu sich nehmen, sind die neuen glutenfreien Cornflakes genau das Richtige: schnell und einfach zubereitet!<\/p>\n<p>&nbsp;<\/p>\n<h2 style=\"text-align: center;\">5. Ein leckeres, glutunfreies Fr\u00fchst\u00fcck? Mission erf\u00fcllt!<\/h2>\n<p style=\"text-align: center;\">Seit einiger Zeit findet man glutenfreie Nahrung auf vielen Tischen. Die Nestle Cornflakes ohne Gluten enthalten 5 Vitamine und bieten, zusammen mit einem Milchprodukt und einer Frucht, eine leckere und ausgewogene Mahlzeit f\u00fcr alle Familienmitglieder. Die knusperigen, glutenfreien Nestl\u00e9 Cornflakes schmecken k\u00f6stlich und richten sowohl an Personen mit Gluten-Intoleranz als auch an diejenigen, die einfach gern Gluten in ihrer Nahrung vermeiden wollen. Du m\u00f6chtest die neuen glutenfreien Cornflakes von Nestl\u00e9 probieren? Dann schreib dich gleich ein!<br \/>\n&nbsp;<br \/>\nDie 100% glutenfreien Nestl\u00e9 Cornflakes sind in einer 375g Packung im Fr\u00fchst\u00fcckscerealien-Regal der Schweizer Lebensmittell\u00e4den erh\u00e4ltlich (Coop, Nestl\u00e9 Shops, Manor, Nestl\u00e9 eShop, LeShop).<\/p>\n<p>&nbsp;<br \/>\n&nbsp;<\/p>\n","protected":false},"excerpt":{"rendered":"<p>Nestl\u00e9 Cereals 100% glutenfreie Cornflakes 100 Testpakete zu vergeben! &nbsp; &nbsp; Beim Fr\u00fchst\u00fcck auf Cerealien verzichten, wegen einer Gluten-Unvertr\u00e4glichkeit, Verdauungsproblemen oder Z\u00f6liakie? Nun nicht mehr! \u201cGlutenfrei\u201d ist heute ja bereits in s\u00e4mtlichen Regalen der Gesch\u00e4fte zu sehen. Nun ist auch Nestl\u00e9 mit den neuen 100% glutenfreien Cornflakes mit von der Partie. Doch Probieren geht ja [&hellip;]<\/p>\n","protected":false},"author":4,"featured_media":0,"parent":0,"menu_order":0,"comment_status":"open","ping_status":"open","template":"","meta":{"_et_pb_use_builder":"","_et_pb_old_content":"","_et_gb_content_width":"","footnotes":""},"class_list":["post-18843","page","type-page","status-publish","hentry"],"yoast_head":"<!-- This site is optimized with the Yoast SEO plugin v24.5 - https:\/\/yoast.com\/wordpress\/plugins\/seo\/ -->\n<title>Neu: Nestl\u00e9 Cereals 100% glutenfreie Cornflakes - Coolbrandz<\/title>\n<meta name=\"robots\" content=\"index, follow, max-snippet:-1, max-image-preview:large, max-video-preview:-1\" \/>\n<link rel=\"canonical\" href=\"https:\/\/coolbrandz.com\/fr\/nestle-cereals-glutenfree\/\" \/>\n<meta property=\"og:locale\" content=\"fr_FR\" \/>\n<meta property=\"og:type\" content=\"article\" \/>\n<meta property=\"og:title\" content=\"Neu: Nestl\u00e9 Cereals 100% glutenfreie Cornflakes - Coolbrandz\" \/>\n<meta property=\"og:description\" content=\"Nestl\u00e9 Cereals 100% glutenfreie Cornflakes 100 Testpakete zu vergeben! &nbsp; &nbsp; Beim Fr\u00fchst\u00fcck auf Cerealien verzichten, wegen einer Gluten-Unvertr\u00e4glichkeit, Verdauungsproblemen oder Z\u00f6liakie? Nun nicht mehr! \u201cGlutenfrei\u201d ist heute ja bereits in s\u00e4mtlichen Regalen der Gesch\u00e4fte zu sehen. Nun ist auch Nestl\u00e9 mit den neuen 100% glutenfreien Cornflakes mit von der Partie. Doch Probieren geht ja [&hellip;]\" \/>\n<meta property=\"og:url\" content=\"https:\/\/coolbrandz.com\/fr\/nestle-cereals-glutenfree\/\" \/>\n<meta property=\"og:site_name\" content=\"Coolbrandz\" \/>\n<meta property=\"article:modified_time\" content=\"2016-03-23T10:53:36+00:00\" \/>\n<meta name=\"twitter:card\" content=\"summary_large_image\" \/>\n<meta name=\"twitter:label1\" content=\"Dur\u00e9e de lecture estim\u00e9e\" \/>\n\t<meta name=\"twitter:data1\" content=\"2 minutes\" \/>\n<script type=\"application\/ld+json\" class=\"yoast-schema-graph\">{\"@context\":\"https:\/\/schema.org\",\"@graph\":[{\"@type\":\"WebPage\",\"@id\":\"https:\/\/coolbrandz.com\/fr\/nestle-cereals-glutenfree\/\",\"url\":\"https:\/\/coolbrandz.com\/fr\/nestle-cereals-glutenfree\/\",\"name\":\"Neu: Nestl\u00e9 Cereals 100% glutenfreie Cornflakes - Coolbrandz\",\"isPartOf\":{\"@id\":\"https:\/\/coolbrandz.com\/fr\/#website\"},\"datePublished\":\"2015-07-24T12:59:50+00:00\",\"dateModified\":\"2016-03-23T10:53:36+00:00\",\"breadcrumb\":{\"@id\":\"https:\/\/coolbrandz.com\/fr\/nestle-cereals-glutenfree\/#breadcrumb\"},\"inLanguage\":\"fr-FR\",\"potentialAction\":[{\"@type\":\"ReadAction\",\"target\":[\"https:\/\/coolbrandz.com\/fr\/nestle-cereals-glutenfree\/\"]}]},{\"@type\":\"BreadcrumbList\",\"@id\":\"https:\/\/coolbrandz.com\/fr\/nestle-cereals-glutenfree\/#breadcrumb\",\"itemListElement\":[{\"@type\":\"ListItem\",\"position\":1,\"name\":\"Home\",\"item\":\"https:\/\/coolbrandz.com\/fr\/\"},{\"@type\":\"ListItem\",\"position\":2,\"name\":\"Neu: Nestl\u00e9 Cereals 100% glutenfreie Cornflakes\"}]},{\"@type\":\"WebSite\",\"@id\":\"https:\/\/coolbrandz.com\/fr\/#website\",\"url\":\"https:\/\/coolbrandz.com\/fr\/\",\"name\":\"Coolbrandz\",\"description\":\"Where cool people meet cool brands\",\"publisher\":{\"@id\":\"https:\/\/coolbrandz.com\/fr\/#organization\"},\"potentialAction\":[{\"@type\":\"SearchAction\",\"target\":{\"@type\":\"EntryPoint\",\"urlTemplate\":\"https:\/\/coolbrandz.com\/fr\/?s={search_term_string}\"},\"query-input\":{\"@type\":\"PropertyValueSpecification\",\"valueRequired\":true,\"valueName\":\"search_term_string\"}}],\"inLanguage\":\"fr-FR\"},{\"@type\":\"Organization\",\"@id\":\"https:\/\/coolbrandz.com\/fr\/#organization\",\"name\":\"Coolbrandz\",\"alternateName\":\"coolbrandz.com\",\"url\":\"https:\/\/coolbrandz.com\/fr\/\",\"logo\":{\"@type\":\"ImageObject\",\"inLanguage\":\"fr-FR\",\"@id\":\"https:\/\/coolbrandz.com\/fr\/#\/schema\/logo\/image\/\",\"url\":\"http:\/\/coolbrandz.com\/wp-content\/uploads\/2023\/03\/logo_coolbrandz.png\",\"contentUrl\":\"http:\/\/coolbrandz.com\/wp-content\/uploads\/2023\/03\/logo_coolbrandz.png\",\"width\":279,\"height\":150,\"caption\":\"Coolbrandz\"},\"image\":{\"@id\":\"https:\/\/coolbrandz.com\/fr\/#\/schema\/logo\/image\/\"}}]}<\/script>\n<!-- \/ Yoast SEO plugin. -->","yoast_head_json":{"title":"Neu: Nestl\u00e9 Cereals 100% glutenfreie Cornflakes - Coolbrandz","robots":{"index":"index","follow":"follow","max-snippet":"max-snippet:-1","max-image-preview":"max-image-preview:large","max-video-preview":"max-video-preview:-1"},"canonical":"https:\/\/coolbrandz.com\/fr\/nestle-cereals-glutenfree\/","og_locale":"fr_FR","og_type":"article","og_title":"Neu: Nestl\u00e9 Cereals 100% glutenfreie Cornflakes - Coolbrandz","og_description":"Nestl\u00e9 Cereals 100% glutenfreie Cornflakes 100 Testpakete zu vergeben! &nbsp; &nbsp; Beim Fr\u00fchst\u00fcck auf Cerealien verzichten, wegen einer Gluten-Unvertr\u00e4glichkeit, Verdauungsproblemen oder Z\u00f6liakie? Nun nicht mehr! \u201cGlutenfrei\u201d ist heute ja bereits in s\u00e4mtlichen Regalen der Gesch\u00e4fte zu sehen. Nun ist auch Nestl\u00e9 mit den neuen 100% glutenfreien Cornflakes mit von der Partie. Doch Probieren geht ja [&hellip;]","og_url":"https:\/\/coolbrandz.com\/fr\/nestle-cereals-glutenfree\/","og_site_name":"Coolbrandz","article_modified_time":"2016-03-23T10:53:36+00:00","twitter_card":"summary_large_image","twitter_misc":{"Dur\u00e9e de lecture estim\u00e9e":"2 minutes"},"schema":{"@context":"https:\/\/schema.org","@graph":[{"@type":"WebPage","@id":"https:\/\/coolbrandz.com\/fr\/nestle-cereals-glutenfree\/","url":"https:\/\/coolbrandz.com\/fr\/nestle-cereals-glutenfree\/","name":"Neu: Nestl\u00e9 Cereals 100% glutenfreie Cornflakes - Coolbrandz","isPartOf":{"@id":"https:\/\/coolbrandz.com\/fr\/#website"},"datePublished":"2015-07-24T12:59:50+00:00","dateModified":"2016-03-23T10:53:36+00:00","breadcrumb":{"@id":"https:\/\/coolbrandz.com\/fr\/nestle-cereals-glutenfree\/#breadcrumb"},"inLanguage":"fr-FR","potentialAction":[{"@type":"ReadAction","target":["https:\/\/coolbrandz.com\/fr\/nestle-cereals-glutenfree\/"]}]},{"@type":"BreadcrumbList","@id":"https:\/\/coolbrandz.com\/fr\/nestle-cereals-glutenfree\/#breadcrumb","itemListElement":[{"@type":"ListItem","position":1,"name":"Home","item":"https:\/\/coolbrandz.com\/fr\/"},{"@type":"ListItem","position":2,"name":"Neu: Nestl\u00e9 Cereals 100% glutenfreie Cornflakes"}]},{"@type":"WebSite","@id":"https:\/\/coolbrandz.com\/fr\/#website","url":"https:\/\/coolbrandz.com\/fr\/","name":"Coolbrandz","description":"Where cool people meet cool brands","publisher":{"@id":"https:\/\/coolbrandz.com\/fr\/#organization"},"potentialAction":[{"@type":"SearchAction","target":{"@type":"EntryPoint","urlTemplate":"https:\/\/coolbrandz.com\/fr\/?s={search_term_string}"},"query-input":{"@type":"PropertyValueSpecification","valueRequired":true,"valueName":"search_term_string"}}],"inLanguage":"fr-FR"},{"@type":"Organization","@id":"https:\/\/coolbrandz.com\/fr\/#organization","name":"Coolbrandz","alternateName":"coolbrandz.com","url":"https:\/\/coolbrandz.com\/fr\/","logo":{"@type":"ImageObject","inLanguage":"fr-FR","@id":"https:\/\/coolbrandz.com\/fr\/#\/schema\/logo\/image\/","url":"http:\/\/coolbrandz.com\/wp-content\/uploads\/2023\/03\/logo_coolbrandz.png","contentUrl":"http:\/\/coolbrandz.com\/wp-content\/uploads\/2023\/03\/logo_coolbrandz.png","width":279,"height":150,"caption":"Coolbrandz"},"image":{"@id":"https:\/\/coolbrandz.com\/fr\/#\/schema\/logo\/image\/"}}]}},"_links":{"self":[{"href":"https:\/\/coolbrandz.com\/fr\/wp-json\/wp\/v2\/pages\/18843","targetHints":{"allow":["GET"]}}],"collection":[{"href":"https:\/\/coolbrandz.com\/fr\/wp-json\/wp\/v2\/pages"}],"about":[{"href":"https:\/\/coolbrandz.com\/fr\/wp-json\/wp\/v2\/types\/page"}],"author":[{"embeddable":true,"href":"https:\/\/coolbrandz.com\/fr\/wp-json\/wp\/v2\/users\/4"}],"replies":[{"embeddable":true,"href":"https:\/\/coolbrandz.com\/fr\/wp-json\/wp\/v2\/comments?post=18843"}],"version-history":[{"count":4,"href":"https:\/\/coolbrandz.com\/fr\/wp-json\/wp\/v2\/pages\/18843\/revisions"}],"predecessor-version":[{"id":31467,"href":"https:\/\/coolbrandz.com\/fr\/wp-json\/wp\/v2\/pages\/18843\/revisions\/31467"}],"wp:attachment":[{"href":"https:\/\/coolbrandz.com\/fr\/wp-json\/wp\/v2\/media?parent=18843"}],"curies":[{"name":"wp","href":"https:\/\/api.w.org\/{rel}","templated":true}]}}