{"id":31299,"date":"2016-03-14T14:03:20","date_gmt":"2016-03-14T13:03:20","guid":{"rendered":"http:\/\/www.coolbrandz.com\/?page_id=31299"},"modified":"2016-04-02T12:10:19","modified_gmt":"2016-04-02T10:10:19","slug":"loreal-castingcremegloss","status":"publish","type":"page","link":"https:\/\/coolbrandz.com\/fr\/loreal-castingcremegloss\/","title":{"rendered":"L&rsquo;Or\u00e9al Casting Cr\u00e8me Gloss"},"content":{"rendered":"<h1 style=\"text-align: center;\">Sag Ja zu Farbe und zeige uns deinen Look!<\/h1>\n<h3 style=\"text-align: center;\">100 Casting Cr\u00e8me Gloss Testpakete zu vergeben.<br \/>\nSchreib dich gleich ein!<\/h3>\n<p><iframe loading=\"lazy\" src=\"https:\/\/www.youtube.com\/embed\/6QA_s_5eu-U\" width=\"100%\" height=\"498\" frameborder=\"0\" allowfullscreen=\"allowfullscreen\"><\/iframe><\/p>\n<p style=\"text-align: center;\">Lust auf eine neue Haarfarbe? Oder gilt es, erste graue Haare abzudecken? Haaref\u00e4rben ist wirklich ganz leicht! Mit Casting Cream Gloss kannst du deinen nat\u00fcrlichen Haarton mit trendigen Farbakzenten versch\u00f6nern, ohne das Haar permanent zu f\u00e4rben. So kannst du die Farbe h\u00e4ufiger wechseln &#8211; f\u00fcr die sch\u00f6nste Version von Dir, ohne grosse Typver\u00e4nderung. Das m\u00f6chtest du gern selbst ausprobieren und dein Produkterlebnis mit uns teilen? Wir haben <strong>100 Testpakete<\/strong> an Schweizer Coolbranders zu vergeben. Schreib dich gleich ein!<\/p>\n<div class=\"survey-wrapper\">\n<div class=\"campaign-check\" style=\"text-align: center;\"><input id=\"campaign-ch\" class=\"checkboxfp\" name=\"checkbox\" type=\"checkbox\" value=\"glutenfree\" \/> <label class=\"label-title\" for=\"campaign-ch\"> Ja, ich m\u00f6chte dabei sein!<\/label><\/div>\n<div id=\"campaign-survey\">[SURVEYS 129]<\/div>\n<\/div>\n<p>&nbsp;<\/p>\n<h2 style=\"text-align: center;\">Ganz neu: eine Plattform mit Tipps und Tricks<\/h2>\n<p style=\"text-align: center;\">Auf der Plattform <a href=\"http:\/\/www.ichsagjazufarbe.ch\" target=\"_blank\">ichsagjazufarbe.ch<\/a> findest du viele Tutorials und Lookbooks, von denen du dich inspirieren lassen kannst! Hier unten haben wir bereits einige Informationen zusammengestellt, die f\u00fcr dich als Casting Cream Gloss Coolbrander n\u00fctzlich sind.<\/p>\n<p>&nbsp;<\/p>\n<div><a href=\"http:\/\/www.ichsagjazufarbe.ch\" target=\"_blank\"><img loading=\"lazy\" decoding=\"async\" class=\"alignnone size-full wp-image-31445\" src=\"http:\/\/www.coolbrandz.com\/wp-content\/uploads\/2016\/03\/lorealccg.jpg\" alt=\"lorealccg\" width=\"1204\" height=\"455\" \/><\/a><\/div>\n<p>&nbsp;<\/p>\n<h2 style=\"text-align: center;\">Haarfarben und die ideale Farbe f\u00fcr dich<\/h2>\n<p style=\"text-align: center;\">Mit dem Fr\u00fchling kommt oft die Lust auf Ver\u00e4nderung. Warum also nicht mal eine neue Haarfarbe ausprobieren? Im folgenden Video-Tutorial findest du heraus, wie viele verschiedene Farben und Farbfamilien es gibt und welche davon am besten zu dir passen k\u00f6nnten.<\/p>\n<p><iframe loading=\"lazy\" src=\"https:\/\/www.youtube.com\/embed\/4fD9iL60IZs\" width=\"100%\" height=\"498\" frameborder=\"0\" allowfullscreen=\"allowfullscreen\"><\/iframe><\/p>\n<h2 style=\"text-align: center;\">Gewinnspiel: Selfie posten und Preise gewinnen<\/h2>\n<p style=\"text-align: center;\">Teile dein Casting Cr\u00e8me Gloss Selfie mit <strong>#IchsagJazuFarbe<\/strong> und gewinne mit etwas Gl\u00fcck einen Fashion-Gutschein im Wert von CHF 500 sowie viele weitere Geschenke! Alle Infos, Teilnahmebedingungen und die zu gewinnenden Preise findest du <a href=\"http:\/\/www.ichsagjazufarbe.ch\/gewinnspiel\/\">&gt;&gt;&gt; hier<\/a>!<\/p>\n<p>&nbsp;<\/p>\n","protected":false},"excerpt":{"rendered":"<p>Sag Ja zu Farbe und zeige uns deinen Look! 100 Casting Cr\u00e8me Gloss Testpakete zu vergeben. Schreib dich gleich ein! Lust auf eine neue Haarfarbe? Oder gilt es, erste graue Haare abzudecken? Haaref\u00e4rben ist wirklich ganz leicht! Mit Casting Cream Gloss kannst du deinen nat\u00fcrlichen Haarton mit trendigen Farbakzenten versch\u00f6nern, ohne das Haar permanent zu [&hellip;]<\/p>\n","protected":false},"author":1,"featured_media":0,"parent":0,"menu_order":0,"comment_status":"closed","ping_status":"closed","template":"","meta":{"_et_pb_use_builder":"","_et_pb_old_content":"","_et_gb_content_width":"","footnotes":""},"class_list":["post-31299","page","type-page","status-publish","hentry"],"yoast_head":"<!-- This site is optimized with the Yoast SEO plugin v24.5 - https:\/\/yoast.com\/wordpress\/plugins\/seo\/ -->\n<title>L&#039;Or\u00e9al Casting Cr\u00e8me Gloss - Coolbrandz<\/title>\n<meta name=\"robots\" content=\"index, follow, max-snippet:-1, max-image-preview:large, max-video-preview:-1\" \/>\n<link rel=\"canonical\" href=\"https:\/\/coolbrandz.com\/fr\/loreal-castingcremegloss\/\" \/>\n<meta property=\"og:locale\" content=\"fr_FR\" \/>\n<meta property=\"og:type\" content=\"article\" \/>\n<meta property=\"og:title\" content=\"L&#039;Or\u00e9al Casting Cr\u00e8me Gloss - Coolbrandz\" \/>\n<meta property=\"og:description\" content=\"Sag Ja zu Farbe und zeige uns deinen Look! 100 Casting Cr\u00e8me Gloss Testpakete zu vergeben. Schreib dich gleich ein! Lust auf eine neue Haarfarbe? Oder gilt es, erste graue Haare abzudecken? Haaref\u00e4rben ist wirklich ganz leicht! Mit Casting Cream Gloss kannst du deinen nat\u00fcrlichen Haarton mit trendigen Farbakzenten versch\u00f6nern, ohne das Haar permanent zu [&hellip;]\" \/>\n<meta property=\"og:url\" content=\"https:\/\/coolbrandz.com\/fr\/loreal-castingcremegloss\/\" \/>\n<meta property=\"og:site_name\" content=\"Coolbrandz\" \/>\n<meta property=\"article:modified_time\" content=\"2016-04-02T10:10:19+00:00\" \/>\n<meta property=\"og:image\" content=\"http:\/\/www.coolbrandz.com\/wp-content\/uploads\/2016\/03\/lorealccg.jpg\" \/>\n<meta name=\"twitter:card\" content=\"summary_large_image\" \/>\n<meta name=\"twitter:label1\" content=\"Dur\u00e9e de lecture estim\u00e9e\" \/>\n\t<meta name=\"twitter:data1\" content=\"1 minute\" \/>\n<script type=\"application\/ld+json\" class=\"yoast-schema-graph\">{\"@context\":\"https:\/\/schema.org\",\"@graph\":[{\"@type\":\"WebPage\",\"@id\":\"https:\/\/coolbrandz.com\/fr\/loreal-castingcremegloss\/\",\"url\":\"https:\/\/coolbrandz.com\/fr\/loreal-castingcremegloss\/\",\"name\":\"L'Or\u00e9al Casting Cr\u00e8me Gloss - Coolbrandz\",\"isPartOf\":{\"@id\":\"https:\/\/coolbrandz.com\/fr\/#website\"},\"primaryImageOfPage\":{\"@id\":\"https:\/\/coolbrandz.com\/fr\/loreal-castingcremegloss\/#primaryimage\"},\"image\":{\"@id\":\"https:\/\/coolbrandz.com\/fr\/loreal-castingcremegloss\/#primaryimage\"},\"thumbnailUrl\":\"http:\/\/www.coolbrandz.com\/wp-content\/uploads\/2016\/03\/lorealccg.jpg\",\"datePublished\":\"2016-03-14T13:03:20+00:00\",\"dateModified\":\"2016-04-02T10:10:19+00:00\",\"breadcrumb\":{\"@id\":\"https:\/\/coolbrandz.com\/fr\/loreal-castingcremegloss\/#breadcrumb\"},\"inLanguage\":\"fr-FR\",\"potentialAction\":[{\"@type\":\"ReadAction\",\"target\":[\"https:\/\/coolbrandz.com\/fr\/loreal-castingcremegloss\/\"]}]},{\"@type\":\"ImageObject\",\"inLanguage\":\"fr-FR\",\"@id\":\"https:\/\/coolbrandz.com\/fr\/loreal-castingcremegloss\/#primaryimage\",\"url\":\"http:\/\/www.coolbrandz.com\/wp-content\/uploads\/2016\/03\/lorealccg.jpg\",\"contentUrl\":\"http:\/\/www.coolbrandz.com\/wp-content\/uploads\/2016\/03\/lorealccg.jpg\"},{\"@type\":\"BreadcrumbList\",\"@id\":\"https:\/\/coolbrandz.com\/fr\/loreal-castingcremegloss\/#breadcrumb\",\"itemListElement\":[{\"@type\":\"ListItem\",\"position\":1,\"name\":\"Home\",\"item\":\"https:\/\/coolbrandz.com\/fr\/\"},{\"@type\":\"ListItem\",\"position\":2,\"name\":\"L&#8217;Or\u00e9al Casting Cr\u00e8me Gloss\"}]},{\"@type\":\"WebSite\",\"@id\":\"https:\/\/coolbrandz.com\/fr\/#website\",\"url\":\"https:\/\/coolbrandz.com\/fr\/\",\"name\":\"Coolbrandz\",\"description\":\"Where cool people meet cool brands\",\"publisher\":{\"@id\":\"https:\/\/coolbrandz.com\/fr\/#organization\"},\"potentialAction\":[{\"@type\":\"SearchAction\",\"target\":{\"@type\":\"EntryPoint\",\"urlTemplate\":\"https:\/\/coolbrandz.com\/fr\/?s={search_term_string}\"},\"query-input\":{\"@type\":\"PropertyValueSpecification\",\"valueRequired\":true,\"valueName\":\"search_term_string\"}}],\"inLanguage\":\"fr-FR\"},{\"@type\":\"Organization\",\"@id\":\"https:\/\/coolbrandz.com\/fr\/#organization\",\"name\":\"Coolbrandz\",\"alternateName\":\"coolbrandz.com\",\"url\":\"https:\/\/coolbrandz.com\/fr\/\",\"logo\":{\"@type\":\"ImageObject\",\"inLanguage\":\"fr-FR\",\"@id\":\"https:\/\/coolbrandz.com\/fr\/#\/schema\/logo\/image\/\",\"url\":\"http:\/\/coolbrandz.com\/wp-content\/uploads\/2023\/03\/logo_coolbrandz.png\",\"contentUrl\":\"http:\/\/coolbrandz.com\/wp-content\/uploads\/2023\/03\/logo_coolbrandz.png\",\"width\":279,\"height\":150,\"caption\":\"Coolbrandz\"},\"image\":{\"@id\":\"https:\/\/coolbrandz.com\/fr\/#\/schema\/logo\/image\/\"}}]}<\/script>\n<!-- \/ Yoast SEO plugin. -->","yoast_head_json":{"title":"L'Or\u00e9al Casting Cr\u00e8me Gloss - Coolbrandz","robots":{"index":"index","follow":"follow","max-snippet":"max-snippet:-1","max-image-preview":"max-image-preview:large","max-video-preview":"max-video-preview:-1"},"canonical":"https:\/\/coolbrandz.com\/fr\/loreal-castingcremegloss\/","og_locale":"fr_FR","og_type":"article","og_title":"L'Or\u00e9al Casting Cr\u00e8me Gloss - Coolbrandz","og_description":"Sag Ja zu Farbe und zeige uns deinen Look! 100 Casting Cr\u00e8me Gloss Testpakete zu vergeben. Schreib dich gleich ein! Lust auf eine neue Haarfarbe? Oder gilt es, erste graue Haare abzudecken? Haaref\u00e4rben ist wirklich ganz leicht! Mit Casting Cream Gloss kannst du deinen nat\u00fcrlichen Haarton mit trendigen Farbakzenten versch\u00f6nern, ohne das Haar permanent zu [&hellip;]","og_url":"https:\/\/coolbrandz.com\/fr\/loreal-castingcremegloss\/","og_site_name":"Coolbrandz","article_modified_time":"2016-04-02T10:10:19+00:00","og_image":[{"url":"http:\/\/www.coolbrandz.com\/wp-content\/uploads\/2016\/03\/lorealccg.jpg","type":"","width":"","height":""}],"twitter_card":"summary_large_image","twitter_misc":{"Dur\u00e9e de lecture estim\u00e9e":"1 minute"},"schema":{"@context":"https:\/\/schema.org","@graph":[{"@type":"WebPage","@id":"https:\/\/coolbrandz.com\/fr\/loreal-castingcremegloss\/","url":"https:\/\/coolbrandz.com\/fr\/loreal-castingcremegloss\/","name":"L'Or\u00e9al Casting Cr\u00e8me Gloss - Coolbrandz","isPartOf":{"@id":"https:\/\/coolbrandz.com\/fr\/#website"},"primaryImageOfPage":{"@id":"https:\/\/coolbrandz.com\/fr\/loreal-castingcremegloss\/#primaryimage"},"image":{"@id":"https:\/\/coolbrandz.com\/fr\/loreal-castingcremegloss\/#primaryimage"},"thumbnailUrl":"http:\/\/www.coolbrandz.com\/wp-content\/uploads\/2016\/03\/lorealccg.jpg","datePublished":"2016-03-14T13:03:20+00:00","dateModified":"2016-04-02T10:10:19+00:00","breadcrumb":{"@id":"https:\/\/coolbrandz.com\/fr\/loreal-castingcremegloss\/#breadcrumb"},"inLanguage":"fr-FR","potentialAction":[{"@type":"ReadAction","target":["https:\/\/coolbrandz.com\/fr\/loreal-castingcremegloss\/"]}]},{"@type":"ImageObject","inLanguage":"fr-FR","@id":"https:\/\/coolbrandz.com\/fr\/loreal-castingcremegloss\/#primaryimage","url":"http:\/\/www.coolbrandz.com\/wp-content\/uploads\/2016\/03\/lorealccg.jpg","contentUrl":"http:\/\/www.coolbrandz.com\/wp-content\/uploads\/2016\/03\/lorealccg.jpg"},{"@type":"BreadcrumbList","@id":"https:\/\/coolbrandz.com\/fr\/loreal-castingcremegloss\/#breadcrumb","itemListElement":[{"@type":"ListItem","position":1,"name":"Home","item":"https:\/\/coolbrandz.com\/fr\/"},{"@type":"ListItem","position":2,"name":"L&#8217;Or\u00e9al Casting Cr\u00e8me Gloss"}]},{"@type":"WebSite","@id":"https:\/\/coolbrandz.com\/fr\/#website","url":"https:\/\/coolbrandz.com\/fr\/","name":"Coolbrandz","description":"Where cool people meet cool brands","publisher":{"@id":"https:\/\/coolbrandz.com\/fr\/#organization"},"potentialAction":[{"@type":"SearchAction","target":{"@type":"EntryPoint","urlTemplate":"https:\/\/coolbrandz.com\/fr\/?s={search_term_string}"},"query-input":{"@type":"PropertyValueSpecification","valueRequired":true,"valueName":"search_term_string"}}],"inLanguage":"fr-FR"},{"@type":"Organization","@id":"https:\/\/coolbrandz.com\/fr\/#organization","name":"Coolbrandz","alternateName":"coolbrandz.com","url":"https:\/\/coolbrandz.com\/fr\/","logo":{"@type":"ImageObject","inLanguage":"fr-FR","@id":"https:\/\/coolbrandz.com\/fr\/#\/schema\/logo\/image\/","url":"http:\/\/coolbrandz.com\/wp-content\/uploads\/2023\/03\/logo_coolbrandz.png","contentUrl":"http:\/\/coolbrandz.com\/wp-content\/uploads\/2023\/03\/logo_coolbrandz.png","width":279,"height":150,"caption":"Coolbrandz"},"image":{"@id":"https:\/\/coolbrandz.com\/fr\/#\/schema\/logo\/image\/"}}]}},"_links":{"self":[{"href":"https:\/\/coolbrandz.com\/fr\/wp-json\/wp\/v2\/pages\/31299","targetHints":{"allow":["GET"]}}],"collection":[{"href":"https:\/\/coolbrandz.com\/fr\/wp-json\/wp\/v2\/pages"}],"about":[{"href":"https:\/\/coolbrandz.com\/fr\/wp-json\/wp\/v2\/types\/page"}],"author":[{"embeddable":true,"href":"https:\/\/coolbrandz.com\/fr\/wp-json\/wp\/v2\/users\/1"}],"replies":[{"embeddable":true,"href":"https:\/\/coolbrandz.com\/fr\/wp-json\/wp\/v2\/comments?post=31299"}],"version-history":[{"count":3,"href":"https:\/\/coolbrandz.com\/fr\/wp-json\/wp\/v2\/pages\/31299\/revisions"}],"predecessor-version":[{"id":31420,"href":"https:\/\/coolbrandz.com\/fr\/wp-json\/wp\/v2\/pages\/31299\/revisions\/31420"}],"wp:attachment":[{"href":"https:\/\/coolbrandz.com\/fr\/wp-json\/wp\/v2\/media?parent=31299"}],"curies":[{"name":"wp","href":"https:\/\/api.w.org\/{rel}","templated":true}]}}