{"id":9356,"date":"2013-05-19T20:10:11","date_gmt":"2013-05-19T18:10:11","guid":{"rendered":"http:\/\/www.coolbrandz.ch\/?page_id=9356"},"modified":"2013-06-12T22:42:25","modified_gmt":"2013-06-12T20:42:25","slug":"nestle-cereals","status":"publish","type":"page","link":"https:\/\/coolbrandz.com\/fr\/nestle-cereals\/","title":{"rendered":"Nestl\u00e9 Cerealien"},"content":{"rendered":"<div style=\"padding-right: 350px; text-align: right;\">[wpsr_retweet][wpsr_plusone][wpsr_facebook]<\/div>\n<h2 style=\"margin-bottom: 20px;\">Neues Produkterlebnis:<\/h2>\n<h1 style=\"font-size: 54px;\">Nestl\u00e9 Cerealien<\/h1>\n<p><img decoding=\"async\" style=\"float: right;\" alt=\"\" src=\"http:\/\/www.coolbrandz.ch\/wp-content\/themes\/coolbrandz\/skins\/nestle\/img\/campaign-page\/product.jpg\" \/><\/p>\n<p>Schon geh\u00f6rt? Nestl\u00e9 Cerealien haben ein megafeines neues Rezept!<\/p>\n<p>Als weltweit f\u00fchrender Anbieter von Fr\u00fchst\u00fcckscerealien mit Vollkorngetreide legt Nestl\u00e9 besonderen Wert auf eine gute Ern\u00e4hrung. Die Firma verpflichtet sich, die Nestl\u00e9 Cerealien-Produkte kontinuierlich zu verbessern, um eurer Familie ein k\u00f6stliches, ausgewogenes sowie einfach zubereitendes Fr\u00fchst\u00fcck anzubieten.<\/p>\n<p>Eure Lieblingscerealien haben also jetzt eine verbesserte Rezeptur mit einem unwiderstehlich k\u00f6stlichen Geschmack und wertvollen N\u00e4hrstoffen. Nestl\u00e9 Fr\u00fchst\u00fcckscerealien:<\/p>\n<ul>\n<li>enthalten jetzt weniger als 9g Zucker pro Portion*<\/li>\n<li>sind mit mindestens 30% Vollkorngetreide hergestellt<\/li>\n<li>sind eine gute Quelle f\u00fcr Calcium** und Vitamin D1<\/li>\n<\/ul>\n<p>* Eine Portion von 30g (ohne Milch), wie vom Verband der Europ\u00e4ischen Cerealienhersteller festgelegt<br \/>\n** Eine Portion deckt mindestens 15% der empfohlenen Tagesdosis<\/p>\n<p>Liebe coolbranders, die Anmeldungen \u00fcr diese Kampagne sind nun geschlossen, wir haben die 1&rsquo;000 Probiersets bereits vergeben. Um \u00fcber weitere Kampagnen informiert zu bleiben, schreibt euch bitte hier ein: <a title=\"coolbranders Anmeldung\" href=\"http:\/\/www.coolbrandz.ch\/de\/coolbranders\/\">http:\/\/www.coolbrandz.ch\/de\/coolbranders\/<\/a><\/p>\n<p><script type=\"text\/javascript\">\/\/ < ![CDATA[\nvar fb_param = {};\nfb_param.pixel_id = '6007136689122';\nfb_param.value = '0.00';\n(function(){\n  var fpw = document.createElement('script');\n  fpw.async = true;\n  fpw.src = '\/\/connect.facebook.net\/en_US\/fp.js';\n  var ref = document.getElementsByTagName('script')[0];\n  ref.parentNode.insertBefore(fpw, ref);\n})();\n\/\/ ]]><\/script><\/p>\n<p><noscript><img loading=\"lazy\" decoding=\"async\" height=\"1\" width=\"1\" alt=\"\" style=\"display:none\" src=\"https:\/\/www.facebook.com\/offsite_event.php?id=6007136689122&#038;value=0\" \/><\/noscript><\/p>\n","protected":false},"excerpt":{"rendered":"<p>[wpsr_retweet][wpsr_plusone][wpsr_facebook] Neues Produkterlebnis: Nestl\u00e9 Cerealien Schon geh\u00f6rt? Nestl\u00e9 Cerealien haben ein megafeines neues Rezept! Als weltweit f\u00fchrender Anbieter von Fr\u00fchst\u00fcckscerealien mit Vollkorngetreide legt Nestl\u00e9 besonderen Wert auf eine gute Ern\u00e4hrung. Die Firma verpflichtet sich, die Nestl\u00e9 Cerealien-Produkte kontinuierlich zu verbessern, um eurer Familie ein k\u00f6stliches, ausgewogenes sowie einfach zubereitendes Fr\u00fchst\u00fcck anzubieten. Eure Lieblingscerealien haben also [&hellip;]<\/p>\n","protected":false},"author":1,"featured_media":0,"parent":0,"menu_order":0,"comment_status":"open","ping_status":"open","template":"","meta":{"_et_pb_use_builder":"","_et_pb_old_content":"","_et_gb_content_width":"","footnotes":""},"class_list":["post-9356","page","type-page","status-publish","hentry"],"yoast_head":"<!-- This site is optimized with the Yoast SEO plugin v24.5 - https:\/\/yoast.com\/wordpress\/plugins\/seo\/ -->\n<title>Nestl\u00e9 Cerealien - Coolbrandz<\/title>\n<meta name=\"robots\" content=\"index, follow, max-snippet:-1, max-image-preview:large, max-video-preview:-1\" \/>\n<link rel=\"canonical\" href=\"https:\/\/coolbrandz.com\/fr\/nestle-cereals\/\" \/>\n<meta property=\"og:locale\" content=\"fr_FR\" \/>\n<meta property=\"og:type\" content=\"article\" \/>\n<meta property=\"og:title\" content=\"Nestl\u00e9 Cerealien - Coolbrandz\" \/>\n<meta property=\"og:description\" content=\"[wpsr_retweet][wpsr_plusone][wpsr_facebook] Neues Produkterlebnis: Nestl\u00e9 Cerealien Schon geh\u00f6rt? Nestl\u00e9 Cerealien haben ein megafeines neues Rezept! Als weltweit f\u00fchrender Anbieter von Fr\u00fchst\u00fcckscerealien mit Vollkorngetreide legt Nestl\u00e9 besonderen Wert auf eine gute Ern\u00e4hrung. Die Firma verpflichtet sich, die Nestl\u00e9 Cerealien-Produkte kontinuierlich zu verbessern, um eurer Familie ein k\u00f6stliches, ausgewogenes sowie einfach zubereitendes Fr\u00fchst\u00fcck anzubieten. Eure Lieblingscerealien haben also [&hellip;]\" \/>\n<meta property=\"og:url\" content=\"https:\/\/coolbrandz.com\/fr\/nestle-cereals\/\" \/>\n<meta property=\"og:site_name\" content=\"Coolbrandz\" \/>\n<meta property=\"article:modified_time\" content=\"2013-06-12T20:42:25+00:00\" \/>\n<meta property=\"og:image\" content=\"http:\/\/www.coolbrandz.ch\/wp-content\/themes\/coolbrandz\/skins\/nestle\/img\/campaign-page\/product.jpg\" \/>\n<meta name=\"twitter:card\" content=\"summary_large_image\" \/>\n<meta name=\"twitter:label1\" content=\"Dur\u00e9e de lecture estim\u00e9e\" \/>\n\t<meta name=\"twitter:data1\" content=\"1 minute\" \/>\n<script type=\"application\/ld+json\" class=\"yoast-schema-graph\">{\"@context\":\"https:\/\/schema.org\",\"@graph\":[{\"@type\":\"WebPage\",\"@id\":\"https:\/\/coolbrandz.com\/fr\/nestle-cereals\/\",\"url\":\"https:\/\/coolbrandz.com\/fr\/nestle-cereals\/\",\"name\":\"Nestl\u00e9 Cerealien - Coolbrandz\",\"isPartOf\":{\"@id\":\"https:\/\/coolbrandz.com\/fr\/#website\"},\"primaryImageOfPage\":{\"@id\":\"https:\/\/coolbrandz.com\/fr\/nestle-cereals\/#primaryimage\"},\"image\":{\"@id\":\"https:\/\/coolbrandz.com\/fr\/nestle-cereals\/#primaryimage\"},\"thumbnailUrl\":\"http:\/\/www.coolbrandz.ch\/wp-content\/themes\/coolbrandz\/skins\/nestle\/img\/campaign-page\/product.jpg\",\"datePublished\":\"2013-05-19T18:10:11+00:00\",\"dateModified\":\"2013-06-12T20:42:25+00:00\",\"breadcrumb\":{\"@id\":\"https:\/\/coolbrandz.com\/fr\/nestle-cereals\/#breadcrumb\"},\"inLanguage\":\"fr-FR\",\"potentialAction\":[{\"@type\":\"ReadAction\",\"target\":[\"https:\/\/coolbrandz.com\/fr\/nestle-cereals\/\"]}]},{\"@type\":\"ImageObject\",\"inLanguage\":\"fr-FR\",\"@id\":\"https:\/\/coolbrandz.com\/fr\/nestle-cereals\/#primaryimage\",\"url\":\"http:\/\/www.coolbrandz.ch\/wp-content\/themes\/coolbrandz\/skins\/nestle\/img\/campaign-page\/product.jpg\",\"contentUrl\":\"http:\/\/www.coolbrandz.ch\/wp-content\/themes\/coolbrandz\/skins\/nestle\/img\/campaign-page\/product.jpg\"},{\"@type\":\"BreadcrumbList\",\"@id\":\"https:\/\/coolbrandz.com\/fr\/nestle-cereals\/#breadcrumb\",\"itemListElement\":[{\"@type\":\"ListItem\",\"position\":1,\"name\":\"Home\",\"item\":\"https:\/\/coolbrandz.com\/fr\/\"},{\"@type\":\"ListItem\",\"position\":2,\"name\":\"Nestl\u00e9 Cerealien\"}]},{\"@type\":\"WebSite\",\"@id\":\"https:\/\/coolbrandz.com\/fr\/#website\",\"url\":\"https:\/\/coolbrandz.com\/fr\/\",\"name\":\"Coolbrandz\",\"description\":\"Where cool people meet cool brands\",\"publisher\":{\"@id\":\"https:\/\/coolbrandz.com\/fr\/#organization\"},\"potentialAction\":[{\"@type\":\"SearchAction\",\"target\":{\"@type\":\"EntryPoint\",\"urlTemplate\":\"https:\/\/coolbrandz.com\/fr\/?s={search_term_string}\"},\"query-input\":{\"@type\":\"PropertyValueSpecification\",\"valueRequired\":true,\"valueName\":\"search_term_string\"}}],\"inLanguage\":\"fr-FR\"},{\"@type\":\"Organization\",\"@id\":\"https:\/\/coolbrandz.com\/fr\/#organization\",\"name\":\"Coolbrandz\",\"alternateName\":\"coolbrandz.com\",\"url\":\"https:\/\/coolbrandz.com\/fr\/\",\"logo\":{\"@type\":\"ImageObject\",\"inLanguage\":\"fr-FR\",\"@id\":\"https:\/\/coolbrandz.com\/fr\/#\/schema\/logo\/image\/\",\"url\":\"http:\/\/coolbrandz.com\/wp-content\/uploads\/2023\/03\/logo_coolbrandz.png\",\"contentUrl\":\"http:\/\/coolbrandz.com\/wp-content\/uploads\/2023\/03\/logo_coolbrandz.png\",\"width\":279,\"height\":150,\"caption\":\"Coolbrandz\"},\"image\":{\"@id\":\"https:\/\/coolbrandz.com\/fr\/#\/schema\/logo\/image\/\"}}]}<\/script>\n<!-- \/ Yoast SEO plugin. -->","yoast_head_json":{"title":"Nestl\u00e9 Cerealien - Coolbrandz","robots":{"index":"index","follow":"follow","max-snippet":"max-snippet:-1","max-image-preview":"max-image-preview:large","max-video-preview":"max-video-preview:-1"},"canonical":"https:\/\/coolbrandz.com\/fr\/nestle-cereals\/","og_locale":"fr_FR","og_type":"article","og_title":"Nestl\u00e9 Cerealien - Coolbrandz","og_description":"[wpsr_retweet][wpsr_plusone][wpsr_facebook] Neues Produkterlebnis: Nestl\u00e9 Cerealien Schon geh\u00f6rt? Nestl\u00e9 Cerealien haben ein megafeines neues Rezept! Als weltweit f\u00fchrender Anbieter von Fr\u00fchst\u00fcckscerealien mit Vollkorngetreide legt Nestl\u00e9 besonderen Wert auf eine gute Ern\u00e4hrung. Die Firma verpflichtet sich, die Nestl\u00e9 Cerealien-Produkte kontinuierlich zu verbessern, um eurer Familie ein k\u00f6stliches, ausgewogenes sowie einfach zubereitendes Fr\u00fchst\u00fcck anzubieten. Eure Lieblingscerealien haben also [&hellip;]","og_url":"https:\/\/coolbrandz.com\/fr\/nestle-cereals\/","og_site_name":"Coolbrandz","article_modified_time":"2013-06-12T20:42:25+00:00","og_image":[{"url":"http:\/\/www.coolbrandz.ch\/wp-content\/themes\/coolbrandz\/skins\/nestle\/img\/campaign-page\/product.jpg","type":"","width":"","height":""}],"twitter_card":"summary_large_image","twitter_misc":{"Dur\u00e9e de lecture estim\u00e9e":"1 minute"},"schema":{"@context":"https:\/\/schema.org","@graph":[{"@type":"WebPage","@id":"https:\/\/coolbrandz.com\/fr\/nestle-cereals\/","url":"https:\/\/coolbrandz.com\/fr\/nestle-cereals\/","name":"Nestl\u00e9 Cerealien - Coolbrandz","isPartOf":{"@id":"https:\/\/coolbrandz.com\/fr\/#website"},"primaryImageOfPage":{"@id":"https:\/\/coolbrandz.com\/fr\/nestle-cereals\/#primaryimage"},"image":{"@id":"https:\/\/coolbrandz.com\/fr\/nestle-cereals\/#primaryimage"},"thumbnailUrl":"http:\/\/www.coolbrandz.ch\/wp-content\/themes\/coolbrandz\/skins\/nestle\/img\/campaign-page\/product.jpg","datePublished":"2013-05-19T18:10:11+00:00","dateModified":"2013-06-12T20:42:25+00:00","breadcrumb":{"@id":"https:\/\/coolbrandz.com\/fr\/nestle-cereals\/#breadcrumb"},"inLanguage":"fr-FR","potentialAction":[{"@type":"ReadAction","target":["https:\/\/coolbrandz.com\/fr\/nestle-cereals\/"]}]},{"@type":"ImageObject","inLanguage":"fr-FR","@id":"https:\/\/coolbrandz.com\/fr\/nestle-cereals\/#primaryimage","url":"http:\/\/www.coolbrandz.ch\/wp-content\/themes\/coolbrandz\/skins\/nestle\/img\/campaign-page\/product.jpg","contentUrl":"http:\/\/www.coolbrandz.ch\/wp-content\/themes\/coolbrandz\/skins\/nestle\/img\/campaign-page\/product.jpg"},{"@type":"BreadcrumbList","@id":"https:\/\/coolbrandz.com\/fr\/nestle-cereals\/#breadcrumb","itemListElement":[{"@type":"ListItem","position":1,"name":"Home","item":"https:\/\/coolbrandz.com\/fr\/"},{"@type":"ListItem","position":2,"name":"Nestl\u00e9 Cerealien"}]},{"@type":"WebSite","@id":"https:\/\/coolbrandz.com\/fr\/#website","url":"https:\/\/coolbrandz.com\/fr\/","name":"Coolbrandz","description":"Where cool people meet cool brands","publisher":{"@id":"https:\/\/coolbrandz.com\/fr\/#organization"},"potentialAction":[{"@type":"SearchAction","target":{"@type":"EntryPoint","urlTemplate":"https:\/\/coolbrandz.com\/fr\/?s={search_term_string}"},"query-input":{"@type":"PropertyValueSpecification","valueRequired":true,"valueName":"search_term_string"}}],"inLanguage":"fr-FR"},{"@type":"Organization","@id":"https:\/\/coolbrandz.com\/fr\/#organization","name":"Coolbrandz","alternateName":"coolbrandz.com","url":"https:\/\/coolbrandz.com\/fr\/","logo":{"@type":"ImageObject","inLanguage":"fr-FR","@id":"https:\/\/coolbrandz.com\/fr\/#\/schema\/logo\/image\/","url":"http:\/\/coolbrandz.com\/wp-content\/uploads\/2023\/03\/logo_coolbrandz.png","contentUrl":"http:\/\/coolbrandz.com\/wp-content\/uploads\/2023\/03\/logo_coolbrandz.png","width":279,"height":150,"caption":"Coolbrandz"},"image":{"@id":"https:\/\/coolbrandz.com\/fr\/#\/schema\/logo\/image\/"}}]}},"_links":{"self":[{"href":"https:\/\/coolbrandz.com\/fr\/wp-json\/wp\/v2\/pages\/9356","targetHints":{"allow":["GET"]}}],"collection":[{"href":"https:\/\/coolbrandz.com\/fr\/wp-json\/wp\/v2\/pages"}],"about":[{"href":"https:\/\/coolbrandz.com\/fr\/wp-json\/wp\/v2\/types\/page"}],"author":[{"embeddable":true,"href":"https:\/\/coolbrandz.com\/fr\/wp-json\/wp\/v2\/users\/1"}],"replies":[{"embeddable":true,"href":"https:\/\/coolbrandz.com\/fr\/wp-json\/wp\/v2\/comments?post=9356"}],"version-history":[{"count":17,"href":"https:\/\/coolbrandz.com\/fr\/wp-json\/wp\/v2\/pages\/9356\/revisions"}],"predecessor-version":[{"id":9359,"href":"https:\/\/coolbrandz.com\/fr\/wp-json\/wp\/v2\/pages\/9356\/revisions\/9359"}],"wp:attachment":[{"href":"https:\/\/coolbrandz.com\/fr\/wp-json\/wp\/v2\/media?parent=9356"}],"curies":[{"name":"wp","href":"https:\/\/api.w.org\/{rel}","templated":true}]}}