{"id":76181,"date":"2022-05-14T14:05:40","date_gmt":"2022-05-14T12:49:34","guid":{"rendered":"https:\/\/coolbrandz.com\/product\/rawcat-superfood-barre-caramel-sale\/"},"modified":"2024-06-26T11:59:57","modified_gmt":"2024-06-26T09:59:57","slug":"rawcat-bar-caramel-sel","status":"publish","type":"product","link":"https:\/\/coolbrandz.com\/fr\/produit\/rawcat-bar-caramel-sel\/","title":{"rendered":"RAWCAT Superfood Barre Caramel Sal\u00e9 &#8211; Box \u00e0 15 barres &#8211; EUR 25"},"content":{"rendered":"<p>RAWCAT Superfood Barre Caramel Sal\u00e9 &#8211; Sans gluten, vegan, sans lactose, sans OGM, sans sucre, d&rsquo;origine v\u00e9g\u00e9tale &#8211; 25 EUR, livraison incluse<\/p>\n<p><a href=\"https:\/\/rawcatbar.com\/?l=en\">RAWCAT<\/a> est sp\u00e9cialis\u00e9 dans la production de produits sains et naturels. Leurs barres fonctionnelles se composent exclusivement d&rsquo;ingr\u00e9dients naturels tels que des noix, des fruits, des baies et des superaliments. Enrichi en vitamines, min\u00e9raux et fibres. Exempt de gluten, lactose, sucre ajout\u00e9, OGM, colorants ou conservateurs. Les barres RAWCAT combinent bon go\u00fbt, look unique, prix abordable et haute qualit\u00e9\u00a0!<\/p>\n<p><strong>Composition du produit<\/strong><\/p>\n<p>Beurre d&rsquo;arachide<br \/>\nP\u00e2te de dattes<br \/>\nNoix de cajou<br \/>\nSucre de coco<br \/>\nRiz souffl\u00e9<br \/>\nCacao<br \/>\nSel rose<\/p>\n<p><strong>Valeurs nutritionnelles (52g)<\/strong><\/p>\n<p>Prot\u00e9ines\u00a0: 6,7\u00a0g<br \/>\nMati\u00e8res grasses\u00a0: 12,2\u00a0g<br \/>\nGlucides\u00a0: 22,0\u00a0g<br \/>\nFibres alimentaires : 2,7 g<br \/>\nSel\u00a0: 0,8\u00a0g<br \/>\nCalories : 224\/940 kcal\/kJ<\/p>\n<p><strong>\u00c0 propos de RAWCAT<\/strong><\/p>\n<p>RAWCAT est une jeune marque de barres fonctionnelles originaire d&rsquo;Ukraine. Leur mission est de vous rendre plus heureux et en meilleure sant\u00e9. Les produits qu&rsquo;ils cr\u00e9ent sont exclusivement compos\u00e9s d&rsquo;ingr\u00e9dients naturels, tels que : noix, fruits, baies, superaliments. Les barres RAWCAT sont enrichies en vitamines, min\u00e9raux et fibres. Vous n&rsquo;y trouverez ni colorants ni conservateurs.<\/p>\n<p>RAWCAT propose des emballages \u00e9l\u00e9gants et attrayants, ce qui est particuli\u00e8rement int\u00e9ressant pour les clients B2B car il favorise les ventes en magasin. Avec le masque de chat et les couleurs fluo \u00e9clatantes, les bo\u00eetes RAWCAT sont un v\u00e9ritable accroche-regard. En Ukraine, la livraison est gratuite ; en Europe, les frais de livraison sont commod\u00e9ment inclus dans le prix de vente de 25 EUR.<\/p>\n<p>Les barres fonctionnelles RAWCAT ne contiennent ni stabilisants ni conservateurs et ont une dur\u00e9e de conservation de 9 mois. Ils peuvent \u00eatre facilement stock\u00e9s dans un endroit sec \u00e0 l&rsquo;abri de la lumi\u00e8re et ne n\u00e9cessitent pas de r\u00e9frig\u00e9ration.<\/p>\n<p>Les barres RAWCAT se caract\u00e9risent par un go\u00fbt riche et un format pratique. Ils constituent une collation compl\u00e8te et saine. Particuli\u00e8rement aim\u00e9 par la nouvelle g\u00e9n\u00e9ration moderne, qui privil\u00e9gie une alimentation saine et se soucie de sa sant\u00e9.<\/p>\n<p>Ces derni\u00e8res ann\u00e9es, une tendance g\u00e9n\u00e9rale vers une alimentation plus saine et des produits \u00e0 base de plantes a pu \u00eatre observ\u00e9e. Par cons\u00e9quent, en tant que client professionnel, il est logique de travailler avec une marque comme RAWCAT. Les studios de yoga, les fitness et centres de bien-\u00eatre, les caf\u00e9s et takeaway, les pop-ups ou les concept stores ont tous int\u00e9r\u00eat \u00e0 proposer un choix de collations sant\u00e9 \u00e0 leur client\u00e8le.<\/p>\n","protected":false},"excerpt":{"rendered":"<p>RAWCAT Superfood Barre Caramel Sal\u00e9 &#8211; Sans gluten, vegan, sans lactose, sans OGM, sans sucre, d&rsquo;origine v\u00e9g\u00e9tale &#8211; 25 EUR, livraison incluse<\/p>\n<p>Produits sains et naturels. Les barres fonctionnelles RAWCAT se composent exclusivement d&rsquo;ingr\u00e9dients naturels tels que des noix, des fruits, des baies et des superaliments. Enrichi en vitamines, min\u00e9raux et fibres. Exempt de gluten, lactose, sucre ajout\u00e9, OGM, colorants ou conservateurs. Les barres RAWCAT combinent bon go\u00fbt, look unique, prix abordable et haute qualit\u00e9\u00a0!<\/p>\n","protected":false},"featured_media":76138,"template":"","meta":{"_et_pb_use_builder":"","_et_pb_old_content":"","_et_gb_content_width":""},"product_brand":[],"product_cat":[147],"product_tag":[],"class_list":{"0":"post-76181","1":"product","2":"type-product","3":"status-publish","4":"has-post-thumbnail","6":"product_cat-collations","8":"first","9":"outofstock","10":"purchasable","11":"product-type-simple"},"yoast_head":"<!-- This site is optimized with the Yoast SEO plugin v24.5 - https:\/\/yoast.com\/wordpress\/plugins\/seo\/ -->\n<title>RAWCAT Superfood Barre Caramel Sal\u00e9<\/title>\n<meta name=\"description\" content=\"RAWCAT Superfood Barre Caramel Sal\u00e9: Sans gluten, vegan, sans lactose, sans OGM, sans sucre, d&#039;origine v\u00e9g\u00e9tale - 25 EUR, livraison incluse\" \/>\n<meta name=\"robots\" content=\"index, follow, max-snippet:-1, max-image-preview:large, max-video-preview:-1\" \/>\n<link rel=\"canonical\" href=\"https:\/\/coolbrandz.com\/fr\/produit\/rawcat-bar-caramel-sel\/\" \/>\n<meta property=\"og:locale\" content=\"fr_FR\" \/>\n<meta property=\"og:type\" content=\"article\" \/>\n<meta property=\"og:title\" content=\"RAWCAT Superfood Barre Caramel Sal\u00e9\" \/>\n<meta property=\"og:description\" content=\"RAWCAT Superfood Barre Caramel Sal\u00e9: Sans gluten, vegan, sans lactose, sans OGM, sans sucre, d&#039;origine v\u00e9g\u00e9tale - 25 EUR, livraison incluse\" \/>\n<meta property=\"og:url\" content=\"https:\/\/coolbrandz.com\/fr\/produit\/rawcat-bar-caramel-sel\/\" \/>\n<meta property=\"og:site_name\" content=\"Coolbrandz\" \/>\n<meta property=\"article:modified_time\" content=\"2024-06-26T09:59:57+00:00\" \/>\n<meta property=\"og:image\" content=\"https:\/\/coolbrandz.com\/wp-content\/uploads\/2022\/05\/RAWCAT-Bar-Salted-Caramel-Moskalenko-Box-Couple.jpg\" \/>\n\t<meta property=\"og:image:width\" content=\"875\" \/>\n\t<meta property=\"og:image:height\" content=\"1312\" \/>\n\t<meta property=\"og:image:type\" content=\"image\/jpeg\" \/>\n<meta name=\"twitter:card\" content=\"summary_large_image\" \/>\n<meta name=\"twitter:label1\" content=\"Dur\u00e9e de lecture estim\u00e9e\" \/>\n\t<meta name=\"twitter:data1\" content=\"2 minutes\" \/>\n<script type=\"application\/ld+json\" class=\"yoast-schema-graph\">{\"@context\":\"https:\/\/schema.org\",\"@graph\":[{\"@type\":\"WebPage\",\"@id\":\"https:\/\/coolbrandz.com\/fr\/produit\/rawcat-bar-caramel-sel\/\",\"url\":\"https:\/\/coolbrandz.com\/fr\/produit\/rawcat-bar-caramel-sel\/\",\"name\":\"RAWCAT Superfood Barre Caramel Sal\u00e9\",\"isPartOf\":{\"@id\":\"https:\/\/coolbrandz.com\/fr\/#website\"},\"primaryImageOfPage\":{\"@id\":\"https:\/\/coolbrandz.com\/fr\/produit\/rawcat-bar-caramel-sel\/#primaryimage\"},\"image\":{\"@id\":\"https:\/\/coolbrandz.com\/fr\/produit\/rawcat-bar-caramel-sel\/#primaryimage\"},\"thumbnailUrl\":\"https:\/\/coolbrandz.com\/wp-content\/uploads\/2022\/05\/RAWCAT-Bar-Salted-Caramel-Moskalenko-Box-Couple.jpg\",\"datePublished\":\"2022-05-14T12:49:34+00:00\",\"dateModified\":\"2024-06-26T09:59:57+00:00\",\"description\":\"RAWCAT Superfood Barre Caramel Sal\u00e9: Sans gluten, vegan, sans lactose, sans OGM, sans sucre, d'origine v\u00e9g\u00e9tale - 25 EUR, livraison incluse\",\"breadcrumb\":{\"@id\":\"https:\/\/coolbrandz.com\/fr\/produit\/rawcat-bar-caramel-sel\/#breadcrumb\"},\"inLanguage\":\"fr-FR\",\"potentialAction\":[{\"@type\":\"ReadAction\",\"target\":[\"https:\/\/coolbrandz.com\/fr\/produit\/rawcat-bar-caramel-sel\/\"]}]},{\"@type\":\"ImageObject\",\"inLanguage\":\"fr-FR\",\"@id\":\"https:\/\/coolbrandz.com\/fr\/produit\/rawcat-bar-caramel-sel\/#primaryimage\",\"url\":\"https:\/\/coolbrandz.com\/wp-content\/uploads\/2022\/05\/RAWCAT-Bar-Salted-Caramel-Moskalenko-Box-Couple.jpg\",\"contentUrl\":\"https:\/\/coolbrandz.com\/wp-content\/uploads\/2022\/05\/RAWCAT-Bar-Salted-Caramel-Moskalenko-Box-Couple.jpg\",\"width\":875,\"height\":1312,\"caption\":\"RAWCAT Barre Caramel Sal\u00e9 Moskalenko Coffret Couple\"},{\"@type\":\"BreadcrumbList\",\"@id\":\"https:\/\/coolbrandz.com\/fr\/produit\/rawcat-bar-caramel-sel\/#breadcrumb\",\"itemListElement\":[{\"@type\":\"ListItem\",\"position\":1,\"name\":\"Home\",\"item\":\"https:\/\/coolbrandz.com\/fr\/\"},{\"@type\":\"ListItem\",\"position\":2,\"name\":\"Shop\",\"item\":\"https:\/\/coolbrandz.com\/shop\/\"},{\"@type\":\"ListItem\",\"position\":3,\"name\":\"RAWCAT Superfood Barre Caramel Sal\u00e9 &#8211; Box \u00e0 15 barres &#8211; EUR 25\"}]},{\"@type\":\"WebSite\",\"@id\":\"https:\/\/coolbrandz.com\/fr\/#website\",\"url\":\"https:\/\/coolbrandz.com\/fr\/\",\"name\":\"Coolbrandz\",\"description\":\"Where cool people meet cool brands\",\"publisher\":{\"@id\":\"https:\/\/coolbrandz.com\/fr\/#organization\"},\"potentialAction\":[{\"@type\":\"SearchAction\",\"target\":{\"@type\":\"EntryPoint\",\"urlTemplate\":\"https:\/\/coolbrandz.com\/fr\/?s={search_term_string}\"},\"query-input\":{\"@type\":\"PropertyValueSpecification\",\"valueRequired\":true,\"valueName\":\"search_term_string\"}}],\"inLanguage\":\"fr-FR\"},{\"@type\":\"Organization\",\"@id\":\"https:\/\/coolbrandz.com\/fr\/#organization\",\"name\":\"Coolbrandz\",\"alternateName\":\"coolbrandz.com\",\"url\":\"https:\/\/coolbrandz.com\/fr\/\",\"logo\":{\"@type\":\"ImageObject\",\"inLanguage\":\"fr-FR\",\"@id\":\"https:\/\/coolbrandz.com\/fr\/#\/schema\/logo\/image\/\",\"url\":\"http:\/\/coolbrandz.com\/wp-content\/uploads\/2023\/03\/logo_coolbrandz.png\",\"contentUrl\":\"http:\/\/coolbrandz.com\/wp-content\/uploads\/2023\/03\/logo_coolbrandz.png\",\"width\":279,\"height\":150,\"caption\":\"Coolbrandz\"},\"image\":{\"@id\":\"https:\/\/coolbrandz.com\/fr\/#\/schema\/logo\/image\/\"}}]}<\/script>\n<!-- \/ Yoast SEO plugin. -->","yoast_head_json":{"title":"RAWCAT Superfood Barre Caramel Sal\u00e9","description":"RAWCAT Superfood Barre Caramel Sal\u00e9: Sans gluten, vegan, sans lactose, sans OGM, sans sucre, d'origine v\u00e9g\u00e9tale - 25 EUR, livraison incluse","robots":{"index":"index","follow":"follow","max-snippet":"max-snippet:-1","max-image-preview":"max-image-preview:large","max-video-preview":"max-video-preview:-1"},"canonical":"https:\/\/coolbrandz.com\/fr\/produit\/rawcat-bar-caramel-sel\/","og_locale":"fr_FR","og_type":"article","og_title":"RAWCAT Superfood Barre Caramel Sal\u00e9","og_description":"RAWCAT Superfood Barre Caramel Sal\u00e9: Sans gluten, vegan, sans lactose, sans OGM, sans sucre, d'origine v\u00e9g\u00e9tale - 25 EUR, livraison incluse","og_url":"https:\/\/coolbrandz.com\/fr\/produit\/rawcat-bar-caramel-sel\/","og_site_name":"Coolbrandz","article_modified_time":"2024-06-26T09:59:57+00:00","og_image":[{"width":875,"height":1312,"url":"https:\/\/coolbrandz.com\/wp-content\/uploads\/2022\/05\/RAWCAT-Bar-Salted-Caramel-Moskalenko-Box-Couple.jpg","type":"image\/jpeg"}],"twitter_card":"summary_large_image","twitter_misc":{"Dur\u00e9e de lecture estim\u00e9e":"2 minutes"},"schema":{"@context":"https:\/\/schema.org","@graph":[{"@type":"WebPage","@id":"https:\/\/coolbrandz.com\/fr\/produit\/rawcat-bar-caramel-sel\/","url":"https:\/\/coolbrandz.com\/fr\/produit\/rawcat-bar-caramel-sel\/","name":"RAWCAT Superfood Barre Caramel Sal\u00e9","isPartOf":{"@id":"https:\/\/coolbrandz.com\/fr\/#website"},"primaryImageOfPage":{"@id":"https:\/\/coolbrandz.com\/fr\/produit\/rawcat-bar-caramel-sel\/#primaryimage"},"image":{"@id":"https:\/\/coolbrandz.com\/fr\/produit\/rawcat-bar-caramel-sel\/#primaryimage"},"thumbnailUrl":"https:\/\/coolbrandz.com\/wp-content\/uploads\/2022\/05\/RAWCAT-Bar-Salted-Caramel-Moskalenko-Box-Couple.jpg","datePublished":"2022-05-14T12:49:34+00:00","dateModified":"2024-06-26T09:59:57+00:00","description":"RAWCAT Superfood Barre Caramel Sal\u00e9: Sans gluten, vegan, sans lactose, sans OGM, sans sucre, d'origine v\u00e9g\u00e9tale - 25 EUR, livraison incluse","breadcrumb":{"@id":"https:\/\/coolbrandz.com\/fr\/produit\/rawcat-bar-caramel-sel\/#breadcrumb"},"inLanguage":"fr-FR","potentialAction":[{"@type":"ReadAction","target":["https:\/\/coolbrandz.com\/fr\/produit\/rawcat-bar-caramel-sel\/"]}]},{"@type":"ImageObject","inLanguage":"fr-FR","@id":"https:\/\/coolbrandz.com\/fr\/produit\/rawcat-bar-caramel-sel\/#primaryimage","url":"https:\/\/coolbrandz.com\/wp-content\/uploads\/2022\/05\/RAWCAT-Bar-Salted-Caramel-Moskalenko-Box-Couple.jpg","contentUrl":"https:\/\/coolbrandz.com\/wp-content\/uploads\/2022\/05\/RAWCAT-Bar-Salted-Caramel-Moskalenko-Box-Couple.jpg","width":875,"height":1312,"caption":"RAWCAT Barre Caramel Sal\u00e9 Moskalenko Coffret Couple"},{"@type":"BreadcrumbList","@id":"https:\/\/coolbrandz.com\/fr\/produit\/rawcat-bar-caramel-sel\/#breadcrumb","itemListElement":[{"@type":"ListItem","position":1,"name":"Home","item":"https:\/\/coolbrandz.com\/fr\/"},{"@type":"ListItem","position":2,"name":"Shop","item":"https:\/\/coolbrandz.com\/shop\/"},{"@type":"ListItem","position":3,"name":"RAWCAT Superfood Barre Caramel Sal\u00e9 &#8211; Box \u00e0 15 barres &#8211; EUR 25"}]},{"@type":"WebSite","@id":"https:\/\/coolbrandz.com\/fr\/#website","url":"https:\/\/coolbrandz.com\/fr\/","name":"Coolbrandz","description":"Where cool people meet cool brands","publisher":{"@id":"https:\/\/coolbrandz.com\/fr\/#organization"},"potentialAction":[{"@type":"SearchAction","target":{"@type":"EntryPoint","urlTemplate":"https:\/\/coolbrandz.com\/fr\/?s={search_term_string}"},"query-input":{"@type":"PropertyValueSpecification","valueRequired":true,"valueName":"search_term_string"}}],"inLanguage":"fr-FR"},{"@type":"Organization","@id":"https:\/\/coolbrandz.com\/fr\/#organization","name":"Coolbrandz","alternateName":"coolbrandz.com","url":"https:\/\/coolbrandz.com\/fr\/","logo":{"@type":"ImageObject","inLanguage":"fr-FR","@id":"https:\/\/coolbrandz.com\/fr\/#\/schema\/logo\/image\/","url":"http:\/\/coolbrandz.com\/wp-content\/uploads\/2023\/03\/logo_coolbrandz.png","contentUrl":"http:\/\/coolbrandz.com\/wp-content\/uploads\/2023\/03\/logo_coolbrandz.png","width":279,"height":150,"caption":"Coolbrandz"},"image":{"@id":"https:\/\/coolbrandz.com\/fr\/#\/schema\/logo\/image\/"}}]}},"_links":{"self":[{"href":"https:\/\/coolbrandz.com\/fr\/wp-json\/wp\/v2\/product\/76181","targetHints":{"allow":["GET"]}}],"collection":[{"href":"https:\/\/coolbrandz.com\/fr\/wp-json\/wp\/v2\/product"}],"about":[{"href":"https:\/\/coolbrandz.com\/fr\/wp-json\/wp\/v2\/types\/product"}],"wp:featuredmedia":[{"embeddable":true,"href":"https:\/\/coolbrandz.com\/fr\/wp-json\/wp\/v2\/media\/76138"}],"wp:attachment":[{"href":"https:\/\/coolbrandz.com\/fr\/wp-json\/wp\/v2\/media?parent=76181"}],"wp:term":[{"taxonomy":"product_brand","embeddable":true,"href":"https:\/\/coolbrandz.com\/fr\/wp-json\/wp\/v2\/product_brand?post=76181"},{"taxonomy":"product_cat","embeddable":true,"href":"https:\/\/coolbrandz.com\/fr\/wp-json\/wp\/v2\/product_cat?post=76181"},{"taxonomy":"product_tag","embeddable":true,"href":"https:\/\/coolbrandz.com\/fr\/wp-json\/wp\/v2\/product_tag?post=76181"}],"curies":[{"name":"wp","href":"https:\/\/api.w.org\/{rel}","templated":true}]}}