{"id":76199,"date":"2022-05-12T15:52:57","date_gmt":"2022-05-15T15:36:17","guid":{"rendered":"https:\/\/coolbrandz.com\/?p=76199"},"modified":"2022-05-30T20:28:50","modified_gmt":"2022-05-30T18:28:50","slug":"law-gin-ibiza-london-dry","status":"publish","type":"product","link":"https:\/\/coolbrandz.com\/fr\/produit\/law-gin-ibiza-london-dry\/","title":{"rendered":"LAW Gin Ibiza London Dry 44% vol. 0,70l"},"content":{"rendered":"<p><strong>LAW Gin Ibiza &#8211; La bonne Saveur d&rsquo;Ibiza<\/strong><\/p>\n<p>Contenu : 0,7 l<br \/>\nFabricant: LAW &#8211; Spirit of Ibiza SL<br \/>\nOrigine : Espagne<br \/>\nPrix : 49,00 \u20ac TTC taxes, incl. livraison en Allemagne<\/p>\n<p><strong>LAW Gin Ibiza London Dry 44% vol. 0.70l<\/strong><\/p>\n<p>Avec LAW Gin, vous pourrez go\u00fbter la magie d&rsquo;Ibiza sur vos l\u00e8vres. L&rsquo;un des ingr\u00e9dients les plus importants pour le distillat est la figue de barbarie indig\u00e8ne de l&rsquo;\u00eele. Seules des plantes naturelles sont utilis\u00e9es, dont la plupart proviennent de la r\u00e9gion environnante et sont doucement distill\u00e9es \u00e0 base d&rsquo;alcool de bl\u00e9 pur. Le sucre et les ar\u00f4mes artificiels sont g\u00e9n\u00e9ralement \u00e9vit\u00e9s. La manufacture produit en petites s\u00e9ries de quelques centaines de bouteilles par lot afin de r\u00e9pondre aux plus hauts standards de qualit\u00e9. L&rsquo;inspiration pour ce gin \u00e9quilibr\u00e9 \u00e9tait la nature m\u00e9diterran\u00e9enne d&rsquo;Ibiza.<\/p>\n<p><strong>Botanicals<\/strong><\/p>\n<p>Gen\u00e9vrier : gen\u00e9vrier commun et gen\u00e9vrier ph\u00e9nicien (du nom des marins qui se sont install\u00e9s sur l&rsquo;\u00eele il y a plus de 2000 ans)<br \/>\n\u00c9corces de citron et d&rsquo;orange fra\u00eeches\u00a0: les citrons et les oranges sont disponibles presque toute l&rsquo;ann\u00e9e \u00e0 Ibiza, ainsi les \u00e9corces peuvent toujours \u00eatre utilis\u00e9es fra\u00eeches.<br \/>\nFigue de Barbarie\u00a0: une d\u00e9licatesse qui existe \u00e0 Ibiza depuis des si\u00e8cles<br \/>\nPimientos de Padr\u00f3n : Vari\u00e9t\u00e9 \u00e9pic\u00e9e de poivrons frits et saupoudr\u00e9s de gros sel servis en tapa partout en Espagne<br \/>\nSel : Provenant des c\u00e9l\u00e8bres marais salants d&rsquo;Ibiza<br \/>\nCardamome verte, graines de coriandre et concombre espagnol<\/p>\n<p><strong>Notes de d\u00e9gustation<\/strong><\/p>\n<p>Nez : notes luxuriantes de fleur de citronnier, de gen\u00e9vrier et de pin<br \/>\nBouche : \u00c9pic\u00e9e et fruit\u00e9e, ar\u00f4mes de fruits maritimes, d&rsquo;\u00e9pices et de sel marin<br \/>\nFinale : nuance agr\u00e9ablement fruit\u00e9e<\/p>\n<p><strong>L&rsquo;histoire derri\u00e8re le nom <\/strong><\/p>\n<p>Le nom <a href=\"https:\/\/www.law-gin.com\/\">LAW<\/a>, anglais pour \u00ab\u00a0la loi\u00a0\u00bb, est n\u00e9 de l&rsquo;appr\u00e9ciation des producteurs (Luna, Alexander et Wolfgang) pour le style de vie \u00e0 Ibiza. Un dicton bien connu dit : \u00ab\u00a0Ad libitum\u00a0\u00bb, ce qui signifie \u00ab\u00a0A chacun comme il lui pla\u00eet\u00a0\u00bb. Il est synonyme de s\u00e9r\u00e9nit\u00e9, d&rsquo;esprit sans pr\u00e9jug\u00e9s et d&rsquo;ouverture aux \u00e9trangers. L&rsquo;\u00eele est toujours l&rsquo;un des endroits les plus tol\u00e9rants au monde. Quiconque vient \u00e0 Ibiza est libre d\u2019\u00eatre et de faire ce qu&rsquo;il veut, tant qu&rsquo;il donne \u00e0 tout le monde le droit de faire de m\u00eame. C&rsquo;est la loi non \u00e9crite d&rsquo;Ibiza.<\/p>\n<p>LAW &#8211; Le Gin d&rsquo;Ibiza est une merveilleuse <a href=\"https:\/\/coolbrandz.com\/taste-of-spain\/\">id\u00e9e cadeau<\/a> pour tous ceux qui aiment la M\u00e9diterran\u00e9e et le gin en g\u00e9n\u00e9ral.<\/p>\n","protected":false},"excerpt":{"rendered":"<p><strong>LAW \u2013 Le Gin d&rsquo;Ibiza<\/strong><\/p>\n<ul>\n<li>LAW Gin Ibiza est synonyme de gin de qualit\u00e9 sup\u00e9rieure de la cat\u00e9gorie \u00ab\u00a0London Dry\u00a0\u00bb<\/li>\n<li>Presque tous les gins commerciaux sont fabriqu\u00e9s avec des \u00e9corces d&rsquo;agrumes s\u00e9ch\u00e9es, contrairement \u00e0 LAW Gin Ibiza qui utilise des agrumes frais<\/li>\n<li>Fabriqu\u00e9 \u00e0 partir de plantes locales dont la plus importante : la figue de barbarie<\/li>\n<li>Contient des Pimientos de Padr\u00f3n, la petite vari\u00e9t\u00e9 de piments savoureux qui, frits et saupoudr\u00e9s de gros sel, sont servis comme tapas dans toute l&rsquo;Espagne<\/li>\n<\/ul>\n<p>Ce produit contient de l&rsquo;alcool et n&rsquo;est pas destin\u00e9 \u00e0 la vente aux personnes de moins de 18 ans. En passant une commande pour ce produit, vous d\u00e9clarez avoir 18 ans ou plus. Consommez avec mod<em>\u00e9<\/em>ration.<\/p>\n","protected":false},"featured_media":76596,"template":"","meta":{"_et_pb_use_builder":"","_et_pb_old_content":"","_et_gb_content_width":""},"product_brand":[],"product_cat":[135],"product_tag":[],"class_list":{"0":"post-76199","1":"product","2":"type-product","3":"status-publish","4":"has-post-thumbnail","6":"product_cat-boissons","8":"first","9":"instock","10":"taxable","11":"shipping-taxable","12":"purchasable","13":"product-type-simple"},"yoast_head":"<!-- This site is optimized with the Yoast SEO plugin v24.5 - https:\/\/yoast.com\/wordpress\/plugins\/seo\/ -->\n<title>LAW Gin Ibiza: London Dry<\/title>\n<meta name=\"description\" content=\"LAW Gin Ibiza: \u00e0 base de figue de barbarie, uniquement des plantes naturelles de l&#039;\u00eele, doucement distill\u00e9 \u00e0 base d&#039;alcool de bl\u00e9 pur.\" \/>\n<meta name=\"robots\" content=\"index, follow, max-snippet:-1, max-image-preview:large, max-video-preview:-1\" \/>\n<link rel=\"canonical\" href=\"https:\/\/coolbrandz.com\/fr\/produit\/law-gin-ibiza-london-dry\/\" \/>\n<meta property=\"og:locale\" content=\"fr_FR\" \/>\n<meta property=\"og:type\" content=\"article\" \/>\n<meta property=\"og:title\" content=\"LAW Gin Ibiza: London Dry\" \/>\n<meta property=\"og:description\" content=\"LAW Gin Ibiza: \u00e0 base de figue de barbarie, uniquement des plantes naturelles de l&#039;\u00eele, doucement distill\u00e9 \u00e0 base d&#039;alcool de bl\u00e9 pur.\" \/>\n<meta property=\"og:url\" content=\"https:\/\/coolbrandz.com\/fr\/produit\/law-gin-ibiza-london-dry\/\" \/>\n<meta property=\"og:site_name\" content=\"Coolbrandz\" \/>\n<meta property=\"article:modified_time\" content=\"2022-05-30T18:28:50+00:00\" \/>\n<meta property=\"og:image\" content=\"https:\/\/coolbrandz.com\/wp-content\/uploads\/2022\/05\/LAW-Gin-Ibiza-Botanicals.jpeg\" \/>\n\t<meta property=\"og:image:width\" content=\"875\" \/>\n\t<meta property=\"og:image:height\" content=\"875\" \/>\n\t<meta property=\"og:image:type\" content=\"image\/jpeg\" \/>\n<meta name=\"twitter:card\" content=\"summary_large_image\" \/>\n<meta name=\"twitter:label1\" content=\"Dur\u00e9e de lecture estim\u00e9e\" \/>\n\t<meta name=\"twitter:data1\" content=\"2 minutes\" \/>\n<script type=\"application\/ld+json\" class=\"yoast-schema-graph\">{\"@context\":\"https:\/\/schema.org\",\"@graph\":[{\"@type\":\"WebPage\",\"@id\":\"https:\/\/coolbrandz.com\/fr\/produit\/law-gin-ibiza-london-dry\/\",\"url\":\"https:\/\/coolbrandz.com\/fr\/produit\/law-gin-ibiza-london-dry\/\",\"name\":\"LAW Gin Ibiza: London Dry\",\"isPartOf\":{\"@id\":\"https:\/\/coolbrandz.com\/fr\/#website\"},\"primaryImageOfPage\":{\"@id\":\"https:\/\/coolbrandz.com\/fr\/produit\/law-gin-ibiza-london-dry\/#primaryimage\"},\"image\":{\"@id\":\"https:\/\/coolbrandz.com\/fr\/produit\/law-gin-ibiza-london-dry\/#primaryimage\"},\"thumbnailUrl\":\"https:\/\/coolbrandz.com\/wp-content\/uploads\/2022\/05\/LAW-Gin-Ibiza-Botanicals.jpeg\",\"datePublished\":\"2022-05-15T15:36:17+00:00\",\"dateModified\":\"2022-05-30T18:28:50+00:00\",\"description\":\"LAW Gin Ibiza: \u00e0 base de figue de barbarie, uniquement des plantes naturelles de l'\u00eele, doucement distill\u00e9 \u00e0 base d'alcool de bl\u00e9 pur.\",\"breadcrumb\":{\"@id\":\"https:\/\/coolbrandz.com\/fr\/produit\/law-gin-ibiza-london-dry\/#breadcrumb\"},\"inLanguage\":\"fr-FR\",\"potentialAction\":[{\"@type\":\"ReadAction\",\"target\":[\"https:\/\/coolbrandz.com\/fr\/produit\/law-gin-ibiza-london-dry\/\"]}]},{\"@type\":\"ImageObject\",\"inLanguage\":\"fr-FR\",\"@id\":\"https:\/\/coolbrandz.com\/fr\/produit\/law-gin-ibiza-london-dry\/#primaryimage\",\"url\":\"https:\/\/coolbrandz.com\/wp-content\/uploads\/2022\/05\/LAW-Gin-Ibiza-Botanicals.jpeg\",\"contentUrl\":\"https:\/\/coolbrandz.com\/wp-content\/uploads\/2022\/05\/LAW-Gin-Ibiza-Botanicals.jpeg\",\"width\":875,\"height\":875,\"caption\":\"LAW Gin Ibiza Botanicals\"},{\"@type\":\"BreadcrumbList\",\"@id\":\"https:\/\/coolbrandz.com\/fr\/produit\/law-gin-ibiza-london-dry\/#breadcrumb\",\"itemListElement\":[{\"@type\":\"ListItem\",\"position\":1,\"name\":\"Home\",\"item\":\"https:\/\/coolbrandz.com\/fr\/\"},{\"@type\":\"ListItem\",\"position\":2,\"name\":\"Shop\",\"item\":\"https:\/\/coolbrandz.com\/shop\/\"},{\"@type\":\"ListItem\",\"position\":3,\"name\":\"LAW Gin Ibiza London Dry 44% vol. 0,70l\"}]},{\"@type\":\"WebSite\",\"@id\":\"https:\/\/coolbrandz.com\/fr\/#website\",\"url\":\"https:\/\/coolbrandz.com\/fr\/\",\"name\":\"Coolbrandz\",\"description\":\"Where cool people meet cool brands\",\"publisher\":{\"@id\":\"https:\/\/coolbrandz.com\/fr\/#organization\"},\"potentialAction\":[{\"@type\":\"SearchAction\",\"target\":{\"@type\":\"EntryPoint\",\"urlTemplate\":\"https:\/\/coolbrandz.com\/fr\/?s={search_term_string}\"},\"query-input\":{\"@type\":\"PropertyValueSpecification\",\"valueRequired\":true,\"valueName\":\"search_term_string\"}}],\"inLanguage\":\"fr-FR\"},{\"@type\":\"Organization\",\"@id\":\"https:\/\/coolbrandz.com\/fr\/#organization\",\"name\":\"Coolbrandz\",\"alternateName\":\"coolbrandz.com\",\"url\":\"https:\/\/coolbrandz.com\/fr\/\",\"logo\":{\"@type\":\"ImageObject\",\"inLanguage\":\"fr-FR\",\"@id\":\"https:\/\/coolbrandz.com\/fr\/#\/schema\/logo\/image\/\",\"url\":\"http:\/\/coolbrandz.com\/wp-content\/uploads\/2023\/03\/logo_coolbrandz.png\",\"contentUrl\":\"http:\/\/coolbrandz.com\/wp-content\/uploads\/2023\/03\/logo_coolbrandz.png\",\"width\":279,\"height\":150,\"caption\":\"Coolbrandz\"},\"image\":{\"@id\":\"https:\/\/coolbrandz.com\/fr\/#\/schema\/logo\/image\/\"}}]}<\/script>\n<!-- \/ Yoast SEO plugin. -->","yoast_head_json":{"title":"LAW Gin Ibiza: London Dry","description":"LAW Gin Ibiza: \u00e0 base de figue de barbarie, uniquement des plantes naturelles de l'\u00eele, doucement distill\u00e9 \u00e0 base d'alcool de bl\u00e9 pur.","robots":{"index":"index","follow":"follow","max-snippet":"max-snippet:-1","max-image-preview":"max-image-preview:large","max-video-preview":"max-video-preview:-1"},"canonical":"https:\/\/coolbrandz.com\/fr\/produit\/law-gin-ibiza-london-dry\/","og_locale":"fr_FR","og_type":"article","og_title":"LAW Gin Ibiza: London Dry","og_description":"LAW Gin Ibiza: \u00e0 base de figue de barbarie, uniquement des plantes naturelles de l'\u00eele, doucement distill\u00e9 \u00e0 base d'alcool de bl\u00e9 pur.","og_url":"https:\/\/coolbrandz.com\/fr\/produit\/law-gin-ibiza-london-dry\/","og_site_name":"Coolbrandz","article_modified_time":"2022-05-30T18:28:50+00:00","og_image":[{"width":875,"height":875,"url":"https:\/\/coolbrandz.com\/wp-content\/uploads\/2022\/05\/LAW-Gin-Ibiza-Botanicals.jpeg","type":"image\/jpeg"}],"twitter_card":"summary_large_image","twitter_misc":{"Dur\u00e9e de lecture estim\u00e9e":"2 minutes"},"schema":{"@context":"https:\/\/schema.org","@graph":[{"@type":"WebPage","@id":"https:\/\/coolbrandz.com\/fr\/produit\/law-gin-ibiza-london-dry\/","url":"https:\/\/coolbrandz.com\/fr\/produit\/law-gin-ibiza-london-dry\/","name":"LAW Gin Ibiza: London Dry","isPartOf":{"@id":"https:\/\/coolbrandz.com\/fr\/#website"},"primaryImageOfPage":{"@id":"https:\/\/coolbrandz.com\/fr\/produit\/law-gin-ibiza-london-dry\/#primaryimage"},"image":{"@id":"https:\/\/coolbrandz.com\/fr\/produit\/law-gin-ibiza-london-dry\/#primaryimage"},"thumbnailUrl":"https:\/\/coolbrandz.com\/wp-content\/uploads\/2022\/05\/LAW-Gin-Ibiza-Botanicals.jpeg","datePublished":"2022-05-15T15:36:17+00:00","dateModified":"2022-05-30T18:28:50+00:00","description":"LAW Gin Ibiza: \u00e0 base de figue de barbarie, uniquement des plantes naturelles de l'\u00eele, doucement distill\u00e9 \u00e0 base d'alcool de bl\u00e9 pur.","breadcrumb":{"@id":"https:\/\/coolbrandz.com\/fr\/produit\/law-gin-ibiza-london-dry\/#breadcrumb"},"inLanguage":"fr-FR","potentialAction":[{"@type":"ReadAction","target":["https:\/\/coolbrandz.com\/fr\/produit\/law-gin-ibiza-london-dry\/"]}]},{"@type":"ImageObject","inLanguage":"fr-FR","@id":"https:\/\/coolbrandz.com\/fr\/produit\/law-gin-ibiza-london-dry\/#primaryimage","url":"https:\/\/coolbrandz.com\/wp-content\/uploads\/2022\/05\/LAW-Gin-Ibiza-Botanicals.jpeg","contentUrl":"https:\/\/coolbrandz.com\/wp-content\/uploads\/2022\/05\/LAW-Gin-Ibiza-Botanicals.jpeg","width":875,"height":875,"caption":"LAW Gin Ibiza Botanicals"},{"@type":"BreadcrumbList","@id":"https:\/\/coolbrandz.com\/fr\/produit\/law-gin-ibiza-london-dry\/#breadcrumb","itemListElement":[{"@type":"ListItem","position":1,"name":"Home","item":"https:\/\/coolbrandz.com\/fr\/"},{"@type":"ListItem","position":2,"name":"Shop","item":"https:\/\/coolbrandz.com\/shop\/"},{"@type":"ListItem","position":3,"name":"LAW Gin Ibiza London Dry 44% vol. 0,70l"}]},{"@type":"WebSite","@id":"https:\/\/coolbrandz.com\/fr\/#website","url":"https:\/\/coolbrandz.com\/fr\/","name":"Coolbrandz","description":"Where cool people meet cool brands","publisher":{"@id":"https:\/\/coolbrandz.com\/fr\/#organization"},"potentialAction":[{"@type":"SearchAction","target":{"@type":"EntryPoint","urlTemplate":"https:\/\/coolbrandz.com\/fr\/?s={search_term_string}"},"query-input":{"@type":"PropertyValueSpecification","valueRequired":true,"valueName":"search_term_string"}}],"inLanguage":"fr-FR"},{"@type":"Organization","@id":"https:\/\/coolbrandz.com\/fr\/#organization","name":"Coolbrandz","alternateName":"coolbrandz.com","url":"https:\/\/coolbrandz.com\/fr\/","logo":{"@type":"ImageObject","inLanguage":"fr-FR","@id":"https:\/\/coolbrandz.com\/fr\/#\/schema\/logo\/image\/","url":"http:\/\/coolbrandz.com\/wp-content\/uploads\/2023\/03\/logo_coolbrandz.png","contentUrl":"http:\/\/coolbrandz.com\/wp-content\/uploads\/2023\/03\/logo_coolbrandz.png","width":279,"height":150,"caption":"Coolbrandz"},"image":{"@id":"https:\/\/coolbrandz.com\/fr\/#\/schema\/logo\/image\/"}}]}},"_links":{"self":[{"href":"https:\/\/coolbrandz.com\/fr\/wp-json\/wp\/v2\/product\/76199","targetHints":{"allow":["GET"]}}],"collection":[{"href":"https:\/\/coolbrandz.com\/fr\/wp-json\/wp\/v2\/product"}],"about":[{"href":"https:\/\/coolbrandz.com\/fr\/wp-json\/wp\/v2\/types\/product"}],"wp:featuredmedia":[{"embeddable":true,"href":"https:\/\/coolbrandz.com\/fr\/wp-json\/wp\/v2\/media\/76596"}],"wp:attachment":[{"href":"https:\/\/coolbrandz.com\/fr\/wp-json\/wp\/v2\/media?parent=76199"}],"wp:term":[{"taxonomy":"product_brand","embeddable":true,"href":"https:\/\/coolbrandz.com\/fr\/wp-json\/wp\/v2\/product_brand?post=76199"},{"taxonomy":"product_cat","embeddable":true,"href":"https:\/\/coolbrandz.com\/fr\/wp-json\/wp\/v2\/product_cat?post=76199"},{"taxonomy":"product_tag","embeddable":true,"href":"https:\/\/coolbrandz.com\/fr\/wp-json\/wp\/v2\/product_tag?post=76199"}],"curies":[{"name":"wp","href":"https:\/\/api.w.org\/{rel}","templated":true}]}}