{"id":77390,"date":"2022-05-09T15:14:39","date_gmt":"2022-06-07T01:59:59","guid":{"rendered":"https:\/\/coolbrandz.com\/?post_type=product&#038;p=77390"},"modified":"2024-06-23T21:36:38","modified_gmt":"2024-06-23T19:36:38","slug":"paido-soda-raspberry-soft-drink","status":"publish","type":"product","link":"https:\/\/coolbrandz.com\/fr\/produit\/paido-soda-raspberry-soft-drink\/","title":{"rendered":"Paido Soda Boisson gazeuse \u00e0 la framboise &#8211; 12 cannettes &#8211; EUR 20"},"content":{"rendered":"<p>Paido Soda Boisson gazeuse \u00e0 la framboise &#8211; 12 cannettes &#8211; EUR 20, TVA et livraison incluses<\/p>\n<div class=\"ZyvIDe\">\n<div class=\"a8FIud X0rvP L6rCcb\" data-apply-responsive-style=\"true\" data-classes=\"\" data-initial-translation-length=\"652\" data-saved-translation-limit-reached=\"false\">\n<div data-show-delay-ms=\"250\" data-append-to-body=\"false\" data-propagate-tooltip-mouseover-events=\"true\" data-anchor-corner=\"bottom-end\" data-enable-skip-handler=\"false\" data-popup-corner=\"top-end\">\n<div class=\"dePhmb\" aria-live=\"polite\">\n<div class=\"eyKpYb\" data-language=\"fr\" data-original-language=\"en\" data-result-index=\"0\">\n<div class=\"J0lOec\"><span class=\"VIiyi\" lang=\"fr\"><span class=\"JLqJ4b ChMk0b\" data-language-for-alternatives=\"fr\" data-language-to-translate-into=\"en\" data-phrase-index=\"0\" data-number-of-phrases=\"16\"><span class=\"Q4iAWc\">\u2713 Avec vitamine B12 &amp; B6<\/span><\/span><\/span><\/div>\n<div class=\"J0lOec\"><span class=\"VIiyi\" lang=\"fr\"><span class=\"JLqJ4b ChMk0b\" data-language-for-alternatives=\"fr\" data-language-to-translate-into=\"en\" data-phrase-index=\"0\" data-number-of-phrases=\"16\"><span class=\"JLqJ4b\" data-language-for-alternatives=\"fr\" data-language-to-translate-into=\"en\" data-phrase-index=\"1\" data-number-of-phrases=\"16\"><span class=\"Q4iAWc\">\u2713 Saveur fruit\u00e9e de framboise avec de l&rsquo;acide carbonique<\/span><\/span><\/span><\/span><\/div>\n<div class=\"J0lOec\"><span class=\"VIiyi\" lang=\"fr\"><span class=\"JLqJ4b ChMk0b\" data-language-for-alternatives=\"fr\" data-language-to-translate-into=\"en\" data-phrase-index=\"0\" data-number-of-phrases=\"16\"><span class=\"JLqJ4b\" data-language-for-alternatives=\"fr\" data-language-to-translate-into=\"en\" data-phrase-index=\"1\" data-number-of-phrases=\"16\"><span class=\"Q4iAWc\">\u2713 Sans colorants artificiels<\/span><\/span><\/span><\/span><\/div>\n<div class=\"J0lOec\"><span class=\"VIiyi\" lang=\"fr\"><span class=\"JLqJ4b ChMk0b\" data-language-for-alternatives=\"fr\" data-language-to-translate-into=\"en\" data-phrase-index=\"0\" data-number-of-phrases=\"16\"><span class=\"JLqJ4b\" data-language-for-alternatives=\"fr\" data-language-to-translate-into=\"en\" data-phrase-index=\"1\" data-number-of-phrases=\"16\"><span class=\"Q4iAWc\">\u2713 Faible teneur en sucre<\/span><\/span><\/span><\/span><\/div>\n<div><\/div>\n<div class=\"J0lOec\"><span class=\"VIiyi\" lang=\"fr\"><span class=\"JLqJ4b ChMk0b\" data-language-for-alternatives=\"fr\" data-language-to-translate-into=\"en\" data-phrase-index=\"0\" data-number-of-phrases=\"16\"><span class=\"JLqJ4b\" data-language-for-alternatives=\"fr\" data-language-to-translate-into=\"en\" data-phrase-index=\"1\" data-number-of-phrases=\"16\"><span class=\"Q4iAWc\">D\u00e9lai de livraison : en 1-3 jours \u00e0 votre domicile<\/span><\/span><\/span><\/span><\/div>\n<div><\/div>\n<div class=\"J0lOec\"><span class=\"VIiyi\" lang=\"fr\"><span class=\"JLqJ4b ChMk0b\" data-language-for-alternatives=\"fr\" data-language-to-translate-into=\"en\" data-phrase-index=\"0\" data-number-of-phrases=\"16\"><span class=\"JLqJ4b\" data-language-for-alternatives=\"fr\" data-language-to-translate-into=\"en\" data-phrase-index=\"1\" data-number-of-phrases=\"16\"><span class=\"Q4iAWc\">Avec seulement 20 calories pour 100 ml, <a href=\"https:\/\/www.paidosoda.com\/\">Paido Soda<\/a> fait partie des boissons gazeuses hypocaloriques.<\/span> <span class=\"Q4iAWc\">Quiconque aime la saveur de framboise est bien avis\u00e9 d&rsquo;utiliser Paido Soda Raspberry.<\/span> <span class=\"Q4iAWc\">La boisson hypocalorique fournit au corps des nutriments importants et est riche en vitamines B6 et B12.<\/span> <span class=\"Q4iAWc\">Paido a un go\u00fbt rafra\u00eechissant et l\u00e9g\u00e8rement gaz\u00e9ifi\u00e9.<\/span> <span class=\"Q4iAWc\">Il est \u00e9dulcor\u00e9 avec de la Stevia et peu calorique.<\/span> <span class=\"Q4iAWc\">Paido est exempt de colorant artificiel et enrichi en vitamines.<\/span><\/span><\/span><\/span><\/div>\n<\/div>\n<div>\n<p><strong>POURQUOI PAIDO?<\/strong><\/p>\n<p>Paido Soda Raspberry &amp; Maracuja est synonyme de plaisir conscient sans regrets.<\/p>\n<p>Vitamines\u00a0:\u00a0la vitamine B12 et la vitamine B6 contribuent \u00e0 un m\u00e9tabolisme \u00e9nerg\u00e9tique normal et stabilisent le syst\u00e8me immunitaire.<br \/>\nFruit\u00e9\u00a0:\u00a0Quiconque aime la saveur de framboise adorera Paido Soda Raspberry.<br \/>\nNaturel\u00a0:\u00a0Paido Soda est totalement exempt de colorants artificiels et n&rsquo;est fabriqu\u00e9 qu&rsquo;avec des ingr\u00e9dients de haute qualit\u00e9.<br \/>\nFaible en calories\u00a0:\u00a0Avec seulement 20\u00a0calories pour 100\u00a0ml, Paido Soda fait partie des boissons gazeuses \u00e0 faible teneur en calories.<\/p>\n<\/div>\n<\/div>\n<\/div>\n<\/div>\n<\/div>\n<p><strong>5 FOR CHARITY<\/strong><\/p>\n<p>The Paido Soda Company GmbH a l&rsquo;intention de continuer \u00e0 soutenir des projets d&rsquo;aide mondiaux pour lutter contre la pauvret\u00e9 avec la distribution de boissons Paido Soda. Avec chaque canette de Paido vendue, 5 centimes sont revers\u00e9s \u00e0 ceux qui en ont besoin via des organisations \u00e0 but non lucratif. Ceci est garanti par le num\u00e9ro 5 imprim\u00e9 sur chaque bo\u00eete. Tous ceux qui ach\u00e8tent des sodas Paido deviennent \u00e9galement des partisans de ces projets.<\/p>\n<p><strong>Ingr\u00e9dients<\/strong><\/p>\n<p>Eau, sirop de sucre inverti acidifiant : acide citrique, extrait de sureau, ar\u00f4me antioxydant : acide ascorbique \u00e9dulcorant : glycosides de st\u00e9viol, chlorhydrate de pyridoxine (vitamine B6), cyanocobalamine (vitamine B12)<\/p>\n<p><strong>Informations nutritionnelles (100ml)<\/strong><\/p>\n<p>Calories : 83 kj \/ 20 kcal<br \/>\nMati\u00e8res grasses\u00a0: 0\u00a0g<br \/>\nDont acides gras satur\u00e9s\u00a0:\u00a00\u00a0g<br \/>\nGlucides\u00a0: 5,0\u00a0g<br \/>\ndont sucre : 5.0g<br \/>\nProt\u00e9ines : 0g<br \/>\nSel : 0g<br \/>\nVitamine B6 : 0,21mg*<br \/>\nVitamine B12\u00a0: 0,38 ug*<\/p>\n<p>*100ml correspond \u00e0 15% de la quantit\u00e9 de r\u00e9f\u00e9rence pour un(e) adulte.<\/p>\n","protected":false},"excerpt":{"rendered":"<p>Paido Soda Boisson gazeuse \u00e0 la framboise &#8211; 12 cannettes &#8211; EUR 20, TVA et livraison incluses<\/p>\n<div class=\"ZyvIDe\">\n<div class=\"a8FIud X0rvP L6rCcb\" data-apply-responsive-style=\"true\" data-classes=\"\" data-initial-translation-length=\"652\" data-saved-translation-limit-reached=\"false\">\n<div data-show-delay-ms=\"250\" data-append-to-body=\"false\" data-propagate-tooltip-mouseover-events=\"true\" data-anchor-corner=\"bottom-end\" data-enable-skip-handler=\"false\" data-popup-corner=\"top-end\">\n<div class=\"dePhmb\" aria-live=\"polite\">\n<div class=\"eyKpYb\" data-language=\"fr\" data-original-language=\"en\" data-result-index=\"0\">\n<div class=\"J0lOec\"><span class=\"VIiyi\" lang=\"fr\"><span class=\"JLqJ4b ChMk0b\" data-language-for-alternatives=\"fr\" data-language-to-translate-into=\"en\" data-phrase-index=\"0\" data-number-of-phrases=\"16\"><span class=\"Q4iAWc\">\u2713 Avec vitamine B12 &amp; B6<\/span><\/span><\/span><\/div>\n<div class=\"J0lOec\"><span class=\"VIiyi\" lang=\"fr\"><span class=\"JLqJ4b ChMk0b\" data-language-for-alternatives=\"fr\" data-language-to-translate-into=\"en\" data-phrase-index=\"0\" data-number-of-phrases=\"16\"><span class=\"JLqJ4b\" data-language-for-alternatives=\"fr\" data-language-to-translate-into=\"en\" data-phrase-index=\"1\" data-number-of-phrases=\"16\"><span class=\"Q4iAWc\">\u2713 Saveur fruit\u00e9e de framboise avec de l&rsquo;acide carbonique<\/span><\/span><\/span><\/span><\/div>\n<div class=\"J0lOec\"><span class=\"VIiyi\" lang=\"fr\"><span class=\"JLqJ4b ChMk0b\" data-language-for-alternatives=\"fr\" data-language-to-translate-into=\"en\" data-phrase-index=\"0\" data-number-of-phrases=\"16\"><span class=\"JLqJ4b\" data-language-for-alternatives=\"fr\" data-language-to-translate-into=\"en\" data-phrase-index=\"1\" data-number-of-phrases=\"16\"><span class=\"Q4iAWc\">\u2713 Sans colorants artificiels<\/span><\/span><\/span><\/span><\/div>\n<div class=\"J0lOec\"><span class=\"VIiyi\" lang=\"fr\"><span class=\"JLqJ4b ChMk0b\" data-language-for-alternatives=\"fr\" data-language-to-translate-into=\"en\" data-phrase-index=\"0\" data-number-of-phrases=\"16\"><span class=\"JLqJ4b\" data-language-for-alternatives=\"fr\" data-language-to-translate-into=\"en\" data-phrase-index=\"1\" data-number-of-phrases=\"16\"><span class=\"Q4iAWc\">\u2713 Faible teneur en sucre<\/span><\/span><\/span><\/span><\/div>\n<div><\/div>\n<div class=\"J0lOec\"><span class=\"VIiyi\" lang=\"fr\"><span class=\"JLqJ4b ChMk0b\" data-language-for-alternatives=\"fr\" data-language-to-translate-into=\"en\" data-phrase-index=\"0\" data-number-of-phrases=\"16\"><span class=\"JLqJ4b\" data-language-for-alternatives=\"fr\" data-language-to-translate-into=\"en\" data-phrase-index=\"1\" data-number-of-phrases=\"16\"><span class=\"Q4iAWc\">D\u00e9lai de livraison : en 1-3 jours \u00e0 votre domicile<\/span><\/span><\/span><\/span><\/div>\n<\/div>\n<\/div>\n<\/div>\n<\/div>\n<\/div>\n","protected":false},"featured_media":75938,"template":"","meta":{"_et_pb_use_builder":"","_et_pb_old_content":"","_et_gb_content_width":""},"product_brand":[],"product_cat":[135],"product_tag":[],"class_list":{"0":"post-77390","1":"product","2":"type-product","3":"status-publish","4":"has-post-thumbnail","6":"product_cat-boissons","8":"first","9":"instock","10":"purchasable","11":"product-type-simple"},"yoast_head":"<!-- This site is optimized with the Yoast SEO plugin v24.5 - https:\/\/yoast.com\/wordpress\/plugins\/seo\/ -->\n<title>Paido Soda Framboise: Boisson gazeuse<\/title>\n<meta name=\"description\" content=\"Paido Soda Framboise: EUR 20, TVA et livraison incluses! Avec vitamine B12 &amp; B6, sans colorants artificiels, faible teneur en sucre.\" \/>\n<meta name=\"robots\" content=\"index, follow, max-snippet:-1, max-image-preview:large, max-video-preview:-1\" \/>\n<link rel=\"canonical\" href=\"https:\/\/coolbrandz.com\/fr\/produit\/paido-soda-raspberry-soft-drink\/\" \/>\n<meta property=\"og:locale\" content=\"fr_FR\" \/>\n<meta property=\"og:type\" content=\"article\" \/>\n<meta property=\"og:title\" content=\"Paido Soda Framboise: Boisson gazeuse\" \/>\n<meta property=\"og:description\" content=\"Paido Soda Framboise: EUR 20, TVA et livraison incluses! Avec vitamine B12 &amp; B6, sans colorants artificiels, faible teneur en sucre.\" \/>\n<meta property=\"og:url\" content=\"https:\/\/coolbrandz.com\/fr\/produit\/paido-soda-raspberry-soft-drink\/\" \/>\n<meta property=\"og:site_name\" content=\"Coolbrandz\" \/>\n<meta property=\"article:modified_time\" content=\"2024-06-23T19:36:38+00:00\" \/>\n<meta property=\"og:image\" content=\"https:\/\/coolbrandz.com\/wp-content\/uploads\/2022\/05\/Paido-Soda-Raspberry-Lowcal.jpg\" \/>\n\t<meta property=\"og:image:width\" content=\"960\" \/>\n\t<meta property=\"og:image:height\" content=\"916\" \/>\n\t<meta property=\"og:image:type\" content=\"image\/jpeg\" \/>\n<meta name=\"twitter:card\" content=\"summary_large_image\" \/>\n<meta name=\"twitter:label1\" content=\"Dur\u00e9e de lecture estim\u00e9e\" \/>\n\t<meta name=\"twitter:data1\" content=\"2 minutes\" \/>\n<script type=\"application\/ld+json\" class=\"yoast-schema-graph\">{\"@context\":\"https:\/\/schema.org\",\"@graph\":[{\"@type\":\"WebPage\",\"@id\":\"https:\/\/coolbrandz.com\/fr\/produit\/paido-soda-raspberry-soft-drink\/\",\"url\":\"https:\/\/coolbrandz.com\/fr\/produit\/paido-soda-raspberry-soft-drink\/\",\"name\":\"Paido Soda Framboise: Boisson gazeuse\",\"isPartOf\":{\"@id\":\"https:\/\/coolbrandz.com\/fr\/#website\"},\"primaryImageOfPage\":{\"@id\":\"https:\/\/coolbrandz.com\/fr\/produit\/paido-soda-raspberry-soft-drink\/#primaryimage\"},\"image\":{\"@id\":\"https:\/\/coolbrandz.com\/fr\/produit\/paido-soda-raspberry-soft-drink\/#primaryimage\"},\"thumbnailUrl\":\"https:\/\/coolbrandz.com\/wp-content\/uploads\/2022\/05\/Paido-Soda-Raspberry-Lowcal.jpg\",\"datePublished\":\"2022-06-07T01:59:59+00:00\",\"dateModified\":\"2024-06-23T19:36:38+00:00\",\"description\":\"Paido Soda Framboise: EUR 20, TVA et livraison incluses! Avec vitamine B12 & B6, sans colorants artificiels, faible teneur en sucre.\",\"breadcrumb\":{\"@id\":\"https:\/\/coolbrandz.com\/fr\/produit\/paido-soda-raspberry-soft-drink\/#breadcrumb\"},\"inLanguage\":\"fr-FR\",\"potentialAction\":[{\"@type\":\"ReadAction\",\"target\":[\"https:\/\/coolbrandz.com\/fr\/produit\/paido-soda-raspberry-soft-drink\/\"]}]},{\"@type\":\"ImageObject\",\"inLanguage\":\"fr-FR\",\"@id\":\"https:\/\/coolbrandz.com\/fr\/produit\/paido-soda-raspberry-soft-drink\/#primaryimage\",\"url\":\"https:\/\/coolbrandz.com\/wp-content\/uploads\/2022\/05\/Paido-Soda-Raspberry-Lowcal.jpg\",\"contentUrl\":\"https:\/\/coolbrandz.com\/wp-content\/uploads\/2022\/05\/Paido-Soda-Raspberry-Lowcal.jpg\",\"width\":960,\"height\":916,\"caption\":\"Paido Soda Raspberry Lowcal\"},{\"@type\":\"BreadcrumbList\",\"@id\":\"https:\/\/coolbrandz.com\/fr\/produit\/paido-soda-raspberry-soft-drink\/#breadcrumb\",\"itemListElement\":[{\"@type\":\"ListItem\",\"position\":1,\"name\":\"Home\",\"item\":\"https:\/\/coolbrandz.com\/fr\/\"},{\"@type\":\"ListItem\",\"position\":2,\"name\":\"Shop\",\"item\":\"https:\/\/coolbrandz.com\/shop\/\"},{\"@type\":\"ListItem\",\"position\":3,\"name\":\"Paido Soda Boisson gazeuse \u00e0 la framboise &#8211; 12 cannettes &#8211; EUR 20\"}]},{\"@type\":\"WebSite\",\"@id\":\"https:\/\/coolbrandz.com\/fr\/#website\",\"url\":\"https:\/\/coolbrandz.com\/fr\/\",\"name\":\"Coolbrandz\",\"description\":\"Where cool people meet cool brands\",\"publisher\":{\"@id\":\"https:\/\/coolbrandz.com\/fr\/#organization\"},\"potentialAction\":[{\"@type\":\"SearchAction\",\"target\":{\"@type\":\"EntryPoint\",\"urlTemplate\":\"https:\/\/coolbrandz.com\/fr\/?s={search_term_string}\"},\"query-input\":{\"@type\":\"PropertyValueSpecification\",\"valueRequired\":true,\"valueName\":\"search_term_string\"}}],\"inLanguage\":\"fr-FR\"},{\"@type\":\"Organization\",\"@id\":\"https:\/\/coolbrandz.com\/fr\/#organization\",\"name\":\"Coolbrandz\",\"alternateName\":\"coolbrandz.com\",\"url\":\"https:\/\/coolbrandz.com\/fr\/\",\"logo\":{\"@type\":\"ImageObject\",\"inLanguage\":\"fr-FR\",\"@id\":\"https:\/\/coolbrandz.com\/fr\/#\/schema\/logo\/image\/\",\"url\":\"http:\/\/coolbrandz.com\/wp-content\/uploads\/2023\/03\/logo_coolbrandz.png\",\"contentUrl\":\"http:\/\/coolbrandz.com\/wp-content\/uploads\/2023\/03\/logo_coolbrandz.png\",\"width\":279,\"height\":150,\"caption\":\"Coolbrandz\"},\"image\":{\"@id\":\"https:\/\/coolbrandz.com\/fr\/#\/schema\/logo\/image\/\"}}]}<\/script>\n<!-- \/ Yoast SEO plugin. -->","yoast_head_json":{"title":"Paido Soda Framboise: Boisson gazeuse","description":"Paido Soda Framboise: EUR 20, TVA et livraison incluses! Avec vitamine B12 & B6, sans colorants artificiels, faible teneur en sucre.","robots":{"index":"index","follow":"follow","max-snippet":"max-snippet:-1","max-image-preview":"max-image-preview:large","max-video-preview":"max-video-preview:-1"},"canonical":"https:\/\/coolbrandz.com\/fr\/produit\/paido-soda-raspberry-soft-drink\/","og_locale":"fr_FR","og_type":"article","og_title":"Paido Soda Framboise: Boisson gazeuse","og_description":"Paido Soda Framboise: EUR 20, TVA et livraison incluses! Avec vitamine B12 & B6, sans colorants artificiels, faible teneur en sucre.","og_url":"https:\/\/coolbrandz.com\/fr\/produit\/paido-soda-raspberry-soft-drink\/","og_site_name":"Coolbrandz","article_modified_time":"2024-06-23T19:36:38+00:00","og_image":[{"width":960,"height":916,"url":"https:\/\/coolbrandz.com\/wp-content\/uploads\/2022\/05\/Paido-Soda-Raspberry-Lowcal.jpg","type":"image\/jpeg"}],"twitter_card":"summary_large_image","twitter_misc":{"Dur\u00e9e de lecture estim\u00e9e":"2 minutes"},"schema":{"@context":"https:\/\/schema.org","@graph":[{"@type":"WebPage","@id":"https:\/\/coolbrandz.com\/fr\/produit\/paido-soda-raspberry-soft-drink\/","url":"https:\/\/coolbrandz.com\/fr\/produit\/paido-soda-raspberry-soft-drink\/","name":"Paido Soda Framboise: Boisson gazeuse","isPartOf":{"@id":"https:\/\/coolbrandz.com\/fr\/#website"},"primaryImageOfPage":{"@id":"https:\/\/coolbrandz.com\/fr\/produit\/paido-soda-raspberry-soft-drink\/#primaryimage"},"image":{"@id":"https:\/\/coolbrandz.com\/fr\/produit\/paido-soda-raspberry-soft-drink\/#primaryimage"},"thumbnailUrl":"https:\/\/coolbrandz.com\/wp-content\/uploads\/2022\/05\/Paido-Soda-Raspberry-Lowcal.jpg","datePublished":"2022-06-07T01:59:59+00:00","dateModified":"2024-06-23T19:36:38+00:00","description":"Paido Soda Framboise: EUR 20, TVA et livraison incluses! Avec vitamine B12 & B6, sans colorants artificiels, faible teneur en sucre.","breadcrumb":{"@id":"https:\/\/coolbrandz.com\/fr\/produit\/paido-soda-raspberry-soft-drink\/#breadcrumb"},"inLanguage":"fr-FR","potentialAction":[{"@type":"ReadAction","target":["https:\/\/coolbrandz.com\/fr\/produit\/paido-soda-raspberry-soft-drink\/"]}]},{"@type":"ImageObject","inLanguage":"fr-FR","@id":"https:\/\/coolbrandz.com\/fr\/produit\/paido-soda-raspberry-soft-drink\/#primaryimage","url":"https:\/\/coolbrandz.com\/wp-content\/uploads\/2022\/05\/Paido-Soda-Raspberry-Lowcal.jpg","contentUrl":"https:\/\/coolbrandz.com\/wp-content\/uploads\/2022\/05\/Paido-Soda-Raspberry-Lowcal.jpg","width":960,"height":916,"caption":"Paido Soda Raspberry Lowcal"},{"@type":"BreadcrumbList","@id":"https:\/\/coolbrandz.com\/fr\/produit\/paido-soda-raspberry-soft-drink\/#breadcrumb","itemListElement":[{"@type":"ListItem","position":1,"name":"Home","item":"https:\/\/coolbrandz.com\/fr\/"},{"@type":"ListItem","position":2,"name":"Shop","item":"https:\/\/coolbrandz.com\/shop\/"},{"@type":"ListItem","position":3,"name":"Paido Soda Boisson gazeuse \u00e0 la framboise &#8211; 12 cannettes &#8211; EUR 20"}]},{"@type":"WebSite","@id":"https:\/\/coolbrandz.com\/fr\/#website","url":"https:\/\/coolbrandz.com\/fr\/","name":"Coolbrandz","description":"Where cool people meet cool brands","publisher":{"@id":"https:\/\/coolbrandz.com\/fr\/#organization"},"potentialAction":[{"@type":"SearchAction","target":{"@type":"EntryPoint","urlTemplate":"https:\/\/coolbrandz.com\/fr\/?s={search_term_string}"},"query-input":{"@type":"PropertyValueSpecification","valueRequired":true,"valueName":"search_term_string"}}],"inLanguage":"fr-FR"},{"@type":"Organization","@id":"https:\/\/coolbrandz.com\/fr\/#organization","name":"Coolbrandz","alternateName":"coolbrandz.com","url":"https:\/\/coolbrandz.com\/fr\/","logo":{"@type":"ImageObject","inLanguage":"fr-FR","@id":"https:\/\/coolbrandz.com\/fr\/#\/schema\/logo\/image\/","url":"http:\/\/coolbrandz.com\/wp-content\/uploads\/2023\/03\/logo_coolbrandz.png","contentUrl":"http:\/\/coolbrandz.com\/wp-content\/uploads\/2023\/03\/logo_coolbrandz.png","width":279,"height":150,"caption":"Coolbrandz"},"image":{"@id":"https:\/\/coolbrandz.com\/fr\/#\/schema\/logo\/image\/"}}]}},"_links":{"self":[{"href":"https:\/\/coolbrandz.com\/fr\/wp-json\/wp\/v2\/product\/77390","targetHints":{"allow":["GET"]}}],"collection":[{"href":"https:\/\/coolbrandz.com\/fr\/wp-json\/wp\/v2\/product"}],"about":[{"href":"https:\/\/coolbrandz.com\/fr\/wp-json\/wp\/v2\/types\/product"}],"wp:featuredmedia":[{"embeddable":true,"href":"https:\/\/coolbrandz.com\/fr\/wp-json\/wp\/v2\/media\/75938"}],"wp:attachment":[{"href":"https:\/\/coolbrandz.com\/fr\/wp-json\/wp\/v2\/media?parent=77390"}],"wp:term":[{"taxonomy":"product_brand","embeddable":true,"href":"https:\/\/coolbrandz.com\/fr\/wp-json\/wp\/v2\/product_brand?post=77390"},{"taxonomy":"product_cat","embeddable":true,"href":"https:\/\/coolbrandz.com\/fr\/wp-json\/wp\/v2\/product_cat?post=77390"},{"taxonomy":"product_tag","embeddable":true,"href":"https:\/\/coolbrandz.com\/fr\/wp-json\/wp\/v2\/product_tag?post=77390"}],"curies":[{"name":"wp","href":"https:\/\/api.w.org\/{rel}","templated":true}]}}