{"id":76202,"date":"2022-05-14T14:05:40","date_gmt":"2022-05-15T15:36:18","guid":{"rendered":"https:\/\/coolbrandz.com\/?p=76202"},"modified":"2022-06-12T01:54:27","modified_gmt":"2022-06-11T23:54:27","slug":"rawcat-superfood-bar-caramello-salato","status":"publish","type":"product","link":"https:\/\/coolbrandz.com\/it\/prodotto\/rawcat-superfood-bar-caramello-salato\/","title":{"rendered":"RAWCAT Superfood Bar Caramello Salato &#8211; Box \u00e0 15 barrette &#8211; EUR 25"},"content":{"rendered":"<p>Barretta RAWCAT Caramello Salato &#8211; Senza glutine, vegano, senza latticini, senza OGM, senza zucchero, a base vegetale &#8211; Box \u00e0 15 barrette &#8211; EUR 25, consegna inclusa<\/p>\n<p><a href=\"https:\/\/rawcatbar.com\/?l=en\">RAWCAT \u00e8<\/a> specializzata nella produzione di prodotti sani e naturali. Le loro barrette funzionali sono costituite esclusivamente da ingredienti naturali come noci, frutta, bacche e super alimenti. Arricchito con vitamine, minerali e fibre. Esente da glutine, lattosio, zuccheri aggiunti, OGM, coloranti o conservanti. Le barrette RAWCAT combinano ottimo gusto, aspetto unico, prezzo accessibile e alta qualit\u00e0!<\/p>\n<p><strong>Composizione del prodotto<\/strong><\/p>\n<p>Burro di arachidi<br \/>\nIncolla la data<br \/>\nAnacardi<br \/>\nZucchero di cocco<br \/>\nRiso soffiato<br \/>\nCacao<br \/>\nSale rosa<\/p>\n<p><strong>Valori nutrizionali (52g)<\/strong><\/p>\n<p>Proteine: 6,7 g<br \/>\nGrassi: 12,2 g<br \/>\nCarboidrati: 22,0 g<br \/>\nFibre alimentari: 2,7 g<br \/>\nSale: 0,8 g<br \/>\nCalorie: 224\/940 kcal\/kJ<\/p>\n<p><strong>A proposito di RAWCAT<\/strong><\/p>\n<p>RAWCAT \u00e8 un giovane marchio di bar funzionali dall&#8217;Ucraina. La loro missione \u00e8 renderti pi\u00f9 felice e pi\u00f9 sano. I prodotti che creano sono costituiti esclusivamente da ingredienti naturali, come: noci, frutta, bacche, superfood. Le barrette RAWCAT sono arricchite con vitamine, minerali e fibre. Non troverai coloranti e conservanti in essi.<\/p>\n<p>RAWCAT presenta un packaging elegante e attraente, particolarmente interessante per i clienti B2B in quanto promuove le vendite presso i POS. Con la maschera per gatti e i vivaci colori al neon, le scatole RAWCAT attirano davvero l&#8217;attenzione. In Ucraina, la consegna \u00e8 gratuita; in Europa le spese di spedizione sono comodamente comprese nel prezzo di vendita di EUR 25.<\/p>\n<p>Le barre funzionali di RAWCAT non contengono stabilizzanti o conservanti e hanno una durata di 9 mesi. Possono essere comodamente conservati in un luogo asciutto al riparo dalla luce e non necessitano di refrigerazione.<\/p>\n<p>Le barrette RAWCAT sono caratterizzate da gusto ricco e formato conveniente. Sono uno spuntino completo e salutare. Particolarmente amato dalla nuova e moderna generazione, che predilige un&#8217;alimentazione pulita e cura della propria salute.<\/p>\n<p>Negli ultimi anni \u00e8 stata osservata una tendenza generale verso un&#8217;alimentazione pi\u00f9 sana e prodotti a base vegetale. Pertanto, come cliente aziendale, ha senso lavorare con un marchio come RAWCAT. Studi di yoga e fitness, caffetterie e take-away, minimarket o concept store possono trarre vantaggio dal proporre alla propria clientela una scelta di snack salutari.<\/p>\n","protected":false},"excerpt":{"rendered":"<p>Barretta RAWCAT Caramello Salato &#8211; Senza glutine, vegano, senza latticini, senza OGM, senza zucchero, a base vegetale &#8211; Box \u00e0 15 barrette &#8211; EUR 25, consegna inclusa<\/p>\n<p>Prodotti sani e naturali. Le barrette funzionali RAWCAT sono costituite esclusivamente da ingredienti naturali come noci, frutta, bacche e superfood. Arricchito con vitamine, minerali e fibre. Esente da glutine, lattosio, zuccheri aggiunti, OGM, coloranti o conservanti. Le barrette RAWCAT combinano ottimo gusto, aspetto unico, prezzo accessibile e alta qualit\u00e0!<\/p>\n","protected":false},"featured_media":76140,"template":"","meta":{"_et_pb_use_builder":"","_et_pb_old_content":"","_et_gb_content_width":""},"product_brand":[],"product_cat":[149],"product_tag":[],"class_list":{"0":"post-76202","1":"product","2":"type-product","3":"status-publish","4":"has-post-thumbnail","6":"product_cat-spuntini","8":"first","9":"outofstock","10":"purchasable","11":"product-type-simple"},"yoast_head":"<!-- This site is optimized with the Yoast SEO plugin v24.5 - https:\/\/yoast.com\/wordpress\/plugins\/seo\/ -->\n<title>RAWCAT Bar Caramello Salato<\/title>\n<meta name=\"description\" content=\"RAWCAT Bar Caramello Salato: Senza Glutine, Vegan, Senza Latticini, No OGM, Senza Zucchero, Di Base Vegetale - EUR 25, Consegna Inclusa\" \/>\n<meta name=\"robots\" content=\"index, follow, max-snippet:-1, max-image-preview:large, max-video-preview:-1\" \/>\n<link rel=\"canonical\" href=\"https:\/\/coolbrandz.com\/it\/prodotto\/rawcat-superfood-bar-caramello-salato\/\" \/>\n<meta property=\"og:locale\" content=\"it_IT\" \/>\n<meta property=\"og:type\" content=\"article\" \/>\n<meta property=\"og:title\" content=\"RAWCAT Bar Caramello Salato\" \/>\n<meta property=\"og:description\" content=\"RAWCAT Bar Caramello Salato: Senza Glutine, Vegan, Senza Latticini, No OGM, Senza Zucchero, Di Base Vegetale - EUR 25, Consegna Inclusa\" \/>\n<meta property=\"og:url\" content=\"https:\/\/coolbrandz.com\/it\/prodotto\/rawcat-superfood-bar-caramello-salato\/\" \/>\n<meta property=\"og:site_name\" content=\"Coolbrandz\" \/>\n<meta property=\"article:modified_time\" content=\"2022-06-11T23:54:27+00:00\" \/>\n<meta property=\"og:image\" content=\"https:\/\/coolbrandz.com\/wp-content\/uploads\/2022\/05\/RAWCAT-Bar-Salted-Caramel-Moskalenko-Box-Couple.jpg\" \/>\n\t<meta property=\"og:image:width\" content=\"875\" \/>\n\t<meta property=\"og:image:height\" content=\"1312\" \/>\n\t<meta property=\"og:image:type\" content=\"image\/jpeg\" \/>\n<meta name=\"twitter:card\" content=\"summary_large_image\" \/>\n<meta name=\"twitter:label1\" content=\"Tempo di lettura stimato\" \/>\n\t<meta name=\"twitter:data1\" content=\"2 minuti\" \/>\n<script type=\"application\/ld+json\" class=\"yoast-schema-graph\">{\"@context\":\"https:\/\/schema.org\",\"@graph\":[{\"@type\":\"WebPage\",\"@id\":\"https:\/\/coolbrandz.com\/it\/prodotto\/rawcat-superfood-bar-caramello-salato\/\",\"url\":\"https:\/\/coolbrandz.com\/it\/prodotto\/rawcat-superfood-bar-caramello-salato\/\",\"name\":\"RAWCAT Bar Caramello Salato\",\"isPartOf\":{\"@id\":\"https:\/\/coolbrandz.com\/it\/#website\"},\"primaryImageOfPage\":{\"@id\":\"https:\/\/coolbrandz.com\/it\/prodotto\/rawcat-superfood-bar-caramello-salato\/#primaryimage\"},\"image\":{\"@id\":\"https:\/\/coolbrandz.com\/it\/prodotto\/rawcat-superfood-bar-caramello-salato\/#primaryimage\"},\"thumbnailUrl\":\"https:\/\/coolbrandz.com\/wp-content\/uploads\/2022\/05\/RAWCAT-Bar-Salted-Caramel-Moskalenko-Box-Couple.jpg\",\"datePublished\":\"2022-05-15T15:36:18+00:00\",\"dateModified\":\"2022-06-11T23:54:27+00:00\",\"description\":\"RAWCAT Bar Caramello Salato: Senza Glutine, Vegan, Senza Latticini, No OGM, Senza Zucchero, Di Base Vegetale - EUR 25, Consegna Inclusa\",\"breadcrumb\":{\"@id\":\"https:\/\/coolbrandz.com\/it\/prodotto\/rawcat-superfood-bar-caramello-salato\/#breadcrumb\"},\"inLanguage\":\"it-IT\",\"potentialAction\":[{\"@type\":\"ReadAction\",\"target\":[\"https:\/\/coolbrandz.com\/it\/prodotto\/rawcat-superfood-bar-caramello-salato\/\"]}]},{\"@type\":\"ImageObject\",\"inLanguage\":\"it-IT\",\"@id\":\"https:\/\/coolbrandz.com\/it\/prodotto\/rawcat-superfood-bar-caramello-salato\/#primaryimage\",\"url\":\"https:\/\/coolbrandz.com\/wp-content\/uploads\/2022\/05\/RAWCAT-Bar-Salted-Caramel-Moskalenko-Box-Couple.jpg\",\"contentUrl\":\"https:\/\/coolbrandz.com\/wp-content\/uploads\/2022\/05\/RAWCAT-Bar-Salted-Caramel-Moskalenko-Box-Couple.jpg\",\"width\":875,\"height\":1312,\"caption\":\"RAWCAT Bar Salted Caramel Moskalenko Box Couple\"},{\"@type\":\"BreadcrumbList\",\"@id\":\"https:\/\/coolbrandz.com\/it\/prodotto\/rawcat-superfood-bar-caramello-salato\/#breadcrumb\",\"itemListElement\":[{\"@type\":\"ListItem\",\"position\":1,\"name\":\"Home\",\"item\":\"https:\/\/coolbrandz.com\/it\/\"},{\"@type\":\"ListItem\",\"position\":2,\"name\":\"Shop\",\"item\":\"https:\/\/coolbrandz.com\/shop\/\"},{\"@type\":\"ListItem\",\"position\":3,\"name\":\"RAWCAT Superfood Bar Caramello Salato &#8211; Box \u00e0 15 barrette &#8211; EUR 25\"}]},{\"@type\":\"WebSite\",\"@id\":\"https:\/\/coolbrandz.com\/it\/#website\",\"url\":\"https:\/\/coolbrandz.com\/it\/\",\"name\":\"Coolbrandz\",\"description\":\"Where cool people meet cool brands\",\"publisher\":{\"@id\":\"https:\/\/coolbrandz.com\/it\/#organization\"},\"potentialAction\":[{\"@type\":\"SearchAction\",\"target\":{\"@type\":\"EntryPoint\",\"urlTemplate\":\"https:\/\/coolbrandz.com\/it\/?s={search_term_string}\"},\"query-input\":{\"@type\":\"PropertyValueSpecification\",\"valueRequired\":true,\"valueName\":\"search_term_string\"}}],\"inLanguage\":\"it-IT\"},{\"@type\":\"Organization\",\"@id\":\"https:\/\/coolbrandz.com\/it\/#organization\",\"name\":\"Coolbrandz\",\"alternateName\":\"coolbrandz.com\",\"url\":\"https:\/\/coolbrandz.com\/it\/\",\"logo\":{\"@type\":\"ImageObject\",\"inLanguage\":\"it-IT\",\"@id\":\"https:\/\/coolbrandz.com\/it\/#\/schema\/logo\/image\/\",\"url\":\"http:\/\/coolbrandz.com\/wp-content\/uploads\/2023\/03\/logo_coolbrandz.png\",\"contentUrl\":\"http:\/\/coolbrandz.com\/wp-content\/uploads\/2023\/03\/logo_coolbrandz.png\",\"width\":279,\"height\":150,\"caption\":\"Coolbrandz\"},\"image\":{\"@id\":\"https:\/\/coolbrandz.com\/it\/#\/schema\/logo\/image\/\"}}]}<\/script>\n<!-- \/ Yoast SEO plugin. -->","yoast_head_json":{"title":"RAWCAT Bar Caramello Salato","description":"RAWCAT Bar Caramello Salato: Senza Glutine, Vegan, Senza Latticini, No OGM, Senza Zucchero, Di Base Vegetale - EUR 25, Consegna Inclusa","robots":{"index":"index","follow":"follow","max-snippet":"max-snippet:-1","max-image-preview":"max-image-preview:large","max-video-preview":"max-video-preview:-1"},"canonical":"https:\/\/coolbrandz.com\/it\/prodotto\/rawcat-superfood-bar-caramello-salato\/","og_locale":"it_IT","og_type":"article","og_title":"RAWCAT Bar Caramello Salato","og_description":"RAWCAT Bar Caramello Salato: Senza Glutine, Vegan, Senza Latticini, No OGM, Senza Zucchero, Di Base Vegetale - EUR 25, Consegna Inclusa","og_url":"https:\/\/coolbrandz.com\/it\/prodotto\/rawcat-superfood-bar-caramello-salato\/","og_site_name":"Coolbrandz","article_modified_time":"2022-06-11T23:54:27+00:00","og_image":[{"width":875,"height":1312,"url":"https:\/\/coolbrandz.com\/wp-content\/uploads\/2022\/05\/RAWCAT-Bar-Salted-Caramel-Moskalenko-Box-Couple.jpg","type":"image\/jpeg"}],"twitter_card":"summary_large_image","twitter_misc":{"Tempo di lettura stimato":"2 minuti"},"schema":{"@context":"https:\/\/schema.org","@graph":[{"@type":"WebPage","@id":"https:\/\/coolbrandz.com\/it\/prodotto\/rawcat-superfood-bar-caramello-salato\/","url":"https:\/\/coolbrandz.com\/it\/prodotto\/rawcat-superfood-bar-caramello-salato\/","name":"RAWCAT Bar Caramello Salato","isPartOf":{"@id":"https:\/\/coolbrandz.com\/it\/#website"},"primaryImageOfPage":{"@id":"https:\/\/coolbrandz.com\/it\/prodotto\/rawcat-superfood-bar-caramello-salato\/#primaryimage"},"image":{"@id":"https:\/\/coolbrandz.com\/it\/prodotto\/rawcat-superfood-bar-caramello-salato\/#primaryimage"},"thumbnailUrl":"https:\/\/coolbrandz.com\/wp-content\/uploads\/2022\/05\/RAWCAT-Bar-Salted-Caramel-Moskalenko-Box-Couple.jpg","datePublished":"2022-05-15T15:36:18+00:00","dateModified":"2022-06-11T23:54:27+00:00","description":"RAWCAT Bar Caramello Salato: Senza Glutine, Vegan, Senza Latticini, No OGM, Senza Zucchero, Di Base Vegetale - EUR 25, Consegna Inclusa","breadcrumb":{"@id":"https:\/\/coolbrandz.com\/it\/prodotto\/rawcat-superfood-bar-caramello-salato\/#breadcrumb"},"inLanguage":"it-IT","potentialAction":[{"@type":"ReadAction","target":["https:\/\/coolbrandz.com\/it\/prodotto\/rawcat-superfood-bar-caramello-salato\/"]}]},{"@type":"ImageObject","inLanguage":"it-IT","@id":"https:\/\/coolbrandz.com\/it\/prodotto\/rawcat-superfood-bar-caramello-salato\/#primaryimage","url":"https:\/\/coolbrandz.com\/wp-content\/uploads\/2022\/05\/RAWCAT-Bar-Salted-Caramel-Moskalenko-Box-Couple.jpg","contentUrl":"https:\/\/coolbrandz.com\/wp-content\/uploads\/2022\/05\/RAWCAT-Bar-Salted-Caramel-Moskalenko-Box-Couple.jpg","width":875,"height":1312,"caption":"RAWCAT Bar Salted Caramel Moskalenko Box Couple"},{"@type":"BreadcrumbList","@id":"https:\/\/coolbrandz.com\/it\/prodotto\/rawcat-superfood-bar-caramello-salato\/#breadcrumb","itemListElement":[{"@type":"ListItem","position":1,"name":"Home","item":"https:\/\/coolbrandz.com\/it\/"},{"@type":"ListItem","position":2,"name":"Shop","item":"https:\/\/coolbrandz.com\/shop\/"},{"@type":"ListItem","position":3,"name":"RAWCAT Superfood Bar Caramello Salato &#8211; Box \u00e0 15 barrette &#8211; EUR 25"}]},{"@type":"WebSite","@id":"https:\/\/coolbrandz.com\/it\/#website","url":"https:\/\/coolbrandz.com\/it\/","name":"Coolbrandz","description":"Where cool people meet cool brands","publisher":{"@id":"https:\/\/coolbrandz.com\/it\/#organization"},"potentialAction":[{"@type":"SearchAction","target":{"@type":"EntryPoint","urlTemplate":"https:\/\/coolbrandz.com\/it\/?s={search_term_string}"},"query-input":{"@type":"PropertyValueSpecification","valueRequired":true,"valueName":"search_term_string"}}],"inLanguage":"it-IT"},{"@type":"Organization","@id":"https:\/\/coolbrandz.com\/it\/#organization","name":"Coolbrandz","alternateName":"coolbrandz.com","url":"https:\/\/coolbrandz.com\/it\/","logo":{"@type":"ImageObject","inLanguage":"it-IT","@id":"https:\/\/coolbrandz.com\/it\/#\/schema\/logo\/image\/","url":"http:\/\/coolbrandz.com\/wp-content\/uploads\/2023\/03\/logo_coolbrandz.png","contentUrl":"http:\/\/coolbrandz.com\/wp-content\/uploads\/2023\/03\/logo_coolbrandz.png","width":279,"height":150,"caption":"Coolbrandz"},"image":{"@id":"https:\/\/coolbrandz.com\/it\/#\/schema\/logo\/image\/"}}]}},"_links":{"self":[{"href":"https:\/\/coolbrandz.com\/it\/wp-json\/wp\/v2\/product\/76202","targetHints":{"allow":["GET"]}}],"collection":[{"href":"https:\/\/coolbrandz.com\/it\/wp-json\/wp\/v2\/product"}],"about":[{"href":"https:\/\/coolbrandz.com\/it\/wp-json\/wp\/v2\/types\/product"}],"wp:featuredmedia":[{"embeddable":true,"href":"https:\/\/coolbrandz.com\/it\/wp-json\/wp\/v2\/media\/76140"}],"wp:attachment":[{"href":"https:\/\/coolbrandz.com\/it\/wp-json\/wp\/v2\/media?parent=76202"}],"wp:term":[{"taxonomy":"product_brand","embeddable":true,"href":"https:\/\/coolbrandz.com\/it\/wp-json\/wp\/v2\/product_brand?post=76202"},{"taxonomy":"product_cat","embeddable":true,"href":"https:\/\/coolbrandz.com\/it\/wp-json\/wp\/v2\/product_cat?post=76202"},{"taxonomy":"product_tag","embeddable":true,"href":"https:\/\/coolbrandz.com\/it\/wp-json\/wp\/v2\/product_tag?post=76202"}],"curies":[{"name":"wp","href":"https:\/\/api.w.org\/{rel}","templated":true}]}}