{"id":76204,"date":"2022-05-09T15:14:39","date_gmt":"2022-05-15T15:36:19","guid":{"rendered":"https:\/\/coolbrandz.com\/?p=76204"},"modified":"2022-06-12T05:18:16","modified_gmt":"2022-06-12T03:18:16","slug":"paido-soda-lampone-bevanda-analcolica","status":"publish","type":"product","link":"https:\/\/coolbrandz.com\/it\/prodotto\/paido-soda-lampone-bevanda-analcolica\/","title":{"rendered":"Paido Soda Lampone &#8211; Bevanda Analcolica &#8211; 12 lattine &#8211; \u20ac 20"},"content":{"rendered":"<p>Paido Soda Lampone &#8211; Bevanda Analcolica &#8211; 12 lattine &#8211; \u20ac 20<\/p>\n<p>\u2713 Con vitamina B12 e B6<br \/>\n\u2713 Sapore fruttato di lampone con acido carbonico<br \/>\n\u2713 Privo di coloranti artificiali<br \/>\n\u2713 Basso contenuto di zucchero<\/p>\n<p>Tempi di consegna: In 1-3 giorni a casa tua<\/p>\n<p>Con solo 20 calorie per 100 ml, <a href=\"https:\/\/www.paidosoda.com\/\">Paido Soda<\/a> \u00e8 una delle bibite a basso contenuto calorico. Chiunque ami il sapore del lampone \u00e8 ben consigliato di utilizzare il lampone di Soda di Paido. La bevanda ipocalorica fornisce all&#8217;organismo importanti nutrienti ed \u00e8 ricca di vitamine B6 e B12. Il paido ha un gusto rinfrescante e leggermente gassato. \u00c8 dolcificato con Stevia e povero di calorie. Il paido \u00e8 esente da coloranti artificiali e arricchito con vitamine.<\/p>\n<p><strong>PERCHE&#8217; PAGATO?<\/strong><\/p>\n<p>Paido Soda Raspberry &amp; Maracuja \u00e8 sinonimo di divertimento consapevole senza rimpianti.<\/p>\n<p><strong>Vitamine:<\/strong> la vitamina B12 e la vitamina B6 contribuiscono al normale metabolismo energetico e stabilizzano il sistema immunitario.<br \/>\n<strong>Fruttato:<\/strong> chiunque ami il sapore del lampone adorer\u00e0 il Paido Soda Raspberry.<br \/>\n<strong>Naturale:<\/strong> Paido Soda \u00e8 completamente privo di coloranti artificiali ed \u00e8 realizzato solo con ingredienti di alta qualit\u00e0.<br \/>\n<strong>Basso contenuto calorico:<\/strong> con solo 20 calorie per 100 ml, Paido Soda \u00e8 una delle bevande analcoliche a basso contenuto calorico.<\/p>\n<p><strong>5 PER BENEFICENZA<\/strong><\/p>\n<p>La Payo Soda Company GmbH intende continuare a sostenere progetti di aiuto in tutto il mondo per combattere la povert\u00e0 con la distribuzione di bevande Soda Payo. Per ogni lattina di Paido venduta, 5 centesimi o centesimi vengono donati a chi ne ha bisogno tramite organizzazioni senza scopo di lucro. Ci\u00f2 \u00e8 garantito dal numero 5 stampato su ogni lattina. Tutti coloro che acquistano bibite a pagamento diventano anche sostenitori di questi progetti. Un altro motivo per acquistare forniture nel nostro negozio di bibite a pagamento!<\/p>\n<p><strong>ingredienti<\/strong><\/p>\n<p>Acqua, sciroppo di zucchero invertito acidificante: acido citrico, estratto di sambuco, aroma antiossidante: acido ascorbico edulcorante: glicosidi steviolici, piridossina cloridrato (vitamina B6), cianocobalamina (vitamina B12)<\/p>\n<p><strong>Informazioni nutrizionali (100 ml)<\/strong><\/p>\n<p>Calorie: 83kj \/ 20 kcal<br \/>\nGrasso: 0 g<br \/>\nDi cui acidi grassi saturi: 0g<br \/>\nCarboidrati: 5,0 g<br \/>\ndi cui zucchero: 5,0 g<br \/>\nProteine: 0 g<br \/>\nSale: 0 g<br \/>\nVitamina B6: 0,21 mg*<br \/>\nVitamina B12: 0,38 ug*<\/p>\n<p>*100 ml corrispondono al 15% della quantit\u00e0 di riferimento per un adulto.<\/p>\n","protected":false},"excerpt":{"rendered":"<p>Soft Drink Paido Soda Lampone \u2013 12 lattine \u2013 \u20ac 20, IVA e spedizione incluse<\/p>\n<p>\u2713 Con vitamina B12 e B6<br \/>\n\u2713 Sapore fruttato di lampone con acido carbonico<br \/>\n\u2713 Privo di coloranti artificiali<br \/>\n\u2713 Basso contenuto di zucchero<\/p>\n<p>Tempi di consegna: In 1-3 giorni a casa tua<\/p>\n","protected":false},"featured_media":75940,"template":"","meta":{"_et_pb_use_builder":"","_et_pb_old_content":"","_et_gb_content_width":""},"product_brand":[],"product_cat":[137],"product_tag":[],"class_list":{"0":"post-76204","1":"product","2":"type-product","3":"status-publish","4":"has-post-thumbnail","6":"product_cat-bevande","8":"first","9":"instock","10":"purchasable","11":"product-type-simple"},"yoast_head":"<!-- This site is optimized with the Yoast SEO plugin v24.5 - https:\/\/yoast.com\/wordpress\/plugins\/seo\/ -->\n<title>Paido Soda Lampone - \u20ac 20<\/title>\n<meta name=\"description\" content=\"Paido Soda Lampone: vitamina B12, B6, aroma fruttato, acido carbonico, privo di coloranti artificiali, a basso contenuto di zucchero\" \/>\n<meta name=\"robots\" content=\"index, follow, max-snippet:-1, max-image-preview:large, max-video-preview:-1\" \/>\n<link rel=\"canonical\" href=\"https:\/\/coolbrandz.com\/it\/prodotto\/paido-soda-lampone-bevanda-analcolica\/\" \/>\n<meta property=\"og:locale\" content=\"it_IT\" \/>\n<meta property=\"og:type\" content=\"article\" \/>\n<meta property=\"og:title\" content=\"Paido Soda Lampone - \u20ac 20\" \/>\n<meta property=\"og:description\" content=\"Paido Soda Lampone: vitamina B12, B6, aroma fruttato, acido carbonico, privo di coloranti artificiali, a basso contenuto di zucchero\" \/>\n<meta property=\"og:url\" content=\"https:\/\/coolbrandz.com\/it\/prodotto\/paido-soda-lampone-bevanda-analcolica\/\" \/>\n<meta property=\"og:site_name\" content=\"Coolbrandz\" \/>\n<meta property=\"article:modified_time\" content=\"2022-06-12T03:18:16+00:00\" \/>\n<meta property=\"og:image\" content=\"https:\/\/coolbrandz.com\/wp-content\/uploads\/2022\/05\/Paido-Soda-Raspberry-Lowcal.jpg\" \/>\n\t<meta property=\"og:image:width\" content=\"960\" \/>\n\t<meta property=\"og:image:height\" content=\"916\" \/>\n\t<meta property=\"og:image:type\" content=\"image\/jpeg\" \/>\n<meta name=\"twitter:card\" content=\"summary_large_image\" \/>\n<meta name=\"twitter:label1\" content=\"Tempo di lettura stimato\" \/>\n\t<meta name=\"twitter:data1\" content=\"2 minuti\" \/>\n<script type=\"application\/ld+json\" class=\"yoast-schema-graph\">{\"@context\":\"https:\/\/schema.org\",\"@graph\":[{\"@type\":\"WebPage\",\"@id\":\"https:\/\/coolbrandz.com\/it\/prodotto\/paido-soda-lampone-bevanda-analcolica\/\",\"url\":\"https:\/\/coolbrandz.com\/it\/prodotto\/paido-soda-lampone-bevanda-analcolica\/\",\"name\":\"Paido Soda Lampone - \u20ac 20\",\"isPartOf\":{\"@id\":\"https:\/\/coolbrandz.com\/it\/#website\"},\"primaryImageOfPage\":{\"@id\":\"https:\/\/coolbrandz.com\/it\/prodotto\/paido-soda-lampone-bevanda-analcolica\/#primaryimage\"},\"image\":{\"@id\":\"https:\/\/coolbrandz.com\/it\/prodotto\/paido-soda-lampone-bevanda-analcolica\/#primaryimage\"},\"thumbnailUrl\":\"https:\/\/coolbrandz.com\/wp-content\/uploads\/2022\/05\/Paido-Soda-Raspberry-Lowcal.jpg\",\"datePublished\":\"2022-05-15T15:36:19+00:00\",\"dateModified\":\"2022-06-12T03:18:16+00:00\",\"description\":\"Paido Soda Lampone: vitamina B12, B6, aroma fruttato, acido carbonico, privo di coloranti artificiali, a basso contenuto di zucchero\",\"breadcrumb\":{\"@id\":\"https:\/\/coolbrandz.com\/it\/prodotto\/paido-soda-lampone-bevanda-analcolica\/#breadcrumb\"},\"inLanguage\":\"it-IT\",\"potentialAction\":[{\"@type\":\"ReadAction\",\"target\":[\"https:\/\/coolbrandz.com\/it\/prodotto\/paido-soda-lampone-bevanda-analcolica\/\"]}]},{\"@type\":\"ImageObject\",\"inLanguage\":\"it-IT\",\"@id\":\"https:\/\/coolbrandz.com\/it\/prodotto\/paido-soda-lampone-bevanda-analcolica\/#primaryimage\",\"url\":\"https:\/\/coolbrandz.com\/wp-content\/uploads\/2022\/05\/Paido-Soda-Raspberry-Lowcal.jpg\",\"contentUrl\":\"https:\/\/coolbrandz.com\/wp-content\/uploads\/2022\/05\/Paido-Soda-Raspberry-Lowcal.jpg\",\"width\":960,\"height\":916,\"caption\":\"Paido Soda Raspberry Lowcal\"},{\"@type\":\"BreadcrumbList\",\"@id\":\"https:\/\/coolbrandz.com\/it\/prodotto\/paido-soda-lampone-bevanda-analcolica\/#breadcrumb\",\"itemListElement\":[{\"@type\":\"ListItem\",\"position\":1,\"name\":\"Home\",\"item\":\"https:\/\/coolbrandz.com\/it\/\"},{\"@type\":\"ListItem\",\"position\":2,\"name\":\"Shop\",\"item\":\"https:\/\/coolbrandz.com\/shop\/\"},{\"@type\":\"ListItem\",\"position\":3,\"name\":\"Paido Soda Lampone &#8211; Bevanda Analcolica &#8211; 12 lattine &#8211; \u20ac 20\"}]},{\"@type\":\"WebSite\",\"@id\":\"https:\/\/coolbrandz.com\/it\/#website\",\"url\":\"https:\/\/coolbrandz.com\/it\/\",\"name\":\"Coolbrandz\",\"description\":\"Where cool people meet cool brands\",\"publisher\":{\"@id\":\"https:\/\/coolbrandz.com\/it\/#organization\"},\"potentialAction\":[{\"@type\":\"SearchAction\",\"target\":{\"@type\":\"EntryPoint\",\"urlTemplate\":\"https:\/\/coolbrandz.com\/it\/?s={search_term_string}\"},\"query-input\":{\"@type\":\"PropertyValueSpecification\",\"valueRequired\":true,\"valueName\":\"search_term_string\"}}],\"inLanguage\":\"it-IT\"},{\"@type\":\"Organization\",\"@id\":\"https:\/\/coolbrandz.com\/it\/#organization\",\"name\":\"Coolbrandz\",\"alternateName\":\"coolbrandz.com\",\"url\":\"https:\/\/coolbrandz.com\/it\/\",\"logo\":{\"@type\":\"ImageObject\",\"inLanguage\":\"it-IT\",\"@id\":\"https:\/\/coolbrandz.com\/it\/#\/schema\/logo\/image\/\",\"url\":\"http:\/\/coolbrandz.com\/wp-content\/uploads\/2023\/03\/logo_coolbrandz.png\",\"contentUrl\":\"http:\/\/coolbrandz.com\/wp-content\/uploads\/2023\/03\/logo_coolbrandz.png\",\"width\":279,\"height\":150,\"caption\":\"Coolbrandz\"},\"image\":{\"@id\":\"https:\/\/coolbrandz.com\/it\/#\/schema\/logo\/image\/\"}}]}<\/script>\n<!-- \/ Yoast SEO plugin. -->","yoast_head_json":{"title":"Paido Soda Lampone - \u20ac 20","description":"Paido Soda Lampone: vitamina B12, B6, aroma fruttato, acido carbonico, privo di coloranti artificiali, a basso contenuto di zucchero","robots":{"index":"index","follow":"follow","max-snippet":"max-snippet:-1","max-image-preview":"max-image-preview:large","max-video-preview":"max-video-preview:-1"},"canonical":"https:\/\/coolbrandz.com\/it\/prodotto\/paido-soda-lampone-bevanda-analcolica\/","og_locale":"it_IT","og_type":"article","og_title":"Paido Soda Lampone - \u20ac 20","og_description":"Paido Soda Lampone: vitamina B12, B6, aroma fruttato, acido carbonico, privo di coloranti artificiali, a basso contenuto di zucchero","og_url":"https:\/\/coolbrandz.com\/it\/prodotto\/paido-soda-lampone-bevanda-analcolica\/","og_site_name":"Coolbrandz","article_modified_time":"2022-06-12T03:18:16+00:00","og_image":[{"width":960,"height":916,"url":"https:\/\/coolbrandz.com\/wp-content\/uploads\/2022\/05\/Paido-Soda-Raspberry-Lowcal.jpg","type":"image\/jpeg"}],"twitter_card":"summary_large_image","twitter_misc":{"Tempo di lettura stimato":"2 minuti"},"schema":{"@context":"https:\/\/schema.org","@graph":[{"@type":"WebPage","@id":"https:\/\/coolbrandz.com\/it\/prodotto\/paido-soda-lampone-bevanda-analcolica\/","url":"https:\/\/coolbrandz.com\/it\/prodotto\/paido-soda-lampone-bevanda-analcolica\/","name":"Paido Soda Lampone - \u20ac 20","isPartOf":{"@id":"https:\/\/coolbrandz.com\/it\/#website"},"primaryImageOfPage":{"@id":"https:\/\/coolbrandz.com\/it\/prodotto\/paido-soda-lampone-bevanda-analcolica\/#primaryimage"},"image":{"@id":"https:\/\/coolbrandz.com\/it\/prodotto\/paido-soda-lampone-bevanda-analcolica\/#primaryimage"},"thumbnailUrl":"https:\/\/coolbrandz.com\/wp-content\/uploads\/2022\/05\/Paido-Soda-Raspberry-Lowcal.jpg","datePublished":"2022-05-15T15:36:19+00:00","dateModified":"2022-06-12T03:18:16+00:00","description":"Paido Soda Lampone: vitamina B12, B6, aroma fruttato, acido carbonico, privo di coloranti artificiali, a basso contenuto di zucchero","breadcrumb":{"@id":"https:\/\/coolbrandz.com\/it\/prodotto\/paido-soda-lampone-bevanda-analcolica\/#breadcrumb"},"inLanguage":"it-IT","potentialAction":[{"@type":"ReadAction","target":["https:\/\/coolbrandz.com\/it\/prodotto\/paido-soda-lampone-bevanda-analcolica\/"]}]},{"@type":"ImageObject","inLanguage":"it-IT","@id":"https:\/\/coolbrandz.com\/it\/prodotto\/paido-soda-lampone-bevanda-analcolica\/#primaryimage","url":"https:\/\/coolbrandz.com\/wp-content\/uploads\/2022\/05\/Paido-Soda-Raspberry-Lowcal.jpg","contentUrl":"https:\/\/coolbrandz.com\/wp-content\/uploads\/2022\/05\/Paido-Soda-Raspberry-Lowcal.jpg","width":960,"height":916,"caption":"Paido Soda Raspberry Lowcal"},{"@type":"BreadcrumbList","@id":"https:\/\/coolbrandz.com\/it\/prodotto\/paido-soda-lampone-bevanda-analcolica\/#breadcrumb","itemListElement":[{"@type":"ListItem","position":1,"name":"Home","item":"https:\/\/coolbrandz.com\/it\/"},{"@type":"ListItem","position":2,"name":"Shop","item":"https:\/\/coolbrandz.com\/shop\/"},{"@type":"ListItem","position":3,"name":"Paido Soda Lampone &#8211; Bevanda Analcolica &#8211; 12 lattine &#8211; \u20ac 20"}]},{"@type":"WebSite","@id":"https:\/\/coolbrandz.com\/it\/#website","url":"https:\/\/coolbrandz.com\/it\/","name":"Coolbrandz","description":"Where cool people meet cool brands","publisher":{"@id":"https:\/\/coolbrandz.com\/it\/#organization"},"potentialAction":[{"@type":"SearchAction","target":{"@type":"EntryPoint","urlTemplate":"https:\/\/coolbrandz.com\/it\/?s={search_term_string}"},"query-input":{"@type":"PropertyValueSpecification","valueRequired":true,"valueName":"search_term_string"}}],"inLanguage":"it-IT"},{"@type":"Organization","@id":"https:\/\/coolbrandz.com\/it\/#organization","name":"Coolbrandz","alternateName":"coolbrandz.com","url":"https:\/\/coolbrandz.com\/it\/","logo":{"@type":"ImageObject","inLanguage":"it-IT","@id":"https:\/\/coolbrandz.com\/it\/#\/schema\/logo\/image\/","url":"http:\/\/coolbrandz.com\/wp-content\/uploads\/2023\/03\/logo_coolbrandz.png","contentUrl":"http:\/\/coolbrandz.com\/wp-content\/uploads\/2023\/03\/logo_coolbrandz.png","width":279,"height":150,"caption":"Coolbrandz"},"image":{"@id":"https:\/\/coolbrandz.com\/it\/#\/schema\/logo\/image\/"}}]}},"_links":{"self":[{"href":"https:\/\/coolbrandz.com\/it\/wp-json\/wp\/v2\/product\/76204","targetHints":{"allow":["GET"]}}],"collection":[{"href":"https:\/\/coolbrandz.com\/it\/wp-json\/wp\/v2\/product"}],"about":[{"href":"https:\/\/coolbrandz.com\/it\/wp-json\/wp\/v2\/types\/product"}],"wp:featuredmedia":[{"embeddable":true,"href":"https:\/\/coolbrandz.com\/it\/wp-json\/wp\/v2\/media\/75940"}],"wp:attachment":[{"href":"https:\/\/coolbrandz.com\/it\/wp-json\/wp\/v2\/media?parent=76204"}],"wp:term":[{"taxonomy":"product_brand","embeddable":true,"href":"https:\/\/coolbrandz.com\/it\/wp-json\/wp\/v2\/product_brand?post=76204"},{"taxonomy":"product_cat","embeddable":true,"href":"https:\/\/coolbrandz.com\/it\/wp-json\/wp\/v2\/product_cat?post=76204"},{"taxonomy":"product_tag","embeddable":true,"href":"https:\/\/coolbrandz.com\/it\/wp-json\/wp\/v2\/product_tag?post=76204"}],"curies":[{"name":"wp","href":"https:\/\/api.w.org\/{rel}","templated":true}]}}