{"id":76209,"date":"2022-05-05T18:42:10","date_gmt":"2022-05-15T15:36:20","guid":{"rendered":"https:\/\/coolbrandz.com\/?p=76209"},"modified":"2022-06-07T03:35:05","modified_gmt":"2022-06-07T01:35:05","slug":"sisters-a-chocolate-sur-del-lago-venezuela-81","status":"publish","type":"product","link":"https:\/\/coolbrandz.com\/it\/prodotto\/sisters-a-chocolate-sur-del-lago-venezuela-81\/","title":{"rendered":"Sisters A. Chocolate Venezuela 81%"},"content":{"rendered":"<p>Bean-to-bar chocolate production is a philosophy of respect for nature, farmers and craft. It is about assuring control of the entire process: from choosing providers of the cocoa beans, via roasting and grinding, to producing chocolates by hand.\u00a0This Sisters A. Chocolate Venezuela 81% has been produced with love and care in Ukraine.<\/p>\n<p><strong>Sisters A. Chocolate Venezuela 81% produced in Ukraine from cacao Sur Del Lago Merida Superior.<\/strong><\/p>\n<p>Ingredients: Cocoa beans, coconut sugar, cocoa butter<br \/>\nTaste profile: cream, nut, rum notes<br \/>\nWeight: 50 g<br \/>\nExpiry date: 6 months<\/p>\n<p><strong>Sisters A. Chocolate Venezuela 81%<\/strong><\/p>\n<p>Venezuela Sur Del Lago chocolate has a very delicate creamy taste. It features aromas of nuts and rum. Softness and minimal bitterness, even in high-percentage chocolate, are the hallmarks of this cocoa. Sur Del Lago (Merida Superior) is a cocoa from small local farmers from the specific region of Sur del Lago in Venezuela, located on the shores of Lake Maracaibo. Literally translated as &#8220;south of the lake.&#8221; Extremely stable warm and humid climate is ideal for growing demanding elite aromatic cocoa varieties. It is considered the birthplace of cocoa criollo.<\/p>\n<p><strong>About Sisters A. Chocolate<\/strong><\/p>\n<p><a href=\"https:\/\/sisterschocolate.com\">Sisters A. Chocolate<\/a> is the name the sister duo Olena and Oleksandra from Lutsk in the west of Ukraine have given their little enterprise: a craft bean-to-bar chocolate manufacture. The family business was launched in 2021 and produces quality bean-to-bar chocolate. Olena and Oleksandra have \u00a0chosen to work with fine flavour cocoa because it produces the best chocolate. They roast the cocoa beans themselves, process and grind them in a blender to a delicate consistency. The actual roasting makes it possible to control the taste profile of chocolate, because cocoa, like wine and coffee, is a terroir product. Due to the high content of cocoa beans, chocolate retains the maximum taste and aroma inherent in nature.<\/p>\n<p>Discover more about Sisters. A. Chocolate <a href=\"https:\/\/coolbrandz.com\/sisters-a-chocolate\/\">here &gt;&gt;&gt;<\/a> and follow them on <a href=\"https:\/\/www.instagram.com\/sisters.a.choco\/\">Instagram<\/a> for some behind the back sneak peeks of their production.<\/p>\n","protected":false},"excerpt":{"rendered":"<p><strong>Sisters A. Chocolate Venezuela 81% <\/strong><\/p>\n<p>produced in Ukraine from cacao Sur Del Lago Merida Superior<\/p>\n<p>Ingredients: Cocoa beans, coconut sugar, cocoa butter<br \/>\nTaste profile: cream, nut, rum notes<br \/>\nWeight: 50 g<br \/>\nExpiry date: 6 monthsCioccolato fondente 81% Sur del Lago Venezuela Cioccolato fondente 81% 50 g<br \/>\nValutazione 5.00 su 5 basata sul sondaggio 1 acquirente<br \/>\n135\u20b4<\/p>\n<p>Ingredienti: Fave di cacao, zucchero di cocco, burro di cacao.<\/p>\n<p>Peso: 50 grammi. Data di scadenza: 6 mesi.<\/p>\n<p>Il cioccolato Venezuela Sur Del Lago ha un gusto cremoso molto delicato, rivela note di nocciola e rum. Morbidezza e minima amarezza, anche nel cioccolato ad alta percentuale, sono i tratti distintivi di questo cacao.<\/p>\n<p>Sur Del Lago (Merida Superior) \u00e8 un cacao proveniente da piccoli coltivatori locali della speciale regione di Sur del Lago in Venezuela, situata sulle rive del Lago Maracaibo. Tradotto letteralmente come &#8220;a sud del lago&#8221;. Il clima caldo e umido estremamente stabile \u00e8 l&#8217;ideale per la coltivazione di variet\u00e0 di cacao aromatiche d&#8217;\u00e9lite esigenti. \u00c8 considerata la culla del cacao criollo.<\/p>\n<p>PROFILO DEL GUSTO: crema, noce, note di rum.<\/p>\n<p>Peso piastrella: 50 grammi.<\/p>\n","protected":false},"featured_media":75903,"template":"","meta":{"_et_pb_use_builder":"off","_et_pb_old_content":"La produzione di cioccolato da chicco a tavoletta \u00e8 una filosofia di rispetto per la natura, gli agricoltori e l'artigianato. Si tratta di garantire il controllo dell'intero processo: dalla scelta dei fornitori delle fave di cacao, passando per la tostatura e la macinazione, alla produzione manuale del cioccolato. Questo Sisters A. Chocolate Venezuela 81% \u00e8 stato prodotto con amore e cura in Ucraina.\r\n\r\n<strong>Sisters A. Chocolate Venezuela 81% prodotto in Ucraina da cacao Sur Del Lago Merida Superior.<\/strong>\r\n\r\nIngredienti: Fave di cacao, zucchero di cocco, burro di cacao\r\nProfilo gustativo: crema, noce, note di rum\r\n\r\nPeso: 50 grammi\r\nScadenza: 6 mesi\r\n\r\n<strong>Sisters A. Chocolate Venezuela 81%<\/strong>\r\n\r\nIl cioccolato Venezuela Sur Del Lago ha un gusto cremoso molto delicato. Presenta aromi di noci e rum. Morbidezza e minima amarezza, anche nel cioccolato ad alta percentuale, sono i tratti distintivi di questo cacao.\r\n\r\nSur Del Lago (Merida Superior) \u00e8 un cacao proveniente da piccoli coltivatori locali della specifica regione di Sur del Lago in Venezuela, situata sulle sponde del lago Maracaibo. Tradotto letteralmente come \"a sud del lago\". Il clima caldo e umido estremamente stabile \u00e8 l'ideale per la coltivazione di variet\u00e0 di cacao aromatiche d'\u00e9lite esigenti. \u00c8 considerata la culla del cacao criollo.\r\n\r\n<strong>A proposito di Sisters A. Chocolate<\/strong>\r\n\r\n<a href=\"https:\/\/sisterschocolate.com\">Sisters A. Chocolate<\/a> \u00e8 il nome che il duo di sorelle Olena e Oleksandra di Lutsk, nell'Ucraina occidentale, ha dato alla loro piccola impresa: una produzione artigianale di cioccolato da chicco a barretta.\r\n\r\nL'azienda di famiglia \u00e8 stata lanciata nel 2021 e produce cioccolato di qualit\u00e0 da chicchi a tavolette. Olena e Oleksandra hanno scelto di lavorare con il cacao dal gusto fine perch\u00e9 produce il miglior cioccolato. Tostano le fave di cacao da sole, le elaborano e le macinano in un frullatore fino a ottenere una consistenza delicata.\r\n\r\nLa tostatura vera e propria permette di controllare il profilo gustativo del cioccolato, perch\u00e9 il cacao, come il vino e il caff\u00e8, \u00e8 un prodotto del terroir. A causa dell'alto contenuto di fave di cacao, il cioccolato conserva il massimo gusto e aroma insito nella natura.\r\n\r\nScopri di pi\u00f9 sulle sorelle. R. Cioccolato <a href=\"https:\/\/coolbrandz.com\/sisters-a-chocolate\/\">qui<\/a>>>> e seguili su <a href=\"https:\/\/www.instagram.com\/sisters.a.choco\/\">Instagram<\/a> per alcune anticipazioni dietro le quinte della loro produzione.","_et_gb_content_width":""},"product_brand":[],"product_cat":[140],"product_tag":[],"class_list":{"0":"post-76209","1":"product","2":"type-product","3":"status-publish","4":"has-post-thumbnail","6":"product_cat-cioccolato","8":"first","9":"instock","10":"taxable","11":"shipping-taxable","12":"purchasable","13":"product-type-simple"},"yoast_head":"<!-- This site is optimized with the Yoast SEO plugin v24.5 - https:\/\/yoast.com\/wordpress\/plugins\/seo\/ -->\n<title>Sisters A. Chocolate Venezuela 81% - Cacao Sur Del Lago<\/title>\n<meta name=\"description\" content=\"Sisters A. Chocolate Sur Del Lago Venezuela 81% - Cioccolato artigianale Bean-to-Bar prodotto in Ucraina da Sur Del Lago Venezuela Merida Superior.\" \/>\n<meta name=\"robots\" content=\"index, follow, max-snippet:-1, max-image-preview:large, max-video-preview:-1\" \/>\n<link rel=\"canonical\" href=\"https:\/\/coolbrandz.com\/it\/prodotto\/sisters-a-chocolate-sur-del-lago-venezuela-81\/\" \/>\n<meta property=\"og:locale\" content=\"it_IT\" \/>\n<meta property=\"og:type\" content=\"article\" \/>\n<meta property=\"og:title\" content=\"Sisters A. Chocolate Venezuela 81% - Cacao Sur Del Lago\" \/>\n<meta property=\"og:description\" content=\"Sisters A. Chocolate Sur Del Lago Venezuela 81% - Cioccolato artigianale Bean-to-Bar prodotto in Ucraina da Sur Del Lago Venezuela Merida Superior.\" \/>\n<meta property=\"og:url\" content=\"https:\/\/coolbrandz.com\/it\/prodotto\/sisters-a-chocolate-sur-del-lago-venezuela-81\/\" \/>\n<meta property=\"og:site_name\" content=\"Coolbrandz\" \/>\n<meta property=\"article:modified_time\" content=\"2022-06-07T01:35:05+00:00\" \/>\n<meta property=\"og:image\" content=\"https:\/\/coolbrandz.com\/wp-content\/uploads\/2022\/05\/Sisters-A-Chocolate-Sur-del-Lago-Venezuela-Bean-to-Bar.jpg\" \/>\n\t<meta property=\"og:image:width\" content=\"1000\" \/>\n\t<meta property=\"og:image:height\" content=\"1000\" \/>\n\t<meta property=\"og:image:type\" content=\"image\/jpeg\" \/>\n<meta name=\"twitter:card\" content=\"summary_large_image\" \/>\n<meta name=\"twitter:label1\" content=\"Tempo di lettura stimato\" \/>\n\t<meta name=\"twitter:data1\" content=\"2 minuti\" \/>\n<script type=\"application\/ld+json\" class=\"yoast-schema-graph\">{\"@context\":\"https:\/\/schema.org\",\"@graph\":[{\"@type\":\"WebPage\",\"@id\":\"https:\/\/coolbrandz.com\/it\/prodotto\/sisters-a-chocolate-sur-del-lago-venezuela-81\/\",\"url\":\"https:\/\/coolbrandz.com\/it\/prodotto\/sisters-a-chocolate-sur-del-lago-venezuela-81\/\",\"name\":\"Sisters A. Chocolate Venezuela 81% - Cacao Sur Del Lago\",\"isPartOf\":{\"@id\":\"https:\/\/coolbrandz.com\/it\/#website\"},\"primaryImageOfPage\":{\"@id\":\"https:\/\/coolbrandz.com\/it\/prodotto\/sisters-a-chocolate-sur-del-lago-venezuela-81\/#primaryimage\"},\"image\":{\"@id\":\"https:\/\/coolbrandz.com\/it\/prodotto\/sisters-a-chocolate-sur-del-lago-venezuela-81\/#primaryimage\"},\"thumbnailUrl\":\"https:\/\/coolbrandz.com\/wp-content\/uploads\/2022\/05\/Sisters-A-Chocolate-Sur-del-Lago-Venezuela-Bean-to-Bar.jpg\",\"datePublished\":\"2022-05-15T15:36:20+00:00\",\"dateModified\":\"2022-06-07T01:35:05+00:00\",\"description\":\"Sisters A. Chocolate Sur Del Lago Venezuela 81% - Cioccolato artigianale Bean-to-Bar prodotto in Ucraina da Sur Del Lago Venezuela Merida Superior.\",\"breadcrumb\":{\"@id\":\"https:\/\/coolbrandz.com\/it\/prodotto\/sisters-a-chocolate-sur-del-lago-venezuela-81\/#breadcrumb\"},\"inLanguage\":\"it-IT\",\"potentialAction\":[{\"@type\":\"ReadAction\",\"target\":[\"https:\/\/coolbrandz.com\/it\/prodotto\/sisters-a-chocolate-sur-del-lago-venezuela-81\/\"]}]},{\"@type\":\"ImageObject\",\"inLanguage\":\"it-IT\",\"@id\":\"https:\/\/coolbrandz.com\/it\/prodotto\/sisters-a-chocolate-sur-del-lago-venezuela-81\/#primaryimage\",\"url\":\"https:\/\/coolbrandz.com\/wp-content\/uploads\/2022\/05\/Sisters-A-Chocolate-Sur-del-Lago-Venezuela-Bean-to-Bar.jpg\",\"contentUrl\":\"https:\/\/coolbrandz.com\/wp-content\/uploads\/2022\/05\/Sisters-A-Chocolate-Sur-del-Lago-Venezuela-Bean-to-Bar.jpg\",\"width\":1000,\"height\":1000,\"caption\":\"Sisters-A-Chocolate-Sur-del-Lago-Venezuela-Bean-to-Bar\"},{\"@type\":\"BreadcrumbList\",\"@id\":\"https:\/\/coolbrandz.com\/it\/prodotto\/sisters-a-chocolate-sur-del-lago-venezuela-81\/#breadcrumb\",\"itemListElement\":[{\"@type\":\"ListItem\",\"position\":1,\"name\":\"Home\",\"item\":\"https:\/\/coolbrandz.com\/it\/\"},{\"@type\":\"ListItem\",\"position\":2,\"name\":\"Shop\",\"item\":\"https:\/\/coolbrandz.com\/shop\/\"},{\"@type\":\"ListItem\",\"position\":3,\"name\":\"Sisters A. Chocolate Venezuela 81%\"}]},{\"@type\":\"WebSite\",\"@id\":\"https:\/\/coolbrandz.com\/it\/#website\",\"url\":\"https:\/\/coolbrandz.com\/it\/\",\"name\":\"Coolbrandz\",\"description\":\"Where cool people meet cool brands\",\"publisher\":{\"@id\":\"https:\/\/coolbrandz.com\/it\/#organization\"},\"potentialAction\":[{\"@type\":\"SearchAction\",\"target\":{\"@type\":\"EntryPoint\",\"urlTemplate\":\"https:\/\/coolbrandz.com\/it\/?s={search_term_string}\"},\"query-input\":{\"@type\":\"PropertyValueSpecification\",\"valueRequired\":true,\"valueName\":\"search_term_string\"}}],\"inLanguage\":\"it-IT\"},{\"@type\":\"Organization\",\"@id\":\"https:\/\/coolbrandz.com\/it\/#organization\",\"name\":\"Coolbrandz\",\"alternateName\":\"coolbrandz.com\",\"url\":\"https:\/\/coolbrandz.com\/it\/\",\"logo\":{\"@type\":\"ImageObject\",\"inLanguage\":\"it-IT\",\"@id\":\"https:\/\/coolbrandz.com\/it\/#\/schema\/logo\/image\/\",\"url\":\"http:\/\/coolbrandz.com\/wp-content\/uploads\/2023\/03\/logo_coolbrandz.png\",\"contentUrl\":\"http:\/\/coolbrandz.com\/wp-content\/uploads\/2023\/03\/logo_coolbrandz.png\",\"width\":279,\"height\":150,\"caption\":\"Coolbrandz\"},\"image\":{\"@id\":\"https:\/\/coolbrandz.com\/it\/#\/schema\/logo\/image\/\"}}]}<\/script>\n<!-- \/ Yoast SEO plugin. -->","yoast_head_json":{"title":"Sisters A. Chocolate Venezuela 81% - Cacao Sur Del Lago","description":"Sisters A. Chocolate Sur Del Lago Venezuela 81% - Cioccolato artigianale Bean-to-Bar prodotto in Ucraina da Sur Del Lago Venezuela Merida Superior.","robots":{"index":"index","follow":"follow","max-snippet":"max-snippet:-1","max-image-preview":"max-image-preview:large","max-video-preview":"max-video-preview:-1"},"canonical":"https:\/\/coolbrandz.com\/it\/prodotto\/sisters-a-chocolate-sur-del-lago-venezuela-81\/","og_locale":"it_IT","og_type":"article","og_title":"Sisters A. Chocolate Venezuela 81% - Cacao Sur Del Lago","og_description":"Sisters A. Chocolate Sur Del Lago Venezuela 81% - Cioccolato artigianale Bean-to-Bar prodotto in Ucraina da Sur Del Lago Venezuela Merida Superior.","og_url":"https:\/\/coolbrandz.com\/it\/prodotto\/sisters-a-chocolate-sur-del-lago-venezuela-81\/","og_site_name":"Coolbrandz","article_modified_time":"2022-06-07T01:35:05+00:00","og_image":[{"width":1000,"height":1000,"url":"https:\/\/coolbrandz.com\/wp-content\/uploads\/2022\/05\/Sisters-A-Chocolate-Sur-del-Lago-Venezuela-Bean-to-Bar.jpg","type":"image\/jpeg"}],"twitter_card":"summary_large_image","twitter_misc":{"Tempo di lettura stimato":"2 minuti"},"schema":{"@context":"https:\/\/schema.org","@graph":[{"@type":"WebPage","@id":"https:\/\/coolbrandz.com\/it\/prodotto\/sisters-a-chocolate-sur-del-lago-venezuela-81\/","url":"https:\/\/coolbrandz.com\/it\/prodotto\/sisters-a-chocolate-sur-del-lago-venezuela-81\/","name":"Sisters A. Chocolate Venezuela 81% - Cacao Sur Del Lago","isPartOf":{"@id":"https:\/\/coolbrandz.com\/it\/#website"},"primaryImageOfPage":{"@id":"https:\/\/coolbrandz.com\/it\/prodotto\/sisters-a-chocolate-sur-del-lago-venezuela-81\/#primaryimage"},"image":{"@id":"https:\/\/coolbrandz.com\/it\/prodotto\/sisters-a-chocolate-sur-del-lago-venezuela-81\/#primaryimage"},"thumbnailUrl":"https:\/\/coolbrandz.com\/wp-content\/uploads\/2022\/05\/Sisters-A-Chocolate-Sur-del-Lago-Venezuela-Bean-to-Bar.jpg","datePublished":"2022-05-15T15:36:20+00:00","dateModified":"2022-06-07T01:35:05+00:00","description":"Sisters A. Chocolate Sur Del Lago Venezuela 81% - Cioccolato artigianale Bean-to-Bar prodotto in Ucraina da Sur Del Lago Venezuela Merida Superior.","breadcrumb":{"@id":"https:\/\/coolbrandz.com\/it\/prodotto\/sisters-a-chocolate-sur-del-lago-venezuela-81\/#breadcrumb"},"inLanguage":"it-IT","potentialAction":[{"@type":"ReadAction","target":["https:\/\/coolbrandz.com\/it\/prodotto\/sisters-a-chocolate-sur-del-lago-venezuela-81\/"]}]},{"@type":"ImageObject","inLanguage":"it-IT","@id":"https:\/\/coolbrandz.com\/it\/prodotto\/sisters-a-chocolate-sur-del-lago-venezuela-81\/#primaryimage","url":"https:\/\/coolbrandz.com\/wp-content\/uploads\/2022\/05\/Sisters-A-Chocolate-Sur-del-Lago-Venezuela-Bean-to-Bar.jpg","contentUrl":"https:\/\/coolbrandz.com\/wp-content\/uploads\/2022\/05\/Sisters-A-Chocolate-Sur-del-Lago-Venezuela-Bean-to-Bar.jpg","width":1000,"height":1000,"caption":"Sisters-A-Chocolate-Sur-del-Lago-Venezuela-Bean-to-Bar"},{"@type":"BreadcrumbList","@id":"https:\/\/coolbrandz.com\/it\/prodotto\/sisters-a-chocolate-sur-del-lago-venezuela-81\/#breadcrumb","itemListElement":[{"@type":"ListItem","position":1,"name":"Home","item":"https:\/\/coolbrandz.com\/it\/"},{"@type":"ListItem","position":2,"name":"Shop","item":"https:\/\/coolbrandz.com\/shop\/"},{"@type":"ListItem","position":3,"name":"Sisters A. Chocolate Venezuela 81%"}]},{"@type":"WebSite","@id":"https:\/\/coolbrandz.com\/it\/#website","url":"https:\/\/coolbrandz.com\/it\/","name":"Coolbrandz","description":"Where cool people meet cool brands","publisher":{"@id":"https:\/\/coolbrandz.com\/it\/#organization"},"potentialAction":[{"@type":"SearchAction","target":{"@type":"EntryPoint","urlTemplate":"https:\/\/coolbrandz.com\/it\/?s={search_term_string}"},"query-input":{"@type":"PropertyValueSpecification","valueRequired":true,"valueName":"search_term_string"}}],"inLanguage":"it-IT"},{"@type":"Organization","@id":"https:\/\/coolbrandz.com\/it\/#organization","name":"Coolbrandz","alternateName":"coolbrandz.com","url":"https:\/\/coolbrandz.com\/it\/","logo":{"@type":"ImageObject","inLanguage":"it-IT","@id":"https:\/\/coolbrandz.com\/it\/#\/schema\/logo\/image\/","url":"http:\/\/coolbrandz.com\/wp-content\/uploads\/2023\/03\/logo_coolbrandz.png","contentUrl":"http:\/\/coolbrandz.com\/wp-content\/uploads\/2023\/03\/logo_coolbrandz.png","width":279,"height":150,"caption":"Coolbrandz"},"image":{"@id":"https:\/\/coolbrandz.com\/it\/#\/schema\/logo\/image\/"}}]}},"_links":{"self":[{"href":"https:\/\/coolbrandz.com\/it\/wp-json\/wp\/v2\/product\/76209","targetHints":{"allow":["GET"]}}],"collection":[{"href":"https:\/\/coolbrandz.com\/it\/wp-json\/wp\/v2\/product"}],"about":[{"href":"https:\/\/coolbrandz.com\/it\/wp-json\/wp\/v2\/types\/product"}],"wp:featuredmedia":[{"embeddable":true,"href":"https:\/\/coolbrandz.com\/it\/wp-json\/wp\/v2\/media\/75903"}],"wp:attachment":[{"href":"https:\/\/coolbrandz.com\/it\/wp-json\/wp\/v2\/media?parent=76209"}],"wp:term":[{"taxonomy":"product_brand","embeddable":true,"href":"https:\/\/coolbrandz.com\/it\/wp-json\/wp\/v2\/product_brand?post=76209"},{"taxonomy":"product_cat","embeddable":true,"href":"https:\/\/coolbrandz.com\/it\/wp-json\/wp\/v2\/product_cat?post=76209"},{"taxonomy":"product_tag","embeddable":true,"href":"https:\/\/coolbrandz.com\/it\/wp-json\/wp\/v2\/product_tag?post=76209"}],"curies":[{"name":"wp","href":"https:\/\/api.w.org\/{rel}","templated":true}]}}