{"id":76210,"date":"2022-05-12T15:52:57","date_gmt":"2022-05-15T15:36:20","guid":{"rendered":"https:\/\/coolbrandz.com\/?p=76210"},"modified":"2022-06-07T03:30:52","modified_gmt":"2022-06-07T01:30:52","slug":"law-gin-ibiza-london-dry","status":"publish","type":"product","link":"https:\/\/coolbrandz.com\/it\/prodotto\/law-gin-ibiza-london-dry\/","title":{"rendered":"LAW Gin Ibiza London Dry 44% vol. 0,70 l"},"content":{"rendered":"<p><strong>LAW Gin Ibiza &#8211; Sapore di Ibiza<\/strong><\/p>\n<p>Contenuto: 0,7 l<br \/>\nProduttore: LAW &#8211; Spirit of Ibiza SL<br \/>\nOrigine: Spagna<br \/>\nPremio: 49,00 \u20ac, incl. tasse\u00a0e consegna in Germania<\/p>\n<p><strong>LAW Gin Ibiza London Dry 44% vol. 0,70 l<\/strong><\/p>\n<p>Con LAW Gin puoi assaporare in bocca la magia di Ibiza. Uno degli ingredienti pi\u00f9 importanti per il distillato \u00e8 il fico d&#8217;India autoctono dell&#8217;isola. Vengono utilizzate solo botaniche naturali, la maggior parte delle quali provengono dalla zona circostante e vengono distillate delicatamente sulla base di puro alcol di frumento. Lo zucchero e gli aromi artificiali sono generalmente evitati. La manifattura produce in piccoli lotti di poche centinaia di bottiglie per lotto al fine di soddisfare i pi\u00f9 elevati standard di qualit\u00e0. L&#8217;ispirazione per questo gin equilibrato \u00e8 stata la natura mediterranea di Ibiza.<\/p>\n<p><strong>Botanicals<\/strong><\/p>\n<p>Ginepro: ginepro comune e ginepro fenicio (dal nome dei marittimi che si stabilirono sull&#8217;isola pi\u00f9 di 2000 anni fa)<br \/>\nBucce di limone e arancia fresche: i limoni e le arance sono disponibili quasi tutto l&#8217;anno a Ibiza, quindi le bucce possono essere sempre utilizzate fresche<br \/>\nFico d&#8217;India: una prelibatezza che esiste a Ibiza da secoli<br \/>\nPimientos de Padr\u00f3n: variet\u00e0 piccante di peperoni fritti e cosparsi di sale grosso in Spagna, serviti come tapa<br \/>\nSale: Dalle famose saline di Ibiza<br \/>\nCardamomo verde, semi di coriandolo e cetriolo spagnolo<\/p>\n<p><strong>Note di degustazione<\/strong><\/p>\n<p>Naso: note lussureggianti di fiori di limone, ginepro e pino<br \/>\nPalato: Speziato e fruttato, aromi di frutti marittimi, spezie e sale marino<br \/>\nFinale: sottofondo piacevolmente fruttato<\/p>\n<p><strong>La storia dietro il nome <\/strong><\/p>\n<p>Il nome <a href=\"https:\/\/www.law-gin.com\/\">LAW<\/a>, inglese per legge, nasce dall&#8217;apprezzamento dei produttori (Luna, Alexander e Wolfgang) per lo stile di vita di Ibiza. Un noto proverbio recita: \u201cAd libitum\u201d, che significa: \u201cA ciascuno come vuole\u201d. \u00c8 sinonimo di serenit\u00e0, spirito spregiudicato e apertura agli estranei. L&#8217;isola \u00e8 ancora uno dei luoghi pi\u00f9 tolleranti al mondo. Chiunque venga a Ibiza \u00e8 libero di ritrarre ci\u00f2 che vuole, purch\u00e9 dia a tutti gli altri la libert\u00e0 di fare lo stesso. Questa \u00e8 la legge non scritta di Ibiza.<\/p>\n<p>LAW &#8211; Il Gin di Ibiza \u00e8 una splendida <a href=\"https:\/\/coolbrandz.com\/taste-of-spain\/\">idea regalo<\/a> per chi ama il Mediterraneo e il gin in generale.<\/p>\n","protected":false},"excerpt":{"rendered":"<p><strong>LAW \u2013 Il Gin di Ibiza<\/strong><\/p>\n<ul>\n<li>LAW Gin Ibiza \u00e8 l&#8217;acronimo di un gin di qualit\u00e0 premium della categoria &#8220;London Dry&#8221;.<\/li>\n<li>Quasi tutti i gin commerciali sono realizzati con scorze di agrumi essiccate, non cos\u00ec LAW Gin Ibiza che utilizza agrumi freschi<\/li>\n<li>Ottenuto da botaniche locali di cui la pi\u00f9 importante: il fico d&#8217;India<\/li>\n<li>Contiene Pimientos de Padr\u00f3n&#8221;, la piccola e saporita variet\u00e0 di peperoni che, fritti e cosparsi di sale grosso, vengono serviti come tapas in tutta la Spagna<\/li>\n<li>Questo prodotto contiene alcol e non \u00e8 in vendita a persone di et\u00e0 inferiore ai 18 anni. Effettuando un ordine per questo prodotto, dichiari di avere almeno 18 anni di et\u00e0. Per favore, bevi responsabilmente.<\/li>\n<\/ul>\n","protected":false},"featured_media":76598,"template":"","meta":{"_et_pb_use_builder":"","_et_pb_old_content":"","_et_gb_content_width":""},"product_brand":[],"product_cat":[137],"product_tag":[],"class_list":{"0":"post-76210","1":"product","2":"type-product","3":"status-publish","4":"has-post-thumbnail","6":"product_cat-bevande","8":"first","9":"instock","10":"taxable","11":"shipping-taxable","12":"purchasable","13":"product-type-simple"},"yoast_head":"<!-- This site is optimized with the Yoast SEO plugin v24.5 - https:\/\/yoast.com\/wordpress\/plugins\/seo\/ -->\n<title>LAW Gin Ibiza: London Dry<\/title>\n<meta name=\"description\" content=\"LAW Gin Ibiza: realizzato con fico d&#039;India, solo botaniche naturali dell&#039;isola, distillato delicatamente sulla base di puro alcol di frumento\" \/>\n<meta name=\"robots\" content=\"index, follow, max-snippet:-1, max-image-preview:large, max-video-preview:-1\" \/>\n<link rel=\"canonical\" href=\"https:\/\/coolbrandz.com\/it\/prodotto\/law-gin-ibiza-london-dry\/\" \/>\n<meta property=\"og:locale\" content=\"it_IT\" \/>\n<meta property=\"og:type\" content=\"article\" \/>\n<meta property=\"og:title\" content=\"LAW Gin Ibiza: London Dry\" \/>\n<meta property=\"og:description\" content=\"LAW Gin Ibiza: realizzato con fico d&#039;India, solo botaniche naturali dell&#039;isola, distillato delicatamente sulla base di puro alcol di frumento\" \/>\n<meta property=\"og:url\" content=\"https:\/\/coolbrandz.com\/it\/prodotto\/law-gin-ibiza-london-dry\/\" \/>\n<meta property=\"og:site_name\" content=\"Coolbrandz\" \/>\n<meta property=\"article:modified_time\" content=\"2022-06-07T01:30:52+00:00\" \/>\n<meta property=\"og:image\" content=\"https:\/\/coolbrandz.com\/wp-content\/uploads\/2022\/05\/LAW-Gin-Ibiza-Botanicals.jpeg\" \/>\n\t<meta property=\"og:image:width\" content=\"875\" \/>\n\t<meta property=\"og:image:height\" content=\"875\" \/>\n\t<meta property=\"og:image:type\" content=\"image\/jpeg\" \/>\n<meta name=\"twitter:card\" content=\"summary_large_image\" \/>\n<meta name=\"twitter:label1\" content=\"Tempo di lettura stimato\" \/>\n\t<meta name=\"twitter:data1\" content=\"2 minuti\" \/>\n<script type=\"application\/ld+json\" class=\"yoast-schema-graph\">{\"@context\":\"https:\/\/schema.org\",\"@graph\":[{\"@type\":\"WebPage\",\"@id\":\"https:\/\/coolbrandz.com\/it\/prodotto\/law-gin-ibiza-london-dry\/\",\"url\":\"https:\/\/coolbrandz.com\/it\/prodotto\/law-gin-ibiza-london-dry\/\",\"name\":\"LAW Gin Ibiza: London Dry\",\"isPartOf\":{\"@id\":\"https:\/\/coolbrandz.com\/it\/#website\"},\"primaryImageOfPage\":{\"@id\":\"https:\/\/coolbrandz.com\/it\/prodotto\/law-gin-ibiza-london-dry\/#primaryimage\"},\"image\":{\"@id\":\"https:\/\/coolbrandz.com\/it\/prodotto\/law-gin-ibiza-london-dry\/#primaryimage\"},\"thumbnailUrl\":\"https:\/\/coolbrandz.com\/wp-content\/uploads\/2022\/05\/LAW-Gin-Ibiza-Botanicals.jpeg\",\"datePublished\":\"2022-05-15T15:36:20+00:00\",\"dateModified\":\"2022-06-07T01:30:52+00:00\",\"description\":\"LAW Gin Ibiza: realizzato con fico d'India, solo botaniche naturali dell'isola, distillato delicatamente sulla base di puro alcol di frumento\",\"breadcrumb\":{\"@id\":\"https:\/\/coolbrandz.com\/it\/prodotto\/law-gin-ibiza-london-dry\/#breadcrumb\"},\"inLanguage\":\"it-IT\",\"potentialAction\":[{\"@type\":\"ReadAction\",\"target\":[\"https:\/\/coolbrandz.com\/it\/prodotto\/law-gin-ibiza-london-dry\/\"]}]},{\"@type\":\"ImageObject\",\"inLanguage\":\"it-IT\",\"@id\":\"https:\/\/coolbrandz.com\/it\/prodotto\/law-gin-ibiza-london-dry\/#primaryimage\",\"url\":\"https:\/\/coolbrandz.com\/wp-content\/uploads\/2022\/05\/LAW-Gin-Ibiza-Botanicals.jpeg\",\"contentUrl\":\"https:\/\/coolbrandz.com\/wp-content\/uploads\/2022\/05\/LAW-Gin-Ibiza-Botanicals.jpeg\",\"width\":875,\"height\":875,\"caption\":\"LAW Gin Ibiza Botanicals\"},{\"@type\":\"BreadcrumbList\",\"@id\":\"https:\/\/coolbrandz.com\/it\/prodotto\/law-gin-ibiza-london-dry\/#breadcrumb\",\"itemListElement\":[{\"@type\":\"ListItem\",\"position\":1,\"name\":\"Home\",\"item\":\"https:\/\/coolbrandz.com\/it\/\"},{\"@type\":\"ListItem\",\"position\":2,\"name\":\"Shop\",\"item\":\"https:\/\/coolbrandz.com\/shop\/\"},{\"@type\":\"ListItem\",\"position\":3,\"name\":\"LAW Gin Ibiza London Dry 44% vol. 0,70 l\"}]},{\"@type\":\"WebSite\",\"@id\":\"https:\/\/coolbrandz.com\/it\/#website\",\"url\":\"https:\/\/coolbrandz.com\/it\/\",\"name\":\"Coolbrandz\",\"description\":\"Where cool people meet cool brands\",\"publisher\":{\"@id\":\"https:\/\/coolbrandz.com\/it\/#organization\"},\"potentialAction\":[{\"@type\":\"SearchAction\",\"target\":{\"@type\":\"EntryPoint\",\"urlTemplate\":\"https:\/\/coolbrandz.com\/it\/?s={search_term_string}\"},\"query-input\":{\"@type\":\"PropertyValueSpecification\",\"valueRequired\":true,\"valueName\":\"search_term_string\"}}],\"inLanguage\":\"it-IT\"},{\"@type\":\"Organization\",\"@id\":\"https:\/\/coolbrandz.com\/it\/#organization\",\"name\":\"Coolbrandz\",\"alternateName\":\"coolbrandz.com\",\"url\":\"https:\/\/coolbrandz.com\/it\/\",\"logo\":{\"@type\":\"ImageObject\",\"inLanguage\":\"it-IT\",\"@id\":\"https:\/\/coolbrandz.com\/it\/#\/schema\/logo\/image\/\",\"url\":\"http:\/\/coolbrandz.com\/wp-content\/uploads\/2023\/03\/logo_coolbrandz.png\",\"contentUrl\":\"http:\/\/coolbrandz.com\/wp-content\/uploads\/2023\/03\/logo_coolbrandz.png\",\"width\":279,\"height\":150,\"caption\":\"Coolbrandz\"},\"image\":{\"@id\":\"https:\/\/coolbrandz.com\/it\/#\/schema\/logo\/image\/\"}}]}<\/script>\n<!-- \/ Yoast SEO plugin. -->","yoast_head_json":{"title":"LAW Gin Ibiza: London Dry","description":"LAW Gin Ibiza: realizzato con fico d'India, solo botaniche naturali dell'isola, distillato delicatamente sulla base di puro alcol di frumento","robots":{"index":"index","follow":"follow","max-snippet":"max-snippet:-1","max-image-preview":"max-image-preview:large","max-video-preview":"max-video-preview:-1"},"canonical":"https:\/\/coolbrandz.com\/it\/prodotto\/law-gin-ibiza-london-dry\/","og_locale":"it_IT","og_type":"article","og_title":"LAW Gin Ibiza: London Dry","og_description":"LAW Gin Ibiza: realizzato con fico d'India, solo botaniche naturali dell'isola, distillato delicatamente sulla base di puro alcol di frumento","og_url":"https:\/\/coolbrandz.com\/it\/prodotto\/law-gin-ibiza-london-dry\/","og_site_name":"Coolbrandz","article_modified_time":"2022-06-07T01:30:52+00:00","og_image":[{"width":875,"height":875,"url":"https:\/\/coolbrandz.com\/wp-content\/uploads\/2022\/05\/LAW-Gin-Ibiza-Botanicals.jpeg","type":"image\/jpeg"}],"twitter_card":"summary_large_image","twitter_misc":{"Tempo di lettura stimato":"2 minuti"},"schema":{"@context":"https:\/\/schema.org","@graph":[{"@type":"WebPage","@id":"https:\/\/coolbrandz.com\/it\/prodotto\/law-gin-ibiza-london-dry\/","url":"https:\/\/coolbrandz.com\/it\/prodotto\/law-gin-ibiza-london-dry\/","name":"LAW Gin Ibiza: London Dry","isPartOf":{"@id":"https:\/\/coolbrandz.com\/it\/#website"},"primaryImageOfPage":{"@id":"https:\/\/coolbrandz.com\/it\/prodotto\/law-gin-ibiza-london-dry\/#primaryimage"},"image":{"@id":"https:\/\/coolbrandz.com\/it\/prodotto\/law-gin-ibiza-london-dry\/#primaryimage"},"thumbnailUrl":"https:\/\/coolbrandz.com\/wp-content\/uploads\/2022\/05\/LAW-Gin-Ibiza-Botanicals.jpeg","datePublished":"2022-05-15T15:36:20+00:00","dateModified":"2022-06-07T01:30:52+00:00","description":"LAW Gin Ibiza: realizzato con fico d'India, solo botaniche naturali dell'isola, distillato delicatamente sulla base di puro alcol di frumento","breadcrumb":{"@id":"https:\/\/coolbrandz.com\/it\/prodotto\/law-gin-ibiza-london-dry\/#breadcrumb"},"inLanguage":"it-IT","potentialAction":[{"@type":"ReadAction","target":["https:\/\/coolbrandz.com\/it\/prodotto\/law-gin-ibiza-london-dry\/"]}]},{"@type":"ImageObject","inLanguage":"it-IT","@id":"https:\/\/coolbrandz.com\/it\/prodotto\/law-gin-ibiza-london-dry\/#primaryimage","url":"https:\/\/coolbrandz.com\/wp-content\/uploads\/2022\/05\/LAW-Gin-Ibiza-Botanicals.jpeg","contentUrl":"https:\/\/coolbrandz.com\/wp-content\/uploads\/2022\/05\/LAW-Gin-Ibiza-Botanicals.jpeg","width":875,"height":875,"caption":"LAW Gin Ibiza Botanicals"},{"@type":"BreadcrumbList","@id":"https:\/\/coolbrandz.com\/it\/prodotto\/law-gin-ibiza-london-dry\/#breadcrumb","itemListElement":[{"@type":"ListItem","position":1,"name":"Home","item":"https:\/\/coolbrandz.com\/it\/"},{"@type":"ListItem","position":2,"name":"Shop","item":"https:\/\/coolbrandz.com\/shop\/"},{"@type":"ListItem","position":3,"name":"LAW Gin Ibiza London Dry 44% vol. 0,70 l"}]},{"@type":"WebSite","@id":"https:\/\/coolbrandz.com\/it\/#website","url":"https:\/\/coolbrandz.com\/it\/","name":"Coolbrandz","description":"Where cool people meet cool brands","publisher":{"@id":"https:\/\/coolbrandz.com\/it\/#organization"},"potentialAction":[{"@type":"SearchAction","target":{"@type":"EntryPoint","urlTemplate":"https:\/\/coolbrandz.com\/it\/?s={search_term_string}"},"query-input":{"@type":"PropertyValueSpecification","valueRequired":true,"valueName":"search_term_string"}}],"inLanguage":"it-IT"},{"@type":"Organization","@id":"https:\/\/coolbrandz.com\/it\/#organization","name":"Coolbrandz","alternateName":"coolbrandz.com","url":"https:\/\/coolbrandz.com\/it\/","logo":{"@type":"ImageObject","inLanguage":"it-IT","@id":"https:\/\/coolbrandz.com\/it\/#\/schema\/logo\/image\/","url":"http:\/\/coolbrandz.com\/wp-content\/uploads\/2023\/03\/logo_coolbrandz.png","contentUrl":"http:\/\/coolbrandz.com\/wp-content\/uploads\/2023\/03\/logo_coolbrandz.png","width":279,"height":150,"caption":"Coolbrandz"},"image":{"@id":"https:\/\/coolbrandz.com\/it\/#\/schema\/logo\/image\/"}}]}},"_links":{"self":[{"href":"https:\/\/coolbrandz.com\/it\/wp-json\/wp\/v2\/product\/76210","targetHints":{"allow":["GET"]}}],"collection":[{"href":"https:\/\/coolbrandz.com\/it\/wp-json\/wp\/v2\/product"}],"about":[{"href":"https:\/\/coolbrandz.com\/it\/wp-json\/wp\/v2\/types\/product"}],"wp:featuredmedia":[{"embeddable":true,"href":"https:\/\/coolbrandz.com\/it\/wp-json\/wp\/v2\/media\/76598"}],"wp:attachment":[{"href":"https:\/\/coolbrandz.com\/it\/wp-json\/wp\/v2\/media?parent=76210"}],"wp:term":[{"taxonomy":"product_brand","embeddable":true,"href":"https:\/\/coolbrandz.com\/it\/wp-json\/wp\/v2\/product_brand?post=76210"},{"taxonomy":"product_cat","embeddable":true,"href":"https:\/\/coolbrandz.com\/it\/wp-json\/wp\/v2\/product_cat?post=76210"},{"taxonomy":"product_tag","embeddable":true,"href":"https:\/\/coolbrandz.com\/it\/wp-json\/wp\/v2\/product_tag?post=76210"}],"curies":[{"name":"wp","href":"https:\/\/api.w.org\/{rel}","templated":true}]}}