{"id":77625,"date":"2022-06-08T14:05:28","date_gmt":"2022-06-08T12:05:29","guid":{"rendered":"https:\/\/coolbrandz.com\/?post_type=product&#038;p=77625"},"modified":"2022-06-11T23:12:18","modified_gmt":"2022-06-11T21:12:18","slug":"rawcat-superfood-bar-nocciola-lampone","status":"publish","type":"product","link":"https:\/\/coolbrandz.com\/it\/prodotto\/rawcat-superfood-bar-nocciola-lampone\/","title":{"rendered":"RAWCAT Superfood Bar Nocciola Lampone \u2013 Scatola da 15 barrette \u20ac 25,00"},"content":{"rendered":"<p>RAWCAT Superfood Nocciola Lampone &#8211; Senza glutine, vegano, senza latticini, senza OGM, senza zucchero, a base vegetale &#8211; Scatola da 15 barrette &#8211; EUR 25, consegna inclusa<\/p>\n<p><a href=\"https:\/\/rawcatbar.com\/?l=en\">RAWCAT \u00e8<\/a> specializzata nella produzione di prodotti sani e naturali. Le loro barrette funzionali sono costituite esclusivamente da ingredienti naturali come noci, frutta, bacche e super alimenti. Arricchito con vitamine, minerali e fibre. Esente da glutine, lattosio, zuccheri aggiunti, OGM, coloranti o conservanti. Le barrette RAWCAT combinano ottimo gusto, aspetto unico, prezzo accessibile e alta qualit\u00e0!<\/p>\n<p><strong>Composizione del prodotto<\/strong><\/p>\n<p>Nocciola<br \/>\nIncolla la data<br \/>\nAlbicocche<br \/>\nMirtilli<br \/>\nLamponi<\/p>\n<p><strong>Valori nutrizionali (52g)<\/strong><\/p>\n<p>Proteine: 4,2 g<br \/>\nGrasso: 8,0 g<br \/>\nCarboidrati: 13,5 g<br \/>\nFibre alimentari: 4,4 g<br \/>\nSale: 0,0 g<br \/>\nCalorie: 143\/601 kcal\/kJ<\/p>\n<p>&nbsp;<\/p>\n<p><strong>A proposito di RAWCAT<\/strong><\/p>\n<p>RAWCAT \u00e8 un giovane marchio di bar funzionali dall&#8217;Ucraina. La loro missione \u00e8 renderti pi\u00f9 felice e pi\u00f9 sano. I prodotti che creano sono costituiti esclusivamente da ingredienti naturali, come: noci, frutta, bacche, superfood. Le barrette RAWCAT sono arricchite con vitamine, minerali e fibre. Non troverai coloranti e conservanti in essi.<\/p>\n<p>RAWCAT presenta un packaging elegante e attraente, particolarmente interessante per i clienti B2B in quanto promuove le vendite presso i POS. Con la maschera per gatti e i vivaci colori al neon, le scatole RAWCAT attirano davvero l&#8217;attenzione. In Ucraina, la consegna \u00e8 gratuita; in Europa le spese di spedizione sono comodamente comprese nel prezzo di vendita di EUR 25.<\/p>\n<p>Le barre funzionali di RAWCAT non contengono stabilizzanti o conservanti e hanno una durata di 9 mesi. Possono essere comodamente conservati in un luogo asciutto al riparo dalla luce e non necessitano di refrigerazione.<\/p>\n<p>Le barrette RAWCAT sono caratterizzate da gusto ricco e formato conveniente. Sono uno spuntino completo e salutare. Particolarmente amato dalla nuova e moderna generazione, che predilige un&#8217;alimentazione pulita e cura della propria salute.<\/p>\n<p>Negli ultimi anni \u00e8 stata osservata una tendenza generale verso un&#8217;alimentazione pi\u00f9 sana e prodotti a base vegetale. Pertanto, come cliente aziendale, ha senso lavorare con un marchio come RAWCAT. Studi di yoga e fitness, caffetterie e take-away, minimarket o concept store possono trarre vantaggio dal proporre alla propria clientela una scelta di snack salutari.<\/p>\n","protected":false},"excerpt":{"rendered":"<p>RAWCAT Superfood Bar Nocciola Lampone: Senza Glutine, Vegan, Senza Latticini, No OGM, Senza Zucchero, Di Base Vegetale &#8211; \u2013 Scatola da 15 barrette \u20ac 25,00, Consegna Inclusa<\/p>\n<p>Prodotti sani e naturali. Le barrette funzionali RAWCAT sono costituite esclusivamente da ingredienti naturali come noci, frutta, bacche e superfood. Arricchito con vitamine, minerali e fibre. Esente da glutine, lattosio, zuccheri aggiunti, OGM, coloranti o conservanti. Le barrette RAWCAT combinano ottimo gusto, aspetto unico, prezzo accessibile e alta qualit\u00e0!<\/p>\n","protected":false},"featured_media":77630,"template":"","meta":{"_et_pb_use_builder":"","_et_pb_old_content":"","_et_gb_content_width":""},"product_brand":[],"product_cat":[149],"product_tag":[181,177,173],"class_list":{"0":"post-77625","1":"product","2":"type-product","3":"status-publish","4":"has-post-thumbnail","6":"product_cat-spuntini","7":"product_tag-nutrizione","8":"product_tag-sana","9":"product_tag-senzaglutine","11":"first","12":"instock","13":"purchasable","14":"product-type-simple"},"yoast_head":"<!-- This site is optimized with the Yoast SEO plugin v24.5 - https:\/\/yoast.com\/wordpress\/plugins\/seo\/ -->\n<title>RAWCAT Bar Nocciola Lampone<\/title>\n<meta name=\"description\" content=\"RAWCAT Bar Nocciola Lampone: Senza Glutine, Vegan, Senza Latticini, No OGM, Senza Zucchero, Di Base Vegetale - EUR 25, Consegna Incluse\" \/>\n<meta name=\"robots\" content=\"index, follow, max-snippet:-1, max-image-preview:large, max-video-preview:-1\" \/>\n<link rel=\"canonical\" href=\"https:\/\/coolbrandz.com\/it\/prodotto\/rawcat-superfood-bar-nocciola-lampone\/\" \/>\n<meta property=\"og:locale\" content=\"it_IT\" \/>\n<meta property=\"og:type\" content=\"article\" \/>\n<meta property=\"og:title\" content=\"RAWCAT Bar Nocciola Lampone\" \/>\n<meta property=\"og:description\" content=\"RAWCAT Bar Nocciola Lampone: Senza Glutine, Vegan, Senza Latticini, No OGM, Senza Zucchero, Di Base Vegetale - EUR 25, Consegna Incluse\" \/>\n<meta property=\"og:url\" content=\"https:\/\/coolbrandz.com\/it\/prodotto\/rawcat-superfood-bar-nocciola-lampone\/\" \/>\n<meta property=\"og:site_name\" content=\"Coolbrandz\" \/>\n<meta property=\"article:modified_time\" content=\"2022-06-11T21:12:18+00:00\" \/>\n<meta property=\"og:image\" content=\"https:\/\/coolbrandz.com\/wp-content\/uploads\/2022\/06\/RAWCAT-Bar-Hazlenut-Rapsberry.jpg\" \/>\n\t<meta property=\"og:image:width\" content=\"875\" \/>\n\t<meta property=\"og:image:height\" content=\"875\" \/>\n\t<meta property=\"og:image:type\" content=\"image\/jpeg\" \/>\n<meta name=\"twitter:card\" content=\"summary_large_image\" \/>\n<meta name=\"twitter:label1\" content=\"Tempo di lettura stimato\" \/>\n\t<meta name=\"twitter:data1\" content=\"2 minuti\" \/>\n<script type=\"application\/ld+json\" class=\"yoast-schema-graph\">{\"@context\":\"https:\/\/schema.org\",\"@graph\":[{\"@type\":\"WebPage\",\"@id\":\"https:\/\/coolbrandz.com\/it\/prodotto\/rawcat-superfood-bar-nocciola-lampone\/\",\"url\":\"https:\/\/coolbrandz.com\/it\/prodotto\/rawcat-superfood-bar-nocciola-lampone\/\",\"name\":\"RAWCAT Bar Nocciola Lampone\",\"isPartOf\":{\"@id\":\"https:\/\/coolbrandz.com\/it\/#website\"},\"primaryImageOfPage\":{\"@id\":\"https:\/\/coolbrandz.com\/it\/prodotto\/rawcat-superfood-bar-nocciola-lampone\/#primaryimage\"},\"image\":{\"@id\":\"https:\/\/coolbrandz.com\/it\/prodotto\/rawcat-superfood-bar-nocciola-lampone\/#primaryimage\"},\"thumbnailUrl\":\"https:\/\/coolbrandz.com\/wp-content\/uploads\/2022\/06\/RAWCAT-Bar-Hazlenut-Rapsberry.jpg\",\"datePublished\":\"2022-06-08T12:05:29+00:00\",\"dateModified\":\"2022-06-11T21:12:18+00:00\",\"description\":\"RAWCAT Bar Nocciola Lampone: Senza Glutine, Vegan, Senza Latticini, No OGM, Senza Zucchero, Di Base Vegetale - EUR 25, Consegna Incluse\",\"breadcrumb\":{\"@id\":\"https:\/\/coolbrandz.com\/it\/prodotto\/rawcat-superfood-bar-nocciola-lampone\/#breadcrumb\"},\"inLanguage\":\"it-IT\",\"potentialAction\":[{\"@type\":\"ReadAction\",\"target\":[\"https:\/\/coolbrandz.com\/it\/prodotto\/rawcat-superfood-bar-nocciola-lampone\/\"]}]},{\"@type\":\"ImageObject\",\"inLanguage\":\"it-IT\",\"@id\":\"https:\/\/coolbrandz.com\/it\/prodotto\/rawcat-superfood-bar-nocciola-lampone\/#primaryimage\",\"url\":\"https:\/\/coolbrandz.com\/wp-content\/uploads\/2022\/06\/RAWCAT-Bar-Hazlenut-Rapsberry.jpg\",\"contentUrl\":\"https:\/\/coolbrandz.com\/wp-content\/uploads\/2022\/06\/RAWCAT-Bar-Hazlenut-Rapsberry.jpg\",\"width\":875,\"height\":875,\"caption\":\"RAWCAT Bar Hazlenut Rapsberry\"},{\"@type\":\"BreadcrumbList\",\"@id\":\"https:\/\/coolbrandz.com\/it\/prodotto\/rawcat-superfood-bar-nocciola-lampone\/#breadcrumb\",\"itemListElement\":[{\"@type\":\"ListItem\",\"position\":1,\"name\":\"Home\",\"item\":\"https:\/\/coolbrandz.com\/it\/\"},{\"@type\":\"ListItem\",\"position\":2,\"name\":\"Shop\",\"item\":\"https:\/\/coolbrandz.com\/shop\/\"},{\"@type\":\"ListItem\",\"position\":3,\"name\":\"RAWCAT Superfood Bar Nocciola Lampone \u2013 Scatola da 15 barrette \u20ac 25,00\"}]},{\"@type\":\"WebSite\",\"@id\":\"https:\/\/coolbrandz.com\/it\/#website\",\"url\":\"https:\/\/coolbrandz.com\/it\/\",\"name\":\"Coolbrandz\",\"description\":\"Where cool people meet cool brands\",\"publisher\":{\"@id\":\"https:\/\/coolbrandz.com\/it\/#organization\"},\"potentialAction\":[{\"@type\":\"SearchAction\",\"target\":{\"@type\":\"EntryPoint\",\"urlTemplate\":\"https:\/\/coolbrandz.com\/it\/?s={search_term_string}\"},\"query-input\":{\"@type\":\"PropertyValueSpecification\",\"valueRequired\":true,\"valueName\":\"search_term_string\"}}],\"inLanguage\":\"it-IT\"},{\"@type\":\"Organization\",\"@id\":\"https:\/\/coolbrandz.com\/it\/#organization\",\"name\":\"Coolbrandz\",\"alternateName\":\"coolbrandz.com\",\"url\":\"https:\/\/coolbrandz.com\/it\/\",\"logo\":{\"@type\":\"ImageObject\",\"inLanguage\":\"it-IT\",\"@id\":\"https:\/\/coolbrandz.com\/it\/#\/schema\/logo\/image\/\",\"url\":\"http:\/\/coolbrandz.com\/wp-content\/uploads\/2023\/03\/logo_coolbrandz.png\",\"contentUrl\":\"http:\/\/coolbrandz.com\/wp-content\/uploads\/2023\/03\/logo_coolbrandz.png\",\"width\":279,\"height\":150,\"caption\":\"Coolbrandz\"},\"image\":{\"@id\":\"https:\/\/coolbrandz.com\/it\/#\/schema\/logo\/image\/\"}}]}<\/script>\n<!-- \/ Yoast SEO plugin. -->","yoast_head_json":{"title":"RAWCAT Bar Nocciola Lampone","description":"RAWCAT Bar Nocciola Lampone: Senza Glutine, Vegan, Senza Latticini, No OGM, Senza Zucchero, Di Base Vegetale - EUR 25, Consegna Incluse","robots":{"index":"index","follow":"follow","max-snippet":"max-snippet:-1","max-image-preview":"max-image-preview:large","max-video-preview":"max-video-preview:-1"},"canonical":"https:\/\/coolbrandz.com\/it\/prodotto\/rawcat-superfood-bar-nocciola-lampone\/","og_locale":"it_IT","og_type":"article","og_title":"RAWCAT Bar Nocciola Lampone","og_description":"RAWCAT Bar Nocciola Lampone: Senza Glutine, Vegan, Senza Latticini, No OGM, Senza Zucchero, Di Base Vegetale - EUR 25, Consegna Incluse","og_url":"https:\/\/coolbrandz.com\/it\/prodotto\/rawcat-superfood-bar-nocciola-lampone\/","og_site_name":"Coolbrandz","article_modified_time":"2022-06-11T21:12:18+00:00","og_image":[{"width":875,"height":875,"url":"https:\/\/coolbrandz.com\/wp-content\/uploads\/2022\/06\/RAWCAT-Bar-Hazlenut-Rapsberry.jpg","type":"image\/jpeg"}],"twitter_card":"summary_large_image","twitter_misc":{"Tempo di lettura stimato":"2 minuti"},"schema":{"@context":"https:\/\/schema.org","@graph":[{"@type":"WebPage","@id":"https:\/\/coolbrandz.com\/it\/prodotto\/rawcat-superfood-bar-nocciola-lampone\/","url":"https:\/\/coolbrandz.com\/it\/prodotto\/rawcat-superfood-bar-nocciola-lampone\/","name":"RAWCAT Bar Nocciola Lampone","isPartOf":{"@id":"https:\/\/coolbrandz.com\/it\/#website"},"primaryImageOfPage":{"@id":"https:\/\/coolbrandz.com\/it\/prodotto\/rawcat-superfood-bar-nocciola-lampone\/#primaryimage"},"image":{"@id":"https:\/\/coolbrandz.com\/it\/prodotto\/rawcat-superfood-bar-nocciola-lampone\/#primaryimage"},"thumbnailUrl":"https:\/\/coolbrandz.com\/wp-content\/uploads\/2022\/06\/RAWCAT-Bar-Hazlenut-Rapsberry.jpg","datePublished":"2022-06-08T12:05:29+00:00","dateModified":"2022-06-11T21:12:18+00:00","description":"RAWCAT Bar Nocciola Lampone: Senza Glutine, Vegan, Senza Latticini, No OGM, Senza Zucchero, Di Base Vegetale - EUR 25, Consegna Incluse","breadcrumb":{"@id":"https:\/\/coolbrandz.com\/it\/prodotto\/rawcat-superfood-bar-nocciola-lampone\/#breadcrumb"},"inLanguage":"it-IT","potentialAction":[{"@type":"ReadAction","target":["https:\/\/coolbrandz.com\/it\/prodotto\/rawcat-superfood-bar-nocciola-lampone\/"]}]},{"@type":"ImageObject","inLanguage":"it-IT","@id":"https:\/\/coolbrandz.com\/it\/prodotto\/rawcat-superfood-bar-nocciola-lampone\/#primaryimage","url":"https:\/\/coolbrandz.com\/wp-content\/uploads\/2022\/06\/RAWCAT-Bar-Hazlenut-Rapsberry.jpg","contentUrl":"https:\/\/coolbrandz.com\/wp-content\/uploads\/2022\/06\/RAWCAT-Bar-Hazlenut-Rapsberry.jpg","width":875,"height":875,"caption":"RAWCAT Bar Hazlenut Rapsberry"},{"@type":"BreadcrumbList","@id":"https:\/\/coolbrandz.com\/it\/prodotto\/rawcat-superfood-bar-nocciola-lampone\/#breadcrumb","itemListElement":[{"@type":"ListItem","position":1,"name":"Home","item":"https:\/\/coolbrandz.com\/it\/"},{"@type":"ListItem","position":2,"name":"Shop","item":"https:\/\/coolbrandz.com\/shop\/"},{"@type":"ListItem","position":3,"name":"RAWCAT Superfood Bar Nocciola Lampone \u2013 Scatola da 15 barrette \u20ac 25,00"}]},{"@type":"WebSite","@id":"https:\/\/coolbrandz.com\/it\/#website","url":"https:\/\/coolbrandz.com\/it\/","name":"Coolbrandz","description":"Where cool people meet cool brands","publisher":{"@id":"https:\/\/coolbrandz.com\/it\/#organization"},"potentialAction":[{"@type":"SearchAction","target":{"@type":"EntryPoint","urlTemplate":"https:\/\/coolbrandz.com\/it\/?s={search_term_string}"},"query-input":{"@type":"PropertyValueSpecification","valueRequired":true,"valueName":"search_term_string"}}],"inLanguage":"it-IT"},{"@type":"Organization","@id":"https:\/\/coolbrandz.com\/it\/#organization","name":"Coolbrandz","alternateName":"coolbrandz.com","url":"https:\/\/coolbrandz.com\/it\/","logo":{"@type":"ImageObject","inLanguage":"it-IT","@id":"https:\/\/coolbrandz.com\/it\/#\/schema\/logo\/image\/","url":"http:\/\/coolbrandz.com\/wp-content\/uploads\/2023\/03\/logo_coolbrandz.png","contentUrl":"http:\/\/coolbrandz.com\/wp-content\/uploads\/2023\/03\/logo_coolbrandz.png","width":279,"height":150,"caption":"Coolbrandz"},"image":{"@id":"https:\/\/coolbrandz.com\/it\/#\/schema\/logo\/image\/"}}]}},"_links":{"self":[{"href":"https:\/\/coolbrandz.com\/it\/wp-json\/wp\/v2\/product\/77625","targetHints":{"allow":["GET"]}}],"collection":[{"href":"https:\/\/coolbrandz.com\/it\/wp-json\/wp\/v2\/product"}],"about":[{"href":"https:\/\/coolbrandz.com\/it\/wp-json\/wp\/v2\/types\/product"}],"wp:featuredmedia":[{"embeddable":true,"href":"https:\/\/coolbrandz.com\/it\/wp-json\/wp\/v2\/media\/77630"}],"wp:attachment":[{"href":"https:\/\/coolbrandz.com\/it\/wp-json\/wp\/v2\/media?parent=77625"}],"wp:term":[{"taxonomy":"product_brand","embeddable":true,"href":"https:\/\/coolbrandz.com\/it\/wp-json\/wp\/v2\/product_brand?post=77625"},{"taxonomy":"product_cat","embeddable":true,"href":"https:\/\/coolbrandz.com\/it\/wp-json\/wp\/v2\/product_cat?post=77625"},{"taxonomy":"product_tag","embeddable":true,"href":"https:\/\/coolbrandz.com\/it\/wp-json\/wp\/v2\/product_tag?post=77625"}],"curies":[{"name":"wp","href":"https:\/\/api.w.org\/{rel}","templated":true}]}}